{"id":1286,"date":"2022-04-07T19:03:16","date_gmt":"2022-04-07T16:03:16","guid":{"rendered":"https:\/\/dooraykapi.com\/enerji-odasi-kapisi\/"},"modified":"2022-11-08T17:31:42","modified_gmt":"2022-11-08T14:31:42","slug":"enerji-odasi-kapisi","status":"publish","type":"page","link":"https:\/\/dooraykapi.com\/ar\/enerji-odasi-kapisi\/","title":{"rendered":"\u063a\u0631\u0641\u0629 \u0627\u0644\u0637\u0627\u0642\u0629"},"content":{"rendered":"\n<p><p><img decoding=\"async\" src=\"https:\/\/dooraykapi.com\/wp-content\/uploads\/enerji-kapisi-2.png\" alt=\"\"><br>full<br>127<br><br><\/p><h2>Enerji Oda Kap\u0131lar\u0131<\/h2>\r<br>\r<br>\r<br>       Yang\u0131na dayan\u0131ml\u0131 kap\u0131lar\u0131n di\u011fer bir kullan\u0131m alanlar\u0131 enerji oda kap\u0131lar\u0131 olarak kullan\u0131lmaktad\u0131r.Enerji odas\u0131 kap\u0131lar\u0131 yang\u0131na dayan\u0131m sa\u011flarken ayn\u0131 zamanda alt veya \u00fcst menfezleri ile i\u00e7erde hava ak\u0131m\u0131n\u0131n sa\u011fl\u0131kl\u0131 dola\u015f\u0131m\u0131n\u0131 sa\u011flar. Emniyet a\u00e7\u0131s\u0131ndan kilit kol ile birlikte kullan\u0131labilmektedir. Ayr\u0131ca TSE ve yang\u0131na dayan\u0131kl\u0131l\u0131k sertifikalar\u0131da bulunmaktad\u0131r. \u00c7ift kanatl\u0131 ve \u00e7ift menfezli olarakta \u00fcretilebilmektedir.\r<br>\r<br>&nbsp;<br>no-repeat;left top;;<br>auto<br><br><h3>Yang\u0131na Dayan\u0131ml\u0131 Enerji Odas\u0131 Kap\u0131s\u0131 Nas\u0131l Olmal\u0131?<\/h3>\r<br>\r<br>&nbsp; Elektrik odas\u0131, bir enerji odas\u0131 olarak ak\u0131m hatlar\u0131, elektrik saya\u00e7lar\u0131 ve kablo hatlar\u0131n\u0131n ge\u00e7ti\u011fi aland\u0131r. Bu tip enerji odalar\u0131nda enerji odas\u0131 mevzuat noktalar\u0131nda g\u00f6re kap\u0131 uygulamas\u0131 yap\u0131l\u0131r. Bu kap\u0131lar \u00f6zel malzemeler ile se\u00e7ilerek her metal k\u0131sm\u0131 ayr\u0131 ayr\u0131 topraklanarak kullan\u0131l\u0131r.<br>no-repeat;left top;;<br>auto<br><br>&nbsp; Kap\u0131lar \u00f6zel olarak enerji odas\u0131 boyutlar\u0131na ve pano boyutlar\u0131na g\u00f6re haz\u0131rlan\u0131r. Bu kap\u0131larda mutlak bir \u015fekilde tehlike i\u015fareti yer almas\u0131 zorunludur. Ayr\u0131ca kap\u0131lar\u0131n d\u0131\u015far\u0131ya do\u011fru a\u00e7\u0131lacak \u015fekilde tasarlanmas\u0131 gerekir. Kap\u0131larda alan uygunlu\u011funa g\u00f6re <a href=\"https:\/\/dooraykapi.com\/tek-kanat-yangin-kapisi-2\/\">tek kanat<\/a> veya <a href=\"https:\/\/dooraykapi.com\/cift-kanat-yangin-kapisi-2\/\">\u00e7ift kanat<\/a> kullan\u0131labilir. Kap\u0131 tam g\u00fcvenlikli bir \u015fekilde anahtar ile kilitlenebilmelidir. Ayr\u0131ca bu anahtar bina y\u00f6neticisi ve g\u00f6revlilerinde mutlaka bulunmal\u0131d\u0131r. Acil m\u00fcdahalelerde kilide mutlaka h\u0131zla ula\u015f\u0131lmas\u0131 \u00f6nemlidir.<br>no-repeat;left top;;<br>auto<br><br><h3>Enerji Oda Kap\u0131lar\u0131<\/h3>\r<br>\r<br>&nbsp;Bir yap\u0131da b\u00fcy\u00fck riskleri \u00f6nlerken, enerji odas\u0131 ne demek sorusu da \u00f6nemli bir\r<br>konudur. K\u0131sacas\u0131 enerji odas\u0131; 3 kat \u00fcst\u00fc yap\u0131larda enerji hatlar\u0131n\u0131n yer\r<br>alaca\u011f\u0131 ayr\u0131lm\u0131\u015f odad\u0131r. Bu odada elektrik \u015faft\u0131 y\u00f6netmeli\u011fi gibi esaslar\r<br>\u00e7er\u00e7evesinde uygulamalar yap\u0131labilir.<br>no-repeat;left top;;<br>auto<br><br><img decoding=\"async\" src=\"https:\/\/dooraykapi.com\/wp-content\/uploads\/enerji-kapisi-1.jpg\" alt=\"\"><br>full<br><br><\/p>\n","protected":false},"excerpt":{"rendered":"<p>full127 Enerji Oda Kap\u0131lar\u0131 Yang\u0131na dayan\u0131ml\u0131 kap\u0131lar\u0131n di\u011fer bir kullan\u0131m alanlar\u0131 enerji oda kap\u0131lar\u0131 olarak kullan\u0131lmaktad\u0131r.Enerji odas\u0131 kap\u0131lar\u0131 yang\u0131na dayan\u0131m sa\u011flarken ayn\u0131 zamanda alt veya \u00fcst<span class=\"excerpt-hellip\"> [\u2026]<\/span><\/p>\n","protected":false},"author":1,"featured_media":0,"parent":0,"menu_order":0,"comment_status":"closed","ping_status":"closed","template":"","meta":{"_joinchat":[],"footnotes":""},"class_list":["post-1286","page","type-page","status-publish","hentry"],"yoast_head":"<!-- This site is optimized with the Yoast SEO Premium plugin v25.2 (Yoast SEO v26.6) - https:\/\/yoast.com\/wordpress\/plugins\/seo\/ -->\n<title>Dooray Yang\u0131n ve Metal Kap\u0131 Sistemleri | Enerji Oda Kap\u0131s\u0131<\/title>\n<meta name=\"description\" content=\"Yang\u0131na dayan\u0131ml\u0131 enerji oda kap\u0131lar\u0131 olarak kullan\u0131lmaktad\u0131r. Alt veya \u00fcst menfezleri ile i\u00e7erde hava ak\u0131m\u0131n\u0131n sa\u011fl\u0131kl\u0131 dola\u015f\u0131m\u0131n\u0131 sa\u011flar.\" \/>\n<meta name=\"robots\" content=\"index, follow, max-snippet:-1, max-image-preview:large, max-video-preview:-1\" \/>\n<link rel=\"canonical\" href=\"https:\/\/dooraykapi.com\/ar\/enerji-odasi-kapisi\/\" \/>\n<meta property=\"og:locale\" content=\"ar_AR\" \/>\n<meta property=\"og:type\" content=\"article\" \/>\n<meta property=\"og:title\" content=\"\u063a\u0631\u0641\u0629 \u0627\u0644\u0637\u0627\u0642\u0629\" \/>\n<meta property=\"og:description\" content=\"Yang\u0131na dayan\u0131ml\u0131 enerji oda kap\u0131lar\u0131 olarak kullan\u0131lmaktad\u0131r. Alt veya \u00fcst menfezleri ile i\u00e7erde hava ak\u0131m\u0131n\u0131n sa\u011fl\u0131kl\u0131 dola\u015f\u0131m\u0131n\u0131 sa\u011flar.\" \/>\n<meta property=\"og:url\" content=\"https:\/\/dooraykapi.com\/ar\/enerji-odasi-kapisi\/\" \/>\n<meta property=\"og:site_name\" content=\"Dooray Kap\u0131\" \/>\n<meta property=\"article:publisher\" content=\"https:\/\/facebook.com\/dooraykapi\" \/>\n<meta property=\"article:modified_time\" content=\"2022-11-08T14:31:42+00:00\" \/>\n<meta property=\"og:image\" content=\"https:\/\/dooraykapi.com\/wp-content\/uploads\/enerji-kapisi-2.png\" \/>\n<meta name=\"twitter:card\" content=\"summary_large_image\" \/>\n<meta name=\"twitter:label1\" content=\"Est. reading time\" \/>\n\t<meta name=\"twitter:data1\" content=\"2 minutes\" \/>\n<script type=\"application\/ld+json\" class=\"yoast-schema-graph\">{\"@context\":\"https:\/\/schema.org\",\"@graph\":[{\"@type\":\"WebPage\",\"@id\":\"https:\/\/dooraykapi.com\/ar\/enerji-odasi-kapisi\/\",\"url\":\"https:\/\/dooraykapi.com\/ar\/enerji-odasi-kapisi\/\",\"name\":\"Dooray Yang\u0131n ve Metal Kap\u0131 Sistemleri | Enerji Oda Kap\u0131s\u0131\",\"isPartOf\":{\"@id\":\"https:\/\/dooraykapi.com\/#website\"},\"primaryImageOfPage\":{\"@id\":\"https:\/\/dooraykapi.com\/ar\/enerji-odasi-kapisi\/#primaryimage\"},\"image\":{\"@id\":\"https:\/\/dooraykapi.com\/ar\/enerji-odasi-kapisi\/#primaryimage\"},\"thumbnailUrl\":\"https:\/\/dooraykapi.com\/wp-content\/uploads\/enerji-kapisi-2.png\",\"datePublished\":\"2022-04-07T16:03:16+00:00\",\"dateModified\":\"2022-11-08T14:31:42+00:00\",\"description\":\"Yang\u0131na dayan\u0131ml\u0131 enerji oda kap\u0131lar\u0131 olarak kullan\u0131lmaktad\u0131r. Alt veya \u00fcst menfezleri ile i\u00e7erde hava ak\u0131m\u0131n\u0131n sa\u011fl\u0131kl\u0131 dola\u015f\u0131m\u0131n\u0131 sa\u011flar.\",\"breadcrumb\":{\"@id\":\"https:\/\/dooraykapi.com\/ar\/enerji-odasi-kapisi\/#breadcrumb\"},\"inLanguage\":\"ar\",\"potentialAction\":[{\"@type\":\"ReadAction\",\"target\":[\"https:\/\/dooraykapi.com\/ar\/enerji-odasi-kapisi\/\"]}]},{\"@type\":\"ImageObject\",\"inLanguage\":\"ar\",\"@id\":\"https:\/\/dooraykapi.com\/ar\/enerji-odasi-kapisi\/#primaryimage\",\"url\":\"https:\/\/dooraykapi.com\/wp-content\/uploads\/enerji-kapisi-2.png\",\"contentUrl\":\"https:\/\/dooraykapi.com\/wp-content\/uploads\/enerji-kapisi-2.png\"},{\"@type\":\"BreadcrumbList\",\"@id\":\"https:\/\/dooraykapi.com\/ar\/enerji-odasi-kapisi\/#breadcrumb\",\"itemListElement\":[{\"@type\":\"ListItem\",\"position\":1,\"name\":\"Anasayfa\",\"item\":\"https:\/\/dooraykapi.com\/ar\/\"},{\"@type\":\"ListItem\",\"position\":2,\"name\":\"\u063a\u0631\u0641\u0629 \u0627\u0644\u0637\u0627\u0642\u0629\"}]},{\"@type\":\"WebSite\",\"@id\":\"https:\/\/dooraykapi.com\/#website\",\"url\":\"https:\/\/dooraykapi.com\/\",\"name\":\"Dooray Kap\u0131\",\"description\":\"\u015eehrin Sa\u011flam Kap\u0131s\u0131\",\"publisher\":{\"@id\":\"https:\/\/dooraykapi.com\/#organization\"},\"potentialAction\":[{\"@type\":\"SearchAction\",\"target\":{\"@type\":\"EntryPoint\",\"urlTemplate\":\"https:\/\/dooraykapi.com\/?s={search_term_string}\"},\"query-input\":{\"@type\":\"PropertyValueSpecification\",\"valueRequired\":true,\"valueName\":\"search_term_string\"}}],\"inLanguage\":\"ar\"},{\"@type\":\"Organization\",\"@id\":\"https:\/\/dooraykapi.com\/#organization\",\"name\":\"Dooray Kap\u0131\",\"url\":\"https:\/\/dooraykapi.com\/\",\"logo\":{\"@type\":\"ImageObject\",\"inLanguage\":\"ar\",\"@id\":\"https:\/\/dooraykapi.com\/#\/schema\/logo\/image\/\",\"url\":\"https:\/\/dooraykapi.com\/wp-content\/uploads\/Dooray-Kapi-Logo-logoson-kopyasi.png\",\"contentUrl\":\"https:\/\/dooraykapi.com\/wp-content\/uploads\/Dooray-Kapi-Logo-logoson-kopyasi.png\",\"width\":3253,\"height\":731,\"caption\":\"Dooray Kap\u0131\"},\"image\":{\"@id\":\"https:\/\/dooraykapi.com\/#\/schema\/logo\/image\/\"},\"sameAs\":[\"https:\/\/facebook.com\/dooraykapi\"]}]}<\/script>\n<!-- \/ Yoast SEO Premium plugin. -->","yoast_head_json":{"title":"Dooray Yang\u0131n ve Metal Kap\u0131 Sistemleri | Enerji Oda Kap\u0131s\u0131","description":"Yang\u0131na dayan\u0131ml\u0131 enerji oda kap\u0131lar\u0131 olarak kullan\u0131lmaktad\u0131r. Alt veya \u00fcst menfezleri ile i\u00e7erde hava ak\u0131m\u0131n\u0131n sa\u011fl\u0131kl\u0131 dola\u015f\u0131m\u0131n\u0131 sa\u011flar.","robots":{"index":"index","follow":"follow","max-snippet":"max-snippet:-1","max-image-preview":"max-image-preview:large","max-video-preview":"max-video-preview:-1"},"canonical":"https:\/\/dooraykapi.com\/ar\/enerji-odasi-kapisi\/","og_locale":"ar_AR","og_type":"article","og_title":"\u063a\u0631\u0641\u0629 \u0627\u0644\u0637\u0627\u0642\u0629","og_description":"Yang\u0131na dayan\u0131ml\u0131 enerji oda kap\u0131lar\u0131 olarak kullan\u0131lmaktad\u0131r. Alt veya \u00fcst menfezleri ile i\u00e7erde hava ak\u0131m\u0131n\u0131n sa\u011fl\u0131kl\u0131 dola\u015f\u0131m\u0131n\u0131 sa\u011flar.","og_url":"https:\/\/dooraykapi.com\/ar\/enerji-odasi-kapisi\/","og_site_name":"Dooray Kap\u0131","article_publisher":"https:\/\/facebook.com\/dooraykapi","article_modified_time":"2022-11-08T14:31:42+00:00","og_image":[{"url":"https:\/\/dooraykapi.com\/wp-content\/uploads\/enerji-kapisi-2.png","type":"","width":"","height":""}],"twitter_card":"summary_large_image","twitter_misc":{"Est. reading time":"2 minutes"},"schema":{"@context":"https:\/\/schema.org","@graph":[{"@type":"WebPage","@id":"https:\/\/dooraykapi.com\/ar\/enerji-odasi-kapisi\/","url":"https:\/\/dooraykapi.com\/ar\/enerji-odasi-kapisi\/","name":"Dooray Yang\u0131n ve Metal Kap\u0131 Sistemleri | Enerji Oda Kap\u0131s\u0131","isPartOf":{"@id":"https:\/\/dooraykapi.com\/#website"},"primaryImageOfPage":{"@id":"https:\/\/dooraykapi.com\/ar\/enerji-odasi-kapisi\/#primaryimage"},"image":{"@id":"https:\/\/dooraykapi.com\/ar\/enerji-odasi-kapisi\/#primaryimage"},"thumbnailUrl":"https:\/\/dooraykapi.com\/wp-content\/uploads\/enerji-kapisi-2.png","datePublished":"2022-04-07T16:03:16+00:00","dateModified":"2022-11-08T14:31:42+00:00","description":"Yang\u0131na dayan\u0131ml\u0131 enerji oda kap\u0131lar\u0131 olarak kullan\u0131lmaktad\u0131r. Alt veya \u00fcst menfezleri ile i\u00e7erde hava ak\u0131m\u0131n\u0131n sa\u011fl\u0131kl\u0131 dola\u015f\u0131m\u0131n\u0131 sa\u011flar.","breadcrumb":{"@id":"https:\/\/dooraykapi.com\/ar\/enerji-odasi-kapisi\/#breadcrumb"},"inLanguage":"ar","potentialAction":[{"@type":"ReadAction","target":["https:\/\/dooraykapi.com\/ar\/enerji-odasi-kapisi\/"]}]},{"@type":"ImageObject","inLanguage":"ar","@id":"https:\/\/dooraykapi.com\/ar\/enerji-odasi-kapisi\/#primaryimage","url":"https:\/\/dooraykapi.com\/wp-content\/uploads\/enerji-kapisi-2.png","contentUrl":"https:\/\/dooraykapi.com\/wp-content\/uploads\/enerji-kapisi-2.png"},{"@type":"BreadcrumbList","@id":"https:\/\/dooraykapi.com\/ar\/enerji-odasi-kapisi\/#breadcrumb","itemListElement":[{"@type":"ListItem","position":1,"name":"Anasayfa","item":"https:\/\/dooraykapi.com\/ar\/"},{"@type":"ListItem","position":2,"name":"\u063a\u0631\u0641\u0629 \u0627\u0644\u0637\u0627\u0642\u0629"}]},{"@type":"WebSite","@id":"https:\/\/dooraykapi.com\/#website","url":"https:\/\/dooraykapi.com\/","name":"Dooray Kap\u0131","description":"\u015eehrin Sa\u011flam Kap\u0131s\u0131","publisher":{"@id":"https:\/\/dooraykapi.com\/#organization"},"potentialAction":[{"@type":"SearchAction","target":{"@type":"EntryPoint","urlTemplate":"https:\/\/dooraykapi.com\/?s={search_term_string}"},"query-input":{"@type":"PropertyValueSpecification","valueRequired":true,"valueName":"search_term_string"}}],"inLanguage":"ar"},{"@type":"Organization","@id":"https:\/\/dooraykapi.com\/#organization","name":"Dooray Kap\u0131","url":"https:\/\/dooraykapi.com\/","logo":{"@type":"ImageObject","inLanguage":"ar","@id":"https:\/\/dooraykapi.com\/#\/schema\/logo\/image\/","url":"https:\/\/dooraykapi.com\/wp-content\/uploads\/Dooray-Kapi-Logo-logoson-kopyasi.png","contentUrl":"https:\/\/dooraykapi.com\/wp-content\/uploads\/Dooray-Kapi-Logo-logoson-kopyasi.png","width":3253,"height":731,"caption":"Dooray Kap\u0131"},"image":{"@id":"https:\/\/dooraykapi.com\/#\/schema\/logo\/image\/"},"sameAs":["https:\/\/facebook.com\/dooraykapi"]}]}},"_links":{"self":[{"href":"https:\/\/dooraykapi.com\/ar\/wp-json\/wp\/v2\/pages\/1286","targetHints":{"allow":["GET"]}}],"collection":[{"href":"https:\/\/dooraykapi.com\/ar\/wp-json\/wp\/v2\/pages"}],"about":[{"href":"https:\/\/dooraykapi.com\/ar\/wp-json\/wp\/v2\/types\/page"}],"author":[{"embeddable":true,"href":"https:\/\/dooraykapi.com\/ar\/wp-json\/wp\/v2\/users\/1"}],"replies":[{"embeddable":true,"href":"https:\/\/dooraykapi.com\/ar\/wp-json\/wp\/v2\/comments?post=1286"}],"version-history":[{"count":0,"href":"https:\/\/dooraykapi.com\/ar\/wp-json\/wp\/v2\/pages\/1286\/revisions"}],"wp:attachment":[{"href":"https:\/\/dooraykapi.com\/ar\/wp-json\/wp\/v2\/media?parent=1286"}],"curies":[{"name":"wp","href":"https:\/\/api.w.org\/{rel}","templated":true}]}}