{"id":1300,"date":"2020-04-30T09:03:09","date_gmt":"2020-04-30T06:03:09","guid":{"rendered":"https:\/\/dooraykapi.com\/iletisim\/"},"modified":"2023-08-15T12:04:46","modified_gmt":"2023-08-15T09:04:46","slug":"iletisim","status":"publish","type":"page","link":"https:\/\/dooraykapi.com\/ar\/iletisim\/","title":{"rendered":"\u0130leti\u015fim"},"content":{"rendered":"\r\n<p><span class=\"highlight highlight-\" style=\"background-color:#009fe3;color:#fff;\">TELEFON<\/span>\n <br \/><br \/><div class=\"image_frame image_item no_link scale-with-grid element_classes no_border mfn-img-box\" style=\"margin-top:30px;margin-bottom:30px;\"><div class=\"image_wrapper \"><img decoding=\"async\" width=\"96\" height=\"96\" src=\"https:\/\/dooraykapi.com\/wp-content\/uploads\/2020\/04\/fb-contact-icon-1.png\" class=\"scale-with-grid\" alt=\"\" style=\"\" srcset=\"https:\/\/dooraykapi.com\/wp-content\/uploads\/2020\/04\/fb-contact-icon-1.png 96w, https:\/\/dooraykapi.com\/wp-content\/uploads\/2020\/04\/fb-contact-icon-1-50x50.png 50w, https:\/\/dooraykapi.com\/wp-content\/uploads\/2020\/04\/fb-contact-icon-1-75x75.png 75w, https:\/\/dooraykapi.com\/wp-content\/uploads\/2020\/04\/fb-contact-icon-1-85x85.png 85w, https:\/\/dooraykapi.com\/wp-content\/uploads\/2020\/04\/fb-contact-icon-1-80x80.png 80w\" sizes=\"(max-width:767px) 96px, 96px\" \/><\/div><\/div>\n <br \/><br \/><\/p>\r\n<h6><br \/>B\u0130Z\u0130 ARAYIN <br \/><br \/><a href=\"tel:+905331432457\">+90 533 143 24 57<\/a> <br \/>0532 764 2409 <br \/><a href=\"tel:4449895\">444 9 895<\/a><\/h6>\r\n<p><br \/>center<br \/>no-repeat;left top;;<br \/>auto<br \/><br \/><span class=\"highlight highlight-\" style=\"background-color:#009fe3;color:#fff;\">E-MAIL<\/span>\n <br \/><br \/><div class=\"image_frame image_item no_link scale-with-grid element_classes no_border mfn-img-box\" style=\"margin-top:30px;margin-bottom:30px;\"><div class=\"image_wrapper \"><img decoding=\"async\" width=\"96\" height=\"96\" src=\"https:\/\/dooraykapi.com\/wp-content\/uploads\/2020\/04\/fb-contact-icon-2.png\" class=\"scale-with-grid\" alt=\"\" style=\"\" srcset=\"https:\/\/dooraykapi.com\/wp-content\/uploads\/2020\/04\/fb-contact-icon-2.png 96w, https:\/\/dooraykapi.com\/wp-content\/uploads\/2020\/04\/fb-contact-icon-2-50x50.png 50w, https:\/\/dooraykapi.com\/wp-content\/uploads\/2020\/04\/fb-contact-icon-2-75x75.png 75w, https:\/\/dooraykapi.com\/wp-content\/uploads\/2020\/04\/fb-contact-icon-2-85x85.png 85w, https:\/\/dooraykapi.com\/wp-content\/uploads\/2020\/04\/fb-contact-icon-2-80x80.png 80w\" sizes=\"(max-width:767px) 96px, 96px\" \/><\/div><\/div>\n <br \/><br \/><\/p>\r\n<h6><br \/><br \/><br \/>info@dooraykapi.com dooraykapi@gmail.com <\/h6>\r\n<p><br \/>center<br \/>no-repeat;left top;;<br \/>auto<br \/><br \/><span class=\"highlight highlight-\" style=\"background-color:#009fe3;color:#fff;\">ADRES<\/span>\n <br \/><br \/><div class=\"image_frame image_item no_link scale-with-grid element_classes no_border mfn-img-box\" style=\"margin-top:30px;margin-bottom:30px;\"><div class=\"image_wrapper \"><img decoding=\"async\" width=\"96\" height=\"96\" src=\"https:\/\/dooraykapi.com\/wp-content\/uploads\/2020\/04\/fb-contact-icon-3.png\" class=\"scale-with-grid\" alt=\"\" style=\"\" srcset=\"https:\/\/dooraykapi.com\/wp-content\/uploads\/2020\/04\/fb-contact-icon-3.png 96w, https:\/\/dooraykapi.com\/wp-content\/uploads\/2020\/04\/fb-contact-icon-3-50x50.png 50w, https:\/\/dooraykapi.com\/wp-content\/uploads\/2020\/04\/fb-contact-icon-3-75x75.png 75w, https:\/\/dooraykapi.com\/wp-content\/uploads\/2020\/04\/fb-contact-icon-3-85x85.png 85w, https:\/\/dooraykapi.com\/wp-content\/uploads\/2020\/04\/fb-contact-icon-3-80x80.png 80w\" sizes=\"(max-width:767px) 96px, 96px\" \/><\/div><\/div>\n <br \/><br \/><\/p>\r\n<h6><br \/>A.Gazi Mah. Atayolu Cad., <br \/>No:85\/A PK:34887 <br \/>Sancaktepe \/ \u0130stanbul <\/h6>\r\n<p><br \/>center<br \/>no-repeat;left top;;<br \/>auto<br \/><br \/>default<br \/>default<br \/>#009fe3<br \/><br \/>default<br \/>default<br \/>#009fe3<br \/><br \/><\/p>\r\n<h1>B\u0130ZE ULA\u015eIN<\/h1>\r\n<p><br \/><hr class=\"no_line\" style=\"margin: 0 auto 40px auto\"\/>\n<br \/>center<br \/>center<br \/>#ffffff<br \/>no-repeat;left top;;<br \/>auto<br \/><br \/>[ninja_form id=1]<br \/>no-repeat;left top;;<br \/>auto<br \/><br \/><br \/>no-repeat;left top;;<br \/>auto<br \/><br \/>SEE ALL <span class=\"counter-inline animate-math\"><span class=\"number\" data-to=\"123\" >123<\/span><\/span><br \/>center<br \/>center<br \/>no-repeat;left top;;<br \/>auto<br \/><br \/>default<br \/>default<br \/>#e8e8e9<br \/><br \/>default<br \/>default<br \/>#e8e8e9<br \/><br \/><a class=\"button  button_size_2\" href=\"https:\/\/dooraykapi.com\/urunler\/\"         title=\"\"><span class=\"button_label\">B\u00dcT\u00dcN \u00dcR\u00dcNLER\u0130 G\u00d6R\u00dcNT\u00dcLE<\/span><\/a>\n<br \/>right<br \/>center<br \/>no-repeat;left top;;<br \/>auto<br \/><br \/><\/p>\r\n","protected":false},"excerpt":{"rendered":"<p>B\u0130Z\u0130 ARAYIN +90 533 143 24 57 0532 764 2409 444 9 895 centerno-repeat;left top;;auto info@dooraykapi.com dooraykapi@gmail.com centerno-repeat;left top;;auto A.Gazi Mah. Atayolu Cad., No:85\/A PK:34887 Sancaktepe<span class=\"excerpt-hellip\"> [\u2026]<\/span><\/p>\n","protected":false},"author":1,"featured_media":0,"parent":0,"menu_order":0,"comment_status":"closed","ping_status":"closed","template":"","meta":{"_joinchat":[],"footnotes":""},"class_list":["post-1300","page","type-page","status-publish","hentry"],"yoast_head":"<!-- This site is optimized with the Yoast SEO Premium plugin v25.2 (Yoast SEO v26.6) - https:\/\/yoast.com\/wordpress\/plugins\/seo\/ -->\n<title>\u0130leti\u015fim - Dooray Kap\u0131<\/title>\n<meta name=\"robots\" content=\"index, follow, max-snippet:-1, max-image-preview:large, max-video-preview:-1\" \/>\n<link rel=\"canonical\" href=\"https:\/\/dooraykapi.com\/ar\/iletisim\/\" \/>\n<meta property=\"og:locale\" content=\"ar_AR\" \/>\n<meta property=\"og:type\" content=\"article\" \/>\n<meta property=\"og:title\" content=\"\u0130leti\u015fim\" \/>\n<meta property=\"og:description\" content=\"B\u0130Z\u0130 ARAYIN +90 533 143 24 57 0532 764 2409 444 9 895 centerno-repeat;left top;;auto info@dooraykapi.com dooraykapi@gmail.com centerno-repeat;left top;;auto A.Gazi Mah. Atayolu Cad., No:85\/A PK:34887 Sancaktepe [\u2026]\" \/>\n<meta property=\"og:url\" content=\"https:\/\/dooraykapi.com\/ar\/iletisim\/\" \/>\n<meta property=\"og:site_name\" content=\"Dooray Kap\u0131\" \/>\n<meta property=\"article:publisher\" content=\"https:\/\/facebook.com\/dooraykapi\" \/>\n<meta property=\"article:modified_time\" content=\"2023-08-15T09:04:46+00:00\" \/>\n<meta name=\"twitter:card\" content=\"summary_large_image\" \/>\n<meta name=\"twitter:label1\" content=\"Est. reading time\" \/>\n\t<meta name=\"twitter:data1\" content=\"1 minute\" \/>\n<script type=\"application\/ld+json\" class=\"yoast-schema-graph\">{\"@context\":\"https:\/\/schema.org\",\"@graph\":[{\"@type\":\"WebPage\",\"@id\":\"https:\/\/dooraykapi.com\/ar\/iletisim\/\",\"url\":\"https:\/\/dooraykapi.com\/ar\/iletisim\/\",\"name\":\"\u0130leti\u015fim - Dooray Kap\u0131\",\"isPartOf\":{\"@id\":\"https:\/\/dooraykapi.com\/#website\"},\"datePublished\":\"2020-04-30T06:03:09+00:00\",\"dateModified\":\"2023-08-15T09:04:46+00:00\",\"breadcrumb\":{\"@id\":\"https:\/\/dooraykapi.com\/ar\/iletisim\/#breadcrumb\"},\"inLanguage\":\"ar\",\"potentialAction\":[{\"@type\":\"ReadAction\",\"target\":[\"https:\/\/dooraykapi.com\/ar\/iletisim\/\"]}]},{\"@type\":\"BreadcrumbList\",\"@id\":\"https:\/\/dooraykapi.com\/ar\/iletisim\/#breadcrumb\",\"itemListElement\":[{\"@type\":\"ListItem\",\"position\":1,\"name\":\"Anasayfa\",\"item\":\"https:\/\/dooraykapi.com\/ar\/\"},{\"@type\":\"ListItem\",\"position\":2,\"name\":\"\u0130leti\u015fim\"}]},{\"@type\":\"WebSite\",\"@id\":\"https:\/\/dooraykapi.com\/#website\",\"url\":\"https:\/\/dooraykapi.com\/\",\"name\":\"Dooray Kap\u0131\",\"description\":\"\u015eehrin Sa\u011flam Kap\u0131s\u0131\",\"publisher\":{\"@id\":\"https:\/\/dooraykapi.com\/#organization\"},\"potentialAction\":[{\"@type\":\"SearchAction\",\"target\":{\"@type\":\"EntryPoint\",\"urlTemplate\":\"https:\/\/dooraykapi.com\/?s={search_term_string}\"},\"query-input\":{\"@type\":\"PropertyValueSpecification\",\"valueRequired\":true,\"valueName\":\"search_term_string\"}}],\"inLanguage\":\"ar\"},{\"@type\":\"Organization\",\"@id\":\"https:\/\/dooraykapi.com\/#organization\",\"name\":\"Dooray Kap\u0131\",\"url\":\"https:\/\/dooraykapi.com\/\",\"logo\":{\"@type\":\"ImageObject\",\"inLanguage\":\"ar\",\"@id\":\"https:\/\/dooraykapi.com\/#\/schema\/logo\/image\/\",\"url\":\"https:\/\/dooraykapi.com\/wp-content\/uploads\/Dooray-Kapi-Logo-logoson-kopyasi.png\",\"contentUrl\":\"https:\/\/dooraykapi.com\/wp-content\/uploads\/Dooray-Kapi-Logo-logoson-kopyasi.png\",\"width\":3253,\"height\":731,\"caption\":\"Dooray Kap\u0131\"},\"image\":{\"@id\":\"https:\/\/dooraykapi.com\/#\/schema\/logo\/image\/\"},\"sameAs\":[\"https:\/\/facebook.com\/dooraykapi\"]}]}<\/script>\n<!-- \/ Yoast SEO Premium plugin. -->","yoast_head_json":{"title":"\u0130leti\u015fim - Dooray Kap\u0131","robots":{"index":"index","follow":"follow","max-snippet":"max-snippet:-1","max-image-preview":"max-image-preview:large","max-video-preview":"max-video-preview:-1"},"canonical":"https:\/\/dooraykapi.com\/ar\/iletisim\/","og_locale":"ar_AR","og_type":"article","og_title":"\u0130leti\u015fim","og_description":"B\u0130Z\u0130 ARAYIN +90 533 143 24 57 0532 764 2409 444 9 895 centerno-repeat;left top;;auto info@dooraykapi.com dooraykapi@gmail.com centerno-repeat;left top;;auto A.Gazi Mah. Atayolu Cad., No:85\/A PK:34887 Sancaktepe [\u2026]","og_url":"https:\/\/dooraykapi.com\/ar\/iletisim\/","og_site_name":"Dooray Kap\u0131","article_publisher":"https:\/\/facebook.com\/dooraykapi","article_modified_time":"2023-08-15T09:04:46+00:00","twitter_card":"summary_large_image","twitter_misc":{"Est. reading time":"1 minute"},"schema":{"@context":"https:\/\/schema.org","@graph":[{"@type":"WebPage","@id":"https:\/\/dooraykapi.com\/ar\/iletisim\/","url":"https:\/\/dooraykapi.com\/ar\/iletisim\/","name":"\u0130leti\u015fim - Dooray Kap\u0131","isPartOf":{"@id":"https:\/\/dooraykapi.com\/#website"},"datePublished":"2020-04-30T06:03:09+00:00","dateModified":"2023-08-15T09:04:46+00:00","breadcrumb":{"@id":"https:\/\/dooraykapi.com\/ar\/iletisim\/#breadcrumb"},"inLanguage":"ar","potentialAction":[{"@type":"ReadAction","target":["https:\/\/dooraykapi.com\/ar\/iletisim\/"]}]},{"@type":"BreadcrumbList","@id":"https:\/\/dooraykapi.com\/ar\/iletisim\/#breadcrumb","itemListElement":[{"@type":"ListItem","position":1,"name":"Anasayfa","item":"https:\/\/dooraykapi.com\/ar\/"},{"@type":"ListItem","position":2,"name":"\u0130leti\u015fim"}]},{"@type":"WebSite","@id":"https:\/\/dooraykapi.com\/#website","url":"https:\/\/dooraykapi.com\/","name":"Dooray Kap\u0131","description":"\u015eehrin Sa\u011flam Kap\u0131s\u0131","publisher":{"@id":"https:\/\/dooraykapi.com\/#organization"},"potentialAction":[{"@type":"SearchAction","target":{"@type":"EntryPoint","urlTemplate":"https:\/\/dooraykapi.com\/?s={search_term_string}"},"query-input":{"@type":"PropertyValueSpecification","valueRequired":true,"valueName":"search_term_string"}}],"inLanguage":"ar"},{"@type":"Organization","@id":"https:\/\/dooraykapi.com\/#organization","name":"Dooray Kap\u0131","url":"https:\/\/dooraykapi.com\/","logo":{"@type":"ImageObject","inLanguage":"ar","@id":"https:\/\/dooraykapi.com\/#\/schema\/logo\/image\/","url":"https:\/\/dooraykapi.com\/wp-content\/uploads\/Dooray-Kapi-Logo-logoson-kopyasi.png","contentUrl":"https:\/\/dooraykapi.com\/wp-content\/uploads\/Dooray-Kapi-Logo-logoson-kopyasi.png","width":3253,"height":731,"caption":"Dooray Kap\u0131"},"image":{"@id":"https:\/\/dooraykapi.com\/#\/schema\/logo\/image\/"},"sameAs":["https:\/\/facebook.com\/dooraykapi"]}]}},"_links":{"self":[{"href":"https:\/\/dooraykapi.com\/ar\/wp-json\/wp\/v2\/pages\/1300","targetHints":{"allow":["GET"]}}],"collection":[{"href":"https:\/\/dooraykapi.com\/ar\/wp-json\/wp\/v2\/pages"}],"about":[{"href":"https:\/\/dooraykapi.com\/ar\/wp-json\/wp\/v2\/types\/page"}],"author":[{"embeddable":true,"href":"https:\/\/dooraykapi.com\/ar\/wp-json\/wp\/v2\/users\/1"}],"replies":[{"embeddable":true,"href":"https:\/\/dooraykapi.com\/ar\/wp-json\/wp\/v2\/comments?post=1300"}],"version-history":[{"count":0,"href":"https:\/\/dooraykapi.com\/ar\/wp-json\/wp\/v2\/pages\/1300\/revisions"}],"wp:attachment":[{"href":"https:\/\/dooraykapi.com\/ar\/wp-json\/wp\/v2\/media?parent=1300"}],"curies":[{"name":"wp","href":"https:\/\/api.w.org\/{rel}","templated":true}]}}