{"id":1305,"date":"2022-04-25T17:52:05","date_gmt":"2022-04-25T14:52:05","guid":{"rendered":"https:\/\/dooraykapi.com\/sistem-odasi-kapisi\/"},"modified":"2022-11-09T11:40:41","modified_gmt":"2022-11-09T08:40:41","slug":"sistem-odasi-kapisi","status":"publish","type":"page","link":"https:\/\/dooraykapi.com\/ar\/sistem-odasi-kapisi\/","title":{"rendered":"Sistem Odas\u0131 Kap\u0131s\u0131"},"content":{"rendered":"\n<p><p><img decoding=\"async\" src=\"https:\/\/dooraykapi.com\/wp-content\/uploads\/sistem-odasi-kapisi.png\" alt=\"\"><br>full<br><br> <\/p><h2> S\u0130STEM ODASI KAPISI <\/h2> \r<br>\r<br><h3> Yang\u0131na Dayan\u0131ml\u0131 Sistem Odas\u0131 Kap\u0131s\u0131 \u00d6zellikleri <\/h3>\r<br>\r<br>\r<br>Yang\u0131n dayan\u0131ml\u0131 sistem odas\u0131 kap\u0131s\u0131 \u00f6zelliklerini sayacak olursak y\u00fcksek \u0131s\u0131ya dayan\u0131kl\u0131 olmas\u0131 ilk s\u0131rada gelir. Binada ba\u015flayan yang\u0131na uzun s\u00fcre dayanarak, s\u00f6nd\u00fcrme ekiplerine ihtiya\u00e7lar\u0131 olan zaman\u0131 kazand\u0131r\u0131r.Sistem odas\u0131 kap\u0131s\u0131 kasas\u0131 izolasyon malzemesi ile haz\u0131rlan\u0131r. Kanatlar\u0131 da ayn\u0131 \u015fekilde y\u00fcksek s\u0131cakl\u0131\u011fa belirli bir s\u00fcre dayanacak kadar yal\u0131t\u0131m malzemesi ile donat\u0131l\u0131r. Bu yang\u0131n kap\u0131s\u0131n\u0131n fitillerinin hi\u00e7bir suretle duman s\u0131zd\u0131rmamas\u0131 \u00f6nemlidir.<br>no-repeat;left top;;<br>auto<br><br><h3> Sistem Odas\u0131 Kap\u0131s\u0131 Nedir ?<\/h3>\r<br>\r<br>Sistem odas\u0131 kap\u0131s\u0131 binalarda elektronik ara\u00e7lar\u0131n y\u00f6netim ve ba\u011flant\u0131 panellerinin bulundu\u011fu y\u00f6netim odas\u0131 olarak kullan\u0131lan odalar\u0131n sa\u011flam, yang\u0131na dayan\u0131kl\u0131 ve duman s\u0131zd\u0131rmaz kap\u0131lar\u0131 aras\u0131ndad\u0131r.Binay\u0131 tehdit edebilecek en \u00f6nemli risklerden biri olan yang\u0131nlardan sistem odalar\u0131n\u0131 korumak i\u00e7in TSE onayl\u0131 sertifikal\u0131 kap\u0131lar kullan\u0131lmaktad\u0131r.\r<br><br>no-repeat;left top;;<br>auto<br><br><img decoding=\"async\" src=\"https:\/\/dooraykapi.com\/wp-content\/uploads\/sistem-odasi-kapisi-1.png\" alt=\"\"><br>full<br><br><\/p>\n","protected":false},"excerpt":{"rendered":"<p>full S\u0130STEM ODASI KAPISI Yang\u0131na Dayan\u0131ml\u0131 Sistem Odas\u0131 Kap\u0131s\u0131 \u00d6zellikleri Yang\u0131n dayan\u0131ml\u0131 sistem odas\u0131 kap\u0131s\u0131 \u00f6zelliklerini sayacak olursak y\u00fcksek \u0131s\u0131ya dayan\u0131kl\u0131 olmas\u0131 ilk s\u0131rada gelir. Binada<span class=\"excerpt-hellip\"> [\u2026]<\/span><\/p>\n","protected":false},"author":1,"featured_media":0,"parent":0,"menu_order":0,"comment_status":"closed","ping_status":"closed","template":"","meta":{"_joinchat":[],"footnotes":""},"class_list":["post-1305","page","type-page","status-publish","hentry"],"yoast_head":"<!-- This site is optimized with the Yoast SEO Premium plugin v25.2 (Yoast SEO v26.6) - https:\/\/yoast.com\/wordpress\/plugins\/seo\/ -->\n<title>Dooray Kap\u0131 Yang\u0131n ve Metal Kap\u0131 Sistemleri | Sistem Odas\u0131 Kap\u0131s\u0131<\/title>\n<meta name=\"description\" content=\"Sistem odas\u0131 kap\u0131s\u0131 binalarda elektronik ara\u00e7lar\u0131n y\u00f6netim panellerinin bulundu\u011fu odalarda yang\u0131n kap\u0131s\u0131 olarak kullan\u0131l\u0131r.\" \/>\n<meta name=\"robots\" content=\"index, follow, max-snippet:-1, max-image-preview:large, max-video-preview:-1\" \/>\n<link rel=\"canonical\" href=\"https:\/\/dooraykapi.com\/ar\/sistem-odasi-kapisi\/\" \/>\n<meta property=\"og:locale\" content=\"ar_AR\" \/>\n<meta property=\"og:type\" content=\"article\" \/>\n<meta property=\"og:title\" content=\"Sistem Odas\u0131 Kap\u0131s\u0131\" \/>\n<meta property=\"og:description\" content=\"Sistem odas\u0131 kap\u0131s\u0131 binalarda elektronik ara\u00e7lar\u0131n y\u00f6netim panellerinin bulundu\u011fu odalarda yang\u0131n kap\u0131s\u0131 olarak kullan\u0131l\u0131r.\" \/>\n<meta property=\"og:url\" content=\"https:\/\/dooraykapi.com\/ar\/sistem-odasi-kapisi\/\" \/>\n<meta property=\"og:site_name\" content=\"Dooray Kap\u0131\" \/>\n<meta property=\"article:publisher\" content=\"https:\/\/facebook.com\/dooraykapi\" \/>\n<meta property=\"article:modified_time\" content=\"2022-11-09T08:40:41+00:00\" \/>\n<meta property=\"og:image\" content=\"https:\/\/dooraykapi.com\/wp-content\/uploads\/sistem-odasi-kapisi.png\" \/>\n<meta name=\"twitter:card\" content=\"summary_large_image\" \/>\n<meta name=\"twitter:label1\" content=\"Est. reading time\" \/>\n\t<meta name=\"twitter:data1\" content=\"2 minutes\" \/>\n<script type=\"application\/ld+json\" class=\"yoast-schema-graph\">{\"@context\":\"https:\/\/schema.org\",\"@graph\":[{\"@type\":\"WebPage\",\"@id\":\"https:\/\/dooraykapi.com\/ar\/sistem-odasi-kapisi\/\",\"url\":\"https:\/\/dooraykapi.com\/ar\/sistem-odasi-kapisi\/\",\"name\":\"Dooray Kap\u0131 Yang\u0131n ve Metal Kap\u0131 Sistemleri | Sistem Odas\u0131 Kap\u0131s\u0131\",\"isPartOf\":{\"@id\":\"https:\/\/dooraykapi.com\/#website\"},\"primaryImageOfPage\":{\"@id\":\"https:\/\/dooraykapi.com\/ar\/sistem-odasi-kapisi\/#primaryimage\"},\"image\":{\"@id\":\"https:\/\/dooraykapi.com\/ar\/sistem-odasi-kapisi\/#primaryimage\"},\"thumbnailUrl\":\"https:\/\/dooraykapi.com\/wp-content\/uploads\/sistem-odasi-kapisi.png\",\"datePublished\":\"2022-04-25T14:52:05+00:00\",\"dateModified\":\"2022-11-09T08:40:41+00:00\",\"description\":\"Sistem odas\u0131 kap\u0131s\u0131 binalarda elektronik ara\u00e7lar\u0131n y\u00f6netim panellerinin bulundu\u011fu odalarda yang\u0131n kap\u0131s\u0131 olarak kullan\u0131l\u0131r.\",\"breadcrumb\":{\"@id\":\"https:\/\/dooraykapi.com\/ar\/sistem-odasi-kapisi\/#breadcrumb\"},\"inLanguage\":\"ar\",\"potentialAction\":[{\"@type\":\"ReadAction\",\"target\":[\"https:\/\/dooraykapi.com\/ar\/sistem-odasi-kapisi\/\"]}]},{\"@type\":\"ImageObject\",\"inLanguage\":\"ar\",\"@id\":\"https:\/\/dooraykapi.com\/ar\/sistem-odasi-kapisi\/#primaryimage\",\"url\":\"https:\/\/dooraykapi.com\/wp-content\/uploads\/sistem-odasi-kapisi.png\",\"contentUrl\":\"https:\/\/dooraykapi.com\/wp-content\/uploads\/sistem-odasi-kapisi.png\"},{\"@type\":\"BreadcrumbList\",\"@id\":\"https:\/\/dooraykapi.com\/ar\/sistem-odasi-kapisi\/#breadcrumb\",\"itemListElement\":[{\"@type\":\"ListItem\",\"position\":1,\"name\":\"Anasayfa\",\"item\":\"https:\/\/dooraykapi.com\/ar\/\"},{\"@type\":\"ListItem\",\"position\":2,\"name\":\"Sistem Odas\u0131 Kap\u0131s\u0131\"}]},{\"@type\":\"WebSite\",\"@id\":\"https:\/\/dooraykapi.com\/#website\",\"url\":\"https:\/\/dooraykapi.com\/\",\"name\":\"Dooray Kap\u0131\",\"description\":\"\u015eehrin Sa\u011flam Kap\u0131s\u0131\",\"publisher\":{\"@id\":\"https:\/\/dooraykapi.com\/#organization\"},\"potentialAction\":[{\"@type\":\"SearchAction\",\"target\":{\"@type\":\"EntryPoint\",\"urlTemplate\":\"https:\/\/dooraykapi.com\/?s={search_term_string}\"},\"query-input\":{\"@type\":\"PropertyValueSpecification\",\"valueRequired\":true,\"valueName\":\"search_term_string\"}}],\"inLanguage\":\"ar\"},{\"@type\":\"Organization\",\"@id\":\"https:\/\/dooraykapi.com\/#organization\",\"name\":\"Dooray Kap\u0131\",\"url\":\"https:\/\/dooraykapi.com\/\",\"logo\":{\"@type\":\"ImageObject\",\"inLanguage\":\"ar\",\"@id\":\"https:\/\/dooraykapi.com\/#\/schema\/logo\/image\/\",\"url\":\"https:\/\/dooraykapi.com\/wp-content\/uploads\/Dooray-Kapi-Logo-logoson-kopyasi.png\",\"contentUrl\":\"https:\/\/dooraykapi.com\/wp-content\/uploads\/Dooray-Kapi-Logo-logoson-kopyasi.png\",\"width\":3253,\"height\":731,\"caption\":\"Dooray Kap\u0131\"},\"image\":{\"@id\":\"https:\/\/dooraykapi.com\/#\/schema\/logo\/image\/\"},\"sameAs\":[\"https:\/\/facebook.com\/dooraykapi\"]}]}<\/script>\n<!-- \/ Yoast SEO Premium plugin. -->","yoast_head_json":{"title":"Dooray Kap\u0131 Yang\u0131n ve Metal Kap\u0131 Sistemleri | Sistem Odas\u0131 Kap\u0131s\u0131","description":"Sistem odas\u0131 kap\u0131s\u0131 binalarda elektronik ara\u00e7lar\u0131n y\u00f6netim panellerinin bulundu\u011fu odalarda yang\u0131n kap\u0131s\u0131 olarak kullan\u0131l\u0131r.","robots":{"index":"index","follow":"follow","max-snippet":"max-snippet:-1","max-image-preview":"max-image-preview:large","max-video-preview":"max-video-preview:-1"},"canonical":"https:\/\/dooraykapi.com\/ar\/sistem-odasi-kapisi\/","og_locale":"ar_AR","og_type":"article","og_title":"Sistem Odas\u0131 Kap\u0131s\u0131","og_description":"Sistem odas\u0131 kap\u0131s\u0131 binalarda elektronik ara\u00e7lar\u0131n y\u00f6netim panellerinin bulundu\u011fu odalarda yang\u0131n kap\u0131s\u0131 olarak kullan\u0131l\u0131r.","og_url":"https:\/\/dooraykapi.com\/ar\/sistem-odasi-kapisi\/","og_site_name":"Dooray Kap\u0131","article_publisher":"https:\/\/facebook.com\/dooraykapi","article_modified_time":"2022-11-09T08:40:41+00:00","og_image":[{"url":"https:\/\/dooraykapi.com\/wp-content\/uploads\/sistem-odasi-kapisi.png","type":"","width":"","height":""}],"twitter_card":"summary_large_image","twitter_misc":{"Est. reading time":"2 minutes"},"schema":{"@context":"https:\/\/schema.org","@graph":[{"@type":"WebPage","@id":"https:\/\/dooraykapi.com\/ar\/sistem-odasi-kapisi\/","url":"https:\/\/dooraykapi.com\/ar\/sistem-odasi-kapisi\/","name":"Dooray Kap\u0131 Yang\u0131n ve Metal Kap\u0131 Sistemleri | Sistem Odas\u0131 Kap\u0131s\u0131","isPartOf":{"@id":"https:\/\/dooraykapi.com\/#website"},"primaryImageOfPage":{"@id":"https:\/\/dooraykapi.com\/ar\/sistem-odasi-kapisi\/#primaryimage"},"image":{"@id":"https:\/\/dooraykapi.com\/ar\/sistem-odasi-kapisi\/#primaryimage"},"thumbnailUrl":"https:\/\/dooraykapi.com\/wp-content\/uploads\/sistem-odasi-kapisi.png","datePublished":"2022-04-25T14:52:05+00:00","dateModified":"2022-11-09T08:40:41+00:00","description":"Sistem odas\u0131 kap\u0131s\u0131 binalarda elektronik ara\u00e7lar\u0131n y\u00f6netim panellerinin bulundu\u011fu odalarda yang\u0131n kap\u0131s\u0131 olarak kullan\u0131l\u0131r.","breadcrumb":{"@id":"https:\/\/dooraykapi.com\/ar\/sistem-odasi-kapisi\/#breadcrumb"},"inLanguage":"ar","potentialAction":[{"@type":"ReadAction","target":["https:\/\/dooraykapi.com\/ar\/sistem-odasi-kapisi\/"]}]},{"@type":"ImageObject","inLanguage":"ar","@id":"https:\/\/dooraykapi.com\/ar\/sistem-odasi-kapisi\/#primaryimage","url":"https:\/\/dooraykapi.com\/wp-content\/uploads\/sistem-odasi-kapisi.png","contentUrl":"https:\/\/dooraykapi.com\/wp-content\/uploads\/sistem-odasi-kapisi.png"},{"@type":"BreadcrumbList","@id":"https:\/\/dooraykapi.com\/ar\/sistem-odasi-kapisi\/#breadcrumb","itemListElement":[{"@type":"ListItem","position":1,"name":"Anasayfa","item":"https:\/\/dooraykapi.com\/ar\/"},{"@type":"ListItem","position":2,"name":"Sistem Odas\u0131 Kap\u0131s\u0131"}]},{"@type":"WebSite","@id":"https:\/\/dooraykapi.com\/#website","url":"https:\/\/dooraykapi.com\/","name":"Dooray Kap\u0131","description":"\u015eehrin Sa\u011flam Kap\u0131s\u0131","publisher":{"@id":"https:\/\/dooraykapi.com\/#organization"},"potentialAction":[{"@type":"SearchAction","target":{"@type":"EntryPoint","urlTemplate":"https:\/\/dooraykapi.com\/?s={search_term_string}"},"query-input":{"@type":"PropertyValueSpecification","valueRequired":true,"valueName":"search_term_string"}}],"inLanguage":"ar"},{"@type":"Organization","@id":"https:\/\/dooraykapi.com\/#organization","name":"Dooray Kap\u0131","url":"https:\/\/dooraykapi.com\/","logo":{"@type":"ImageObject","inLanguage":"ar","@id":"https:\/\/dooraykapi.com\/#\/schema\/logo\/image\/","url":"https:\/\/dooraykapi.com\/wp-content\/uploads\/Dooray-Kapi-Logo-logoson-kopyasi.png","contentUrl":"https:\/\/dooraykapi.com\/wp-content\/uploads\/Dooray-Kapi-Logo-logoson-kopyasi.png","width":3253,"height":731,"caption":"Dooray Kap\u0131"},"image":{"@id":"https:\/\/dooraykapi.com\/#\/schema\/logo\/image\/"},"sameAs":["https:\/\/facebook.com\/dooraykapi"]}]}},"_links":{"self":[{"href":"https:\/\/dooraykapi.com\/ar\/wp-json\/wp\/v2\/pages\/1305","targetHints":{"allow":["GET"]}}],"collection":[{"href":"https:\/\/dooraykapi.com\/ar\/wp-json\/wp\/v2\/pages"}],"about":[{"href":"https:\/\/dooraykapi.com\/ar\/wp-json\/wp\/v2\/types\/page"}],"author":[{"embeddable":true,"href":"https:\/\/dooraykapi.com\/ar\/wp-json\/wp\/v2\/users\/1"}],"replies":[{"embeddable":true,"href":"https:\/\/dooraykapi.com\/ar\/wp-json\/wp\/v2\/comments?post=1305"}],"version-history":[{"count":0,"href":"https:\/\/dooraykapi.com\/ar\/wp-json\/wp\/v2\/pages\/1305\/revisions"}],"wp:attachment":[{"href":"https:\/\/dooraykapi.com\/ar\/wp-json\/wp\/v2\/media?parent=1305"}],"curies":[{"name":"wp","href":"https:\/\/api.w.org\/{rel}","templated":true}]}}