{"id":1307,"date":"2022-04-25T17:49:53","date_gmt":"2022-04-25T14:49:53","guid":{"rendered":"https:\/\/dooraykapi.com\/radyasyon-kapisi\/"},"modified":"2022-11-09T10:20:25","modified_gmt":"2022-11-09T07:20:25","slug":"radyasyon-kapisi","status":"publish","type":"page","link":"https:\/\/dooraykapi.com\/ar\/radyasyon-kapisi\/","title":{"rendered":"\u0645\u0627 \u0647\u0648 \u0628\u0648\u0627\u0628 \u0627\u0644\u0625\u0634\u0639\u0627\u061f"},"content":{"rendered":"\n<p><\/p>\n\n\n\n<p><p><img decoding=\"async\" src=\"https:\/\/dooraykapi.com\/wp-content\/uploads\/radyasyon-kapisi.png\" alt=\"\"><br>full<br><br><\/p><h2> RADYASYON KAPISI <\/h2> \r<br>T\u0131pta kullan\u0131lan MR cihazlar\u0131 ve r\u00f6ntgen film cihazlar\u0131 y\u00fcksek seviyede radyo dalgas\u0131 \u00fcretir. Bundan dolay\u0131 etraf\u0131ndaki cihazlar etkilenir ve insan sa\u011fl\u0131\u011f\u0131 na az da olsa zarar verebilir. Bundan dolay\u0131 MR odalar\u0131 ve R\u00f6ntgen odalar\u0131 z\u0131rhlan\u0131r. Bu z\u0131rhlanma ise kur\u015fun levhalar ve bak\u0131r levhalar ile ger\u00e7ekle\u015fir.<br>no-repeat;left top;;<br>auto<br><br> <h2> RADYASYON KAPISI <\/h2> \r<br>\r<br>\r<br>\r<br><h3> Radyasyon Kap\u0131s\u0131 Nedir ? <\/h3>\r<br>\r<br>Radyasyon kap\u0131s\u0131 laboratuvarlar ve hastaneler de , X-Ray odalar\u0131n\u0131n kap\u0131lar\u0131nda, MR odalar\u0131nda ve R\u00f6ntgen odalar\u0131n\u0131n kap\u0131lar\u0131nda kullan\u0131lan i\u00e7erisinde kur\u015fun levhalar\u0131n bulundu\u011fu bir kap\u0131d\u0131r.T\u0131pta kullan\u0131lan MR cihazlar\u0131 ve r\u00f6ntgen film cihazlar\u0131 y\u00fcksek seviyede radyo dalgas\u0131 \u00fcretir. Bundan dolay\u0131 etraf\u0131ndaki cihazlar etkilenir ve insan sa\u011fl\u0131\u011f\u0131 na az da olsa zarar verebilir. Bundan dolay\u0131 MR odalar\u0131 ve R\u00f6ntgen odalar\u0131 z\u0131rhlan\u0131r. Bu z\u0131rhlanma ise kur\u015fun levhalar ve bak\u0131r levhalar ile ger\u00e7ekle\u015fir.<br>no-repeat;left top;;<br>auto<br><br><img decoding=\"async\" src=\"https:\/\/dooraykapi.com\/wp-content\/uploads\/radyasyon-kapisi-1.png\" alt=\"\"><br>full<br><br><\/p>\n","protected":false},"excerpt":{"rendered":"<p>full RADYASYON KAPISI T\u0131pta kullan\u0131lan MR cihazlar\u0131 ve r\u00f6ntgen film cihazlar\u0131 y\u00fcksek seviyede radyo dalgas\u0131 \u00fcretir. Bundan dolay\u0131 etraf\u0131ndaki cihazlar etkilenir ve insan sa\u011fl\u0131\u011f\u0131 na az<span class=\"excerpt-hellip\"> [\u2026]<\/span><\/p>\n","protected":false},"author":1,"featured_media":0,"parent":0,"menu_order":0,"comment_status":"closed","ping_status":"closed","template":"","meta":{"_joinchat":[],"footnotes":""},"class_list":["post-1307","page","type-page","status-publish","hentry"],"yoast_head":"<!-- This site is optimized with the Yoast SEO Premium plugin v25.2 (Yoast SEO v26.6) - https:\/\/yoast.com\/wordpress\/plugins\/seo\/ -->\n<title>\u0645\u0627 \u0647\u0648 \u0628\u0648\u0627\u0628 \u0627\u0644\u0625\u0634\u0639\u0627\u061f - Dooray Kap\u0131<\/title>\n<meta name=\"description\" content=\"Radyasyon kap\u0131s\u0131 laboratuvarlar ve hastaneler de , X-Ray odalar\u0131n\u0131n kap\u0131lar\u0131nda, MR odalar\u0131nda kullan\u0131l\u0131r. Radyason engelleyici kap\u0131lar.\" \/>\n<meta name=\"robots\" content=\"index, follow, max-snippet:-1, max-image-preview:large, max-video-preview:-1\" \/>\n<link rel=\"canonical\" href=\"https:\/\/dooraykapi.com\/ar\/radyasyon-kapisi\/\" \/>\n<meta property=\"og:locale\" content=\"ar_AR\" \/>\n<meta property=\"og:type\" content=\"article\" \/>\n<meta property=\"og:title\" content=\"\u0645\u0627 \u0647\u0648 \u0628\u0648\u0627\u0628 \u0627\u0644\u0625\u0634\u0639\u0627\u061f\" \/>\n<meta property=\"og:description\" content=\"Radyasyon kap\u0131s\u0131 laboratuvarlar ve hastaneler de , X-Ray odalar\u0131n\u0131n kap\u0131lar\u0131nda, MR odalar\u0131nda kullan\u0131l\u0131r. Radyason engelleyici kap\u0131lar.\" \/>\n<meta property=\"og:url\" content=\"https:\/\/dooraykapi.com\/ar\/radyasyon-kapisi\/\" \/>\n<meta property=\"og:site_name\" content=\"Dooray Kap\u0131\" \/>\n<meta property=\"article:publisher\" content=\"https:\/\/facebook.com\/dooraykapi\" \/>\n<meta property=\"article:modified_time\" content=\"2022-11-09T07:20:25+00:00\" \/>\n<meta property=\"og:image\" content=\"https:\/\/dooraykapi.com\/wp-content\/uploads\/radyasyon-kapisi.png\" \/>\n<meta name=\"twitter:card\" content=\"summary_large_image\" \/>\n<meta name=\"twitter:label1\" content=\"Est. reading time\" \/>\n\t<meta name=\"twitter:data1\" content=\"2 minutes\" \/>\n<script type=\"application\/ld+json\" class=\"yoast-schema-graph\">{\"@context\":\"https:\/\/schema.org\",\"@graph\":[{\"@type\":\"WebPage\",\"@id\":\"https:\/\/dooraykapi.com\/ar\/radyasyon-kapisi\/\",\"url\":\"https:\/\/dooraykapi.com\/ar\/radyasyon-kapisi\/\",\"name\":\"\u0645\u0627 \u0647\u0648 \u0628\u0648\u0627\u0628 \u0627\u0644\u0625\u0634\u0639\u0627\u061f - Dooray Kap\u0131\",\"isPartOf\":{\"@id\":\"https:\/\/dooraykapi.com\/#website\"},\"primaryImageOfPage\":{\"@id\":\"https:\/\/dooraykapi.com\/ar\/radyasyon-kapisi\/#primaryimage\"},\"image\":{\"@id\":\"https:\/\/dooraykapi.com\/ar\/radyasyon-kapisi\/#primaryimage\"},\"thumbnailUrl\":\"https:\/\/dooraykapi.com\/wp-content\/uploads\/radyasyon-kapisi.png\",\"datePublished\":\"2022-04-25T14:49:53+00:00\",\"dateModified\":\"2022-11-09T07:20:25+00:00\",\"description\":\"Radyasyon kap\u0131s\u0131 laboratuvarlar ve hastaneler de , X-Ray odalar\u0131n\u0131n kap\u0131lar\u0131nda, MR odalar\u0131nda kullan\u0131l\u0131r. Radyason engelleyici kap\u0131lar.\",\"breadcrumb\":{\"@id\":\"https:\/\/dooraykapi.com\/ar\/radyasyon-kapisi\/#breadcrumb\"},\"inLanguage\":\"ar\",\"potentialAction\":[{\"@type\":\"ReadAction\",\"target\":[\"https:\/\/dooraykapi.com\/ar\/radyasyon-kapisi\/\"]}]},{\"@type\":\"ImageObject\",\"inLanguage\":\"ar\",\"@id\":\"https:\/\/dooraykapi.com\/ar\/radyasyon-kapisi\/#primaryimage\",\"url\":\"https:\/\/dooraykapi.com\/wp-content\/uploads\/radyasyon-kapisi.png\",\"contentUrl\":\"https:\/\/dooraykapi.com\/wp-content\/uploads\/radyasyon-kapisi.png\"},{\"@type\":\"BreadcrumbList\",\"@id\":\"https:\/\/dooraykapi.com\/ar\/radyasyon-kapisi\/#breadcrumb\",\"itemListElement\":[{\"@type\":\"ListItem\",\"position\":1,\"name\":\"Anasayfa\",\"item\":\"https:\/\/dooraykapi.com\/ar\/\"},{\"@type\":\"ListItem\",\"position\":2,\"name\":\"\u0645\u0627 \u0647\u0648 \u0628\u0648\u0627\u0628 \u0627\u0644\u0625\u0634\u0639\u0627\u061f\"}]},{\"@type\":\"WebSite\",\"@id\":\"https:\/\/dooraykapi.com\/#website\",\"url\":\"https:\/\/dooraykapi.com\/\",\"name\":\"Dooray Kap\u0131\",\"description\":\"\u015eehrin Sa\u011flam Kap\u0131s\u0131\",\"publisher\":{\"@id\":\"https:\/\/dooraykapi.com\/#organization\"},\"potentialAction\":[{\"@type\":\"SearchAction\",\"target\":{\"@type\":\"EntryPoint\",\"urlTemplate\":\"https:\/\/dooraykapi.com\/?s={search_term_string}\"},\"query-input\":{\"@type\":\"PropertyValueSpecification\",\"valueRequired\":true,\"valueName\":\"search_term_string\"}}],\"inLanguage\":\"ar\"},{\"@type\":\"Organization\",\"@id\":\"https:\/\/dooraykapi.com\/#organization\",\"name\":\"Dooray Kap\u0131\",\"url\":\"https:\/\/dooraykapi.com\/\",\"logo\":{\"@type\":\"ImageObject\",\"inLanguage\":\"ar\",\"@id\":\"https:\/\/dooraykapi.com\/#\/schema\/logo\/image\/\",\"url\":\"https:\/\/dooraykapi.com\/wp-content\/uploads\/Dooray-Kapi-Logo-logoson-kopyasi.png\",\"contentUrl\":\"https:\/\/dooraykapi.com\/wp-content\/uploads\/Dooray-Kapi-Logo-logoson-kopyasi.png\",\"width\":3253,\"height\":731,\"caption\":\"Dooray Kap\u0131\"},\"image\":{\"@id\":\"https:\/\/dooraykapi.com\/#\/schema\/logo\/image\/\"},\"sameAs\":[\"https:\/\/facebook.com\/dooraykapi\"]}]}<\/script>\n<!-- \/ Yoast SEO Premium plugin. -->","yoast_head_json":{"title":"\u0645\u0627 \u0647\u0648 \u0628\u0648\u0627\u0628 \u0627\u0644\u0625\u0634\u0639\u0627\u061f - Dooray Kap\u0131","description":"Radyasyon kap\u0131s\u0131 laboratuvarlar ve hastaneler de , X-Ray odalar\u0131n\u0131n kap\u0131lar\u0131nda, MR odalar\u0131nda kullan\u0131l\u0131r. Radyason engelleyici kap\u0131lar.","robots":{"index":"index","follow":"follow","max-snippet":"max-snippet:-1","max-image-preview":"max-image-preview:large","max-video-preview":"max-video-preview:-1"},"canonical":"https:\/\/dooraykapi.com\/ar\/radyasyon-kapisi\/","og_locale":"ar_AR","og_type":"article","og_title":"\u0645\u0627 \u0647\u0648 \u0628\u0648\u0627\u0628 \u0627\u0644\u0625\u0634\u0639\u0627\u061f","og_description":"Radyasyon kap\u0131s\u0131 laboratuvarlar ve hastaneler de , X-Ray odalar\u0131n\u0131n kap\u0131lar\u0131nda, MR odalar\u0131nda kullan\u0131l\u0131r. Radyason engelleyici kap\u0131lar.","og_url":"https:\/\/dooraykapi.com\/ar\/radyasyon-kapisi\/","og_site_name":"Dooray Kap\u0131","article_publisher":"https:\/\/facebook.com\/dooraykapi","article_modified_time":"2022-11-09T07:20:25+00:00","og_image":[{"url":"https:\/\/dooraykapi.com\/wp-content\/uploads\/radyasyon-kapisi.png","type":"","width":"","height":""}],"twitter_card":"summary_large_image","twitter_misc":{"Est. reading time":"2 minutes"},"schema":{"@context":"https:\/\/schema.org","@graph":[{"@type":"WebPage","@id":"https:\/\/dooraykapi.com\/ar\/radyasyon-kapisi\/","url":"https:\/\/dooraykapi.com\/ar\/radyasyon-kapisi\/","name":"\u0645\u0627 \u0647\u0648 \u0628\u0648\u0627\u0628 \u0627\u0644\u0625\u0634\u0639\u0627\u061f - Dooray Kap\u0131","isPartOf":{"@id":"https:\/\/dooraykapi.com\/#website"},"primaryImageOfPage":{"@id":"https:\/\/dooraykapi.com\/ar\/radyasyon-kapisi\/#primaryimage"},"image":{"@id":"https:\/\/dooraykapi.com\/ar\/radyasyon-kapisi\/#primaryimage"},"thumbnailUrl":"https:\/\/dooraykapi.com\/wp-content\/uploads\/radyasyon-kapisi.png","datePublished":"2022-04-25T14:49:53+00:00","dateModified":"2022-11-09T07:20:25+00:00","description":"Radyasyon kap\u0131s\u0131 laboratuvarlar ve hastaneler de , X-Ray odalar\u0131n\u0131n kap\u0131lar\u0131nda, MR odalar\u0131nda kullan\u0131l\u0131r. Radyason engelleyici kap\u0131lar.","breadcrumb":{"@id":"https:\/\/dooraykapi.com\/ar\/radyasyon-kapisi\/#breadcrumb"},"inLanguage":"ar","potentialAction":[{"@type":"ReadAction","target":["https:\/\/dooraykapi.com\/ar\/radyasyon-kapisi\/"]}]},{"@type":"ImageObject","inLanguage":"ar","@id":"https:\/\/dooraykapi.com\/ar\/radyasyon-kapisi\/#primaryimage","url":"https:\/\/dooraykapi.com\/wp-content\/uploads\/radyasyon-kapisi.png","contentUrl":"https:\/\/dooraykapi.com\/wp-content\/uploads\/radyasyon-kapisi.png"},{"@type":"BreadcrumbList","@id":"https:\/\/dooraykapi.com\/ar\/radyasyon-kapisi\/#breadcrumb","itemListElement":[{"@type":"ListItem","position":1,"name":"Anasayfa","item":"https:\/\/dooraykapi.com\/ar\/"},{"@type":"ListItem","position":2,"name":"\u0645\u0627 \u0647\u0648 \u0628\u0648\u0627\u0628 \u0627\u0644\u0625\u0634\u0639\u0627\u061f"}]},{"@type":"WebSite","@id":"https:\/\/dooraykapi.com\/#website","url":"https:\/\/dooraykapi.com\/","name":"Dooray Kap\u0131","description":"\u015eehrin Sa\u011flam Kap\u0131s\u0131","publisher":{"@id":"https:\/\/dooraykapi.com\/#organization"},"potentialAction":[{"@type":"SearchAction","target":{"@type":"EntryPoint","urlTemplate":"https:\/\/dooraykapi.com\/?s={search_term_string}"},"query-input":{"@type":"PropertyValueSpecification","valueRequired":true,"valueName":"search_term_string"}}],"inLanguage":"ar"},{"@type":"Organization","@id":"https:\/\/dooraykapi.com\/#organization","name":"Dooray Kap\u0131","url":"https:\/\/dooraykapi.com\/","logo":{"@type":"ImageObject","inLanguage":"ar","@id":"https:\/\/dooraykapi.com\/#\/schema\/logo\/image\/","url":"https:\/\/dooraykapi.com\/wp-content\/uploads\/Dooray-Kapi-Logo-logoson-kopyasi.png","contentUrl":"https:\/\/dooraykapi.com\/wp-content\/uploads\/Dooray-Kapi-Logo-logoson-kopyasi.png","width":3253,"height":731,"caption":"Dooray Kap\u0131"},"image":{"@id":"https:\/\/dooraykapi.com\/#\/schema\/logo\/image\/"},"sameAs":["https:\/\/facebook.com\/dooraykapi"]}]}},"_links":{"self":[{"href":"https:\/\/dooraykapi.com\/ar\/wp-json\/wp\/v2\/pages\/1307","targetHints":{"allow":["GET"]}}],"collection":[{"href":"https:\/\/dooraykapi.com\/ar\/wp-json\/wp\/v2\/pages"}],"about":[{"href":"https:\/\/dooraykapi.com\/ar\/wp-json\/wp\/v2\/types\/page"}],"author":[{"embeddable":true,"href":"https:\/\/dooraykapi.com\/ar\/wp-json\/wp\/v2\/users\/1"}],"replies":[{"embeddable":true,"href":"https:\/\/dooraykapi.com\/ar\/wp-json\/wp\/v2\/comments?post=1307"}],"version-history":[{"count":0,"href":"https:\/\/dooraykapi.com\/ar\/wp-json\/wp\/v2\/pages\/1307\/revisions"}],"wp:attachment":[{"href":"https:\/\/dooraykapi.com\/ar\/wp-json\/wp\/v2\/media?parent=1307"}],"curies":[{"name":"wp","href":"https:\/\/api.w.org\/{rel}","templated":true}]}}