{"id":1313,"date":"2022-04-07T15:14:03","date_gmt":"2022-04-07T12:14:03","guid":{"rendered":"https:\/\/dooraykapi.com\/sertifikalar\/"},"modified":"2022-11-09T12:26:48","modified_gmt":"2022-11-09T09:26:48","slug":"sertifikalar","status":"publish","type":"page","link":"https:\/\/dooraykapi.com\/ar\/sertifikalar\/","title":{"rendered":"\u0627\u0644\u0634\u0647\u0627\u062f\u0627\u062a"},"content":{"rendered":"\n<p>SERT\u0130F\u0130KALARIMIZ<br>T\u00fcm Avrupa ve Ortado\u011fu \u00fclkeleri standartlar\u0131na uyumlu \u00fcretim yapmaktay\u0131z. Her \u00fclkenin kendi yang\u0131n y\u00f6netmeli\u011fine g\u00f6re standartlar\u0131 mevcut. Gerekli oldu\u011fu durumlarda yeni sertifikalarla \u00fcr\u00fcnlerimizin standartlara uygunlu\u011funu destekleyebiliriz.<br>icon<br><br><img decoding=\"async\" src=\"https:\/\/dooray.com.tr\/wp-content\/uploads\/sertifika-1.jpg\" alt=\"sertifika-1\"><br>full<br><br><img decoding=\"async\" src=\"https:\/\/dooray.com.tr\/wp-content\/uploads\/sertifika-2.jpg\" alt=\"sertifika-2\"><br>full<br><br><img decoding=\"async\" src=\"https:\/\/dooray.com.tr\/wp-content\/uploads\/sertifika-3.jpg\" alt=\"sertifika-3\"><br>full<br><br><img decoding=\"async\" src=\"https:\/\/dooray.com.tr\/wp-content\/uploads\/sertifika-8.jpg\" alt=\"sertifika-8\"><br>full<br><br><img decoding=\"async\" src=\"https:\/\/dooray.com.tr\/wp-content\/uploads\/sertifika-7.jpg\" alt=\"sertifika-7\"><br>full<br><br><img decoding=\"async\" src=\"https:\/\/dooray.com.tr\/wp-content\/uploads\/sertifika-6.jpg\" alt=\"sertifika-6\"><br>full<br><br><img decoding=\"async\" src=\"https:\/\/dooray.com.tr\/wp-content\/uploads\/sertifika-4.jpg\" alt=\"sertifika-4\"><br>full<br><br><img decoding=\"async\" src=\"https:\/\/dooray.com.tr\/wp-content\/uploads\/sertifika-5.jpg\" alt=\"sertifika-5\"><br>full<br><br><\/p>\n","protected":false},"excerpt":{"rendered":"<p>SERT\u0130F\u0130KALARIMIZT\u00fcm Avrupa ve Ortado\u011fu \u00fclkeleri standartlar\u0131na uyumlu \u00fcretim yapmaktay\u0131z. Her \u00fclkenin kendi yang\u0131n y\u00f6netmeli\u011fine g\u00f6re standartlar\u0131 mevcut. Gerekli oldu\u011fu durumlarda yeni sertifikalarla \u00fcr\u00fcnlerimizin standartlara uygunlu\u011funu destekleyebiliriz.icon<span class=\"excerpt-hellip\"> [\u2026]<\/span><\/p>\n","protected":false},"author":1,"featured_media":0,"parent":0,"menu_order":0,"comment_status":"closed","ping_status":"closed","template":"","meta":{"_joinchat":[],"footnotes":""},"class_list":["post-1313","page","type-page","status-publish","hentry"],"yoast_head":"<!-- This site is optimized with the Yoast SEO Premium plugin v25.2 (Yoast SEO v26.6) - https:\/\/yoast.com\/wordpress\/plugins\/seo\/ -->\n<title>\u0627\u0644\u0634\u0647\u0627\u062f\u0627\u062a - Dooray Kap\u0131<\/title>\n<meta name=\"robots\" content=\"index, follow, max-snippet:-1, max-image-preview:large, max-video-preview:-1\" \/>\n<link rel=\"canonical\" href=\"https:\/\/dooraykapi.com\/ar\/sertifikalar\/\" \/>\n<meta property=\"og:locale\" content=\"ar_AR\" \/>\n<meta property=\"og:type\" content=\"article\" \/>\n<meta property=\"og:title\" content=\"\u0627\u0644\u0634\u0647\u0627\u062f\u0627\u062a\" \/>\n<meta property=\"og:description\" content=\"SERT\u0130F\u0130KALARIMIZT\u00fcm Avrupa ve Ortado\u011fu \u00fclkeleri standartlar\u0131na uyumlu \u00fcretim yapmaktay\u0131z. Her \u00fclkenin kendi yang\u0131n y\u00f6netmeli\u011fine g\u00f6re standartlar\u0131 mevcut. Gerekli oldu\u011fu durumlarda yeni sertifikalarla \u00fcr\u00fcnlerimizin standartlara uygunlu\u011funu destekleyebiliriz.icon [\u2026]\" \/>\n<meta property=\"og:url\" content=\"https:\/\/dooraykapi.com\/ar\/sertifikalar\/\" \/>\n<meta property=\"og:site_name\" content=\"Dooray Kap\u0131\" \/>\n<meta property=\"article:publisher\" content=\"https:\/\/facebook.com\/dooraykapi\" \/>\n<meta property=\"article:modified_time\" content=\"2022-11-09T09:26:48+00:00\" \/>\n<meta property=\"og:image\" content=\"https:\/\/dooray.com.tr\/wp-content\/uploads\/sertifika-1.jpg\" \/>\n<meta name=\"twitter:card\" content=\"summary_large_image\" \/>\n<meta name=\"twitter:label1\" content=\"Est. reading time\" \/>\n\t<meta name=\"twitter:data1\" content=\"2 minutes\" \/>\n<script type=\"application\/ld+json\" class=\"yoast-schema-graph\">{\"@context\":\"https:\/\/schema.org\",\"@graph\":[{\"@type\":\"WebPage\",\"@id\":\"https:\/\/dooraykapi.com\/ar\/sertifikalar\/\",\"url\":\"https:\/\/dooraykapi.com\/ar\/sertifikalar\/\",\"name\":\"\u0627\u0644\u0634\u0647\u0627\u062f\u0627\u062a - Dooray Kap\u0131\",\"isPartOf\":{\"@id\":\"https:\/\/dooraykapi.com\/#website\"},\"primaryImageOfPage\":{\"@id\":\"https:\/\/dooraykapi.com\/ar\/sertifikalar\/#primaryimage\"},\"image\":{\"@id\":\"https:\/\/dooraykapi.com\/ar\/sertifikalar\/#primaryimage\"},\"thumbnailUrl\":\"https:\/\/dooray.com.tr\/wp-content\/uploads\/sertifika-1.jpg\",\"datePublished\":\"2022-04-07T12:14:03+00:00\",\"dateModified\":\"2022-11-09T09:26:48+00:00\",\"breadcrumb\":{\"@id\":\"https:\/\/dooraykapi.com\/ar\/sertifikalar\/#breadcrumb\"},\"inLanguage\":\"ar\",\"potentialAction\":[{\"@type\":\"ReadAction\",\"target\":[\"https:\/\/dooraykapi.com\/ar\/sertifikalar\/\"]}]},{\"@type\":\"ImageObject\",\"inLanguage\":\"ar\",\"@id\":\"https:\/\/dooraykapi.com\/ar\/sertifikalar\/#primaryimage\",\"url\":\"https:\/\/dooray.com.tr\/wp-content\/uploads\/sertifika-1.jpg\",\"contentUrl\":\"https:\/\/dooray.com.tr\/wp-content\/uploads\/sertifika-1.jpg\"},{\"@type\":\"BreadcrumbList\",\"@id\":\"https:\/\/dooraykapi.com\/ar\/sertifikalar\/#breadcrumb\",\"itemListElement\":[{\"@type\":\"ListItem\",\"position\":1,\"name\":\"Anasayfa\",\"item\":\"https:\/\/dooraykapi.com\/ar\/\"},{\"@type\":\"ListItem\",\"position\":2,\"name\":\"\u0627\u0644\u0634\u0647\u0627\u062f\u0627\u062a\"}]},{\"@type\":\"WebSite\",\"@id\":\"https:\/\/dooraykapi.com\/#website\",\"url\":\"https:\/\/dooraykapi.com\/\",\"name\":\"Dooray Kap\u0131\",\"description\":\"\u015eehrin Sa\u011flam Kap\u0131s\u0131\",\"publisher\":{\"@id\":\"https:\/\/dooraykapi.com\/#organization\"},\"potentialAction\":[{\"@type\":\"SearchAction\",\"target\":{\"@type\":\"EntryPoint\",\"urlTemplate\":\"https:\/\/dooraykapi.com\/?s={search_term_string}\"},\"query-input\":{\"@type\":\"PropertyValueSpecification\",\"valueRequired\":true,\"valueName\":\"search_term_string\"}}],\"inLanguage\":\"ar\"},{\"@type\":\"Organization\",\"@id\":\"https:\/\/dooraykapi.com\/#organization\",\"name\":\"Dooray Kap\u0131\",\"url\":\"https:\/\/dooraykapi.com\/\",\"logo\":{\"@type\":\"ImageObject\",\"inLanguage\":\"ar\",\"@id\":\"https:\/\/dooraykapi.com\/#\/schema\/logo\/image\/\",\"url\":\"https:\/\/dooraykapi.com\/wp-content\/uploads\/Dooray-Kapi-Logo-logoson-kopyasi.png\",\"contentUrl\":\"https:\/\/dooraykapi.com\/wp-content\/uploads\/Dooray-Kapi-Logo-logoson-kopyasi.png\",\"width\":3253,\"height\":731,\"caption\":\"Dooray Kap\u0131\"},\"image\":{\"@id\":\"https:\/\/dooraykapi.com\/#\/schema\/logo\/image\/\"},\"sameAs\":[\"https:\/\/facebook.com\/dooraykapi\"]}]}<\/script>\n<!-- \/ Yoast SEO Premium plugin. -->","yoast_head_json":{"title":"\u0627\u0644\u0634\u0647\u0627\u062f\u0627\u062a - Dooray Kap\u0131","robots":{"index":"index","follow":"follow","max-snippet":"max-snippet:-1","max-image-preview":"max-image-preview:large","max-video-preview":"max-video-preview:-1"},"canonical":"https:\/\/dooraykapi.com\/ar\/sertifikalar\/","og_locale":"ar_AR","og_type":"article","og_title":"\u0627\u0644\u0634\u0647\u0627\u062f\u0627\u062a","og_description":"SERT\u0130F\u0130KALARIMIZT\u00fcm Avrupa ve Ortado\u011fu \u00fclkeleri standartlar\u0131na uyumlu \u00fcretim yapmaktay\u0131z. Her \u00fclkenin kendi yang\u0131n y\u00f6netmeli\u011fine g\u00f6re standartlar\u0131 mevcut. Gerekli oldu\u011fu durumlarda yeni sertifikalarla \u00fcr\u00fcnlerimizin standartlara uygunlu\u011funu destekleyebiliriz.icon [\u2026]","og_url":"https:\/\/dooraykapi.com\/ar\/sertifikalar\/","og_site_name":"Dooray Kap\u0131","article_publisher":"https:\/\/facebook.com\/dooraykapi","article_modified_time":"2022-11-09T09:26:48+00:00","og_image":[{"url":"https:\/\/dooray.com.tr\/wp-content\/uploads\/sertifika-1.jpg","type":"","width":"","height":""}],"twitter_card":"summary_large_image","twitter_misc":{"Est. reading time":"2 minutes"},"schema":{"@context":"https:\/\/schema.org","@graph":[{"@type":"WebPage","@id":"https:\/\/dooraykapi.com\/ar\/sertifikalar\/","url":"https:\/\/dooraykapi.com\/ar\/sertifikalar\/","name":"\u0627\u0644\u0634\u0647\u0627\u062f\u0627\u062a - Dooray Kap\u0131","isPartOf":{"@id":"https:\/\/dooraykapi.com\/#website"},"primaryImageOfPage":{"@id":"https:\/\/dooraykapi.com\/ar\/sertifikalar\/#primaryimage"},"image":{"@id":"https:\/\/dooraykapi.com\/ar\/sertifikalar\/#primaryimage"},"thumbnailUrl":"https:\/\/dooray.com.tr\/wp-content\/uploads\/sertifika-1.jpg","datePublished":"2022-04-07T12:14:03+00:00","dateModified":"2022-11-09T09:26:48+00:00","breadcrumb":{"@id":"https:\/\/dooraykapi.com\/ar\/sertifikalar\/#breadcrumb"},"inLanguage":"ar","potentialAction":[{"@type":"ReadAction","target":["https:\/\/dooraykapi.com\/ar\/sertifikalar\/"]}]},{"@type":"ImageObject","inLanguage":"ar","@id":"https:\/\/dooraykapi.com\/ar\/sertifikalar\/#primaryimage","url":"https:\/\/dooray.com.tr\/wp-content\/uploads\/sertifika-1.jpg","contentUrl":"https:\/\/dooray.com.tr\/wp-content\/uploads\/sertifika-1.jpg"},{"@type":"BreadcrumbList","@id":"https:\/\/dooraykapi.com\/ar\/sertifikalar\/#breadcrumb","itemListElement":[{"@type":"ListItem","position":1,"name":"Anasayfa","item":"https:\/\/dooraykapi.com\/ar\/"},{"@type":"ListItem","position":2,"name":"\u0627\u0644\u0634\u0647\u0627\u062f\u0627\u062a"}]},{"@type":"WebSite","@id":"https:\/\/dooraykapi.com\/#website","url":"https:\/\/dooraykapi.com\/","name":"Dooray Kap\u0131","description":"\u015eehrin Sa\u011flam Kap\u0131s\u0131","publisher":{"@id":"https:\/\/dooraykapi.com\/#organization"},"potentialAction":[{"@type":"SearchAction","target":{"@type":"EntryPoint","urlTemplate":"https:\/\/dooraykapi.com\/?s={search_term_string}"},"query-input":{"@type":"PropertyValueSpecification","valueRequired":true,"valueName":"search_term_string"}}],"inLanguage":"ar"},{"@type":"Organization","@id":"https:\/\/dooraykapi.com\/#organization","name":"Dooray Kap\u0131","url":"https:\/\/dooraykapi.com\/","logo":{"@type":"ImageObject","inLanguage":"ar","@id":"https:\/\/dooraykapi.com\/#\/schema\/logo\/image\/","url":"https:\/\/dooraykapi.com\/wp-content\/uploads\/Dooray-Kapi-Logo-logoson-kopyasi.png","contentUrl":"https:\/\/dooraykapi.com\/wp-content\/uploads\/Dooray-Kapi-Logo-logoson-kopyasi.png","width":3253,"height":731,"caption":"Dooray Kap\u0131"},"image":{"@id":"https:\/\/dooraykapi.com\/#\/schema\/logo\/image\/"},"sameAs":["https:\/\/facebook.com\/dooraykapi"]}]}},"_links":{"self":[{"href":"https:\/\/dooraykapi.com\/ar\/wp-json\/wp\/v2\/pages\/1313","targetHints":{"allow":["GET"]}}],"collection":[{"href":"https:\/\/dooraykapi.com\/ar\/wp-json\/wp\/v2\/pages"}],"about":[{"href":"https:\/\/dooraykapi.com\/ar\/wp-json\/wp\/v2\/types\/page"}],"author":[{"embeddable":true,"href":"https:\/\/dooraykapi.com\/ar\/wp-json\/wp\/v2\/users\/1"}],"replies":[{"embeddable":true,"href":"https:\/\/dooraykapi.com\/ar\/wp-json\/wp\/v2\/comments?post=1313"}],"version-history":[{"count":0,"href":"https:\/\/dooraykapi.com\/ar\/wp-json\/wp\/v2\/pages\/1313\/revisions"}],"wp:attachment":[{"href":"https:\/\/dooraykapi.com\/ar\/wp-json\/wp\/v2\/media?parent=1313"}],"curies":[{"name":"wp","href":"https:\/\/api.w.org\/{rel}","templated":true}]}}