{"id":1325,"date":"2022-04-07T18:20:40","date_gmt":"2022-04-07T15:20:40","guid":{"rendered":"https:\/\/dooraykapi.com\/aydinlatma-metni\/"},"modified":"2022-11-08T17:23:08","modified_gmt":"2022-11-08T14:23:08","slug":"aydinlatma-metni","status":"publish","type":"page","link":"https:\/\/dooraykapi.com\/ar\/aydinlatma-metni\/","title":{"rendered":"Ayd\u0131nlatma Metni"},"content":{"rendered":"\n<p>K\u0130\u015e\u0130SEL VER\u0130LER\u0130N KORUNMASI<br\/>icon<br\/>icon-database-line<br\/><br\/>\u0130\u015fbu Ayd\u0131nlatma ve R\u0131za Metni ile veri sorumlusu s\u0131fat\u0131yla hareket eden DOORAY KAPI 6698 say\u0131l\u0131 Ki\u015fisel Verilerin Korunmas\u0131 Kanunu\u2019na uygun olarak KVKK prosed\u00fcr\u00fcnde tan\u0131mlanm\u0131\u015f ilgili ki\u015filerin, ki\u015fisel verilerinin i\u015flenmesine ili\u015fkin a\u00e7\u0131klamalarda bulunmak ve bilgilendirmek amac\u0131yla bu bilgilendirme metnini haz\u0131rlam\u0131\u015ft\u0131r. Bu metin ile ilgili Kanun uyar\u0131nca DOORAY KAPI nezdindeki ki\u015fisel verileriniz a\u015fa\u011f\u0131da a\u00e7\u0131klanan i\u015flenme ama\u00e7lar\u0131, hukuki nedenleri, bilgilerin toplanma y\u00f6ntemleri, kimlere ve hangi ama\u00e7larla aktar\u0131labilece\u011fine ili\u015fkin olarak sizleri bilgilendirmektedir.\n<br\/>\n<br\/>Kanun kapsam\u0131nda ki\u015fisel veri, kimli\u011fi belirli veya belirlenebilir ger\u00e7ek ki\u015fiye ili\u015fkin her t\u00fcrl\u00fc veriyi kapsamaktad\u0131r. Ki\u015fisel verinin \u00f6zel bir t\u00fcr\u00fc olan \u00d6zel Nitelikli Ki\u015fisel Veri, \u0131rk, etnik k\u00f6ken, siyasi d\u00fc\u015f\u00fcnce, felsefi inan\u00e7, din, mezhep, di\u011fer inan\u00e7lar, k\u0131l\u0131k ve k\u0131yafet, dernek, vak\u0131f veya sendika \u00fcyeli\u011fi, sa\u011fl\u0131k, cinsel hayat, ceza mahkumiyeti ve g\u00fcvenlik tedbirleri, biyometrik ve genetik verileri ifade eder.<br\/>A\u00e7\u0131klama Metni<br\/>no-repeat;left top;;<br\/>auto<br\/><br\/><\/p><h4>1. K\u0130\u015e\u0130SEL VER\u0130LER\u0130N TOPLANMASINA \u0130L\u0130\u015eK\u0130N Y\u00d6NTEMLER\u0130 VE HUKUK\u0130 SEBEB\u0130<\/h4>&#13;<br\/>Toplanan veriler, DOORAY KAPI&#8217;n\u0131n i\u015f ortaklar\u0131ndan, tedarik\u00e7ilerinden, bayilerden (potansiyel i\u015f ortaklar\u0131, tedarik\u00e7iler ve bayilerde dahil olmak \u00fczere) a\u015fa\u011f\u0131da say\u0131lan kanallar vas\u0131tas\u0131yla otomatik ya da otomatik olmayan y\u00f6ntemlerle, s\u00f6zl\u00fc, yaz\u0131l\u0131 veya elektronik yollar ile iletilen verilerdir.&#13;<br\/>Ki\u015fisel verileriniz, tamamen veya k\u0131smen otomatik yollarla ya da veri kay\u0131t sisteminin par\u00e7as\u0131 olmak kayd\u0131yla otomatik olmayan y\u00f6ntemlerle elde edilmektedir.&#13;<br\/>&#13;<br\/>DOORAY KAPI taraf\u0131ndan veri sorumlusu s\u0131fat\u0131 ile, KVKK ve ilgili di\u011fer mevzuattan kaynaklanan yasal y\u00fck\u00fcml\u00fcl\u00fcklerimiz \u00e7er\u00e7evesinde; internet sitesi, mobil uygulamalar, \u00e7a\u011fr\u0131 merkezi, ma\u011fazalar, sosyal medya mecralar\u0131, do\u011frudan veya yetkilendirilmi\u015f ileti\u015fim kanallar\u0131 ve fiziki kanallar gibi farkl\u0131 kanallarda icra edilen \u00fcretim ve d\u00fczenleme s\u00fcre\u00e7lerindeki y\u00f6ntemlerle; bu kanallar\u0131 kullanarak sizlere kaliteli hizmetlerimizi sunmak ve bu \u00e7er\u00e7evede i\u015f ve ticari faaliyetlerimizi y\u00fcr\u00fctmek noktas\u0131nda uygulama imkan\u0131 bulan ilgili mevzuat, s\u00f6zle\u015fme, talep, ticari team\u00fcl ve d\u00fcr\u00fcstl\u00fck kurallar\u0131na dayal\u0131 olarak ortaya \u00e7\u0131kan ve icra edilen hukuki sebepler \u00e7er\u00e7evesinde a\u00e7\u0131k r\u0131zaya ba\u011fl\u0131 s\u00f6zl\u00fc, yaz\u0131l\u0131 ya da elektronik ki\u015fisel verileriniz, \u00f6zel nitelikli ki\u015fisel veriler de dahil olmak \u00fczere toplanmaktad\u0131r.&#13;<br\/>&#13;<br\/>Bu kapsamda ki\u015fisel verileriniz, DOORAY KAPI veya DOORAY KAPI ad\u0131na veri i\u015fleyen ger\u00e7ek ya da t\u00fczel ki\u015filer taraf\u0131ndan, say\u0131lanlarla s\u0131n\u0131rl\u0131 olmamak \u00fczere, yaz\u0131l\u0131 veya elektronik olarak, a\u015fa\u011f\u0131da belirtilen y\u00f6ntemlerle toplanabilir;&#13;<br\/>&#13;<br\/>Elektronik ya da fiziki olarak doldurdu\u011funuz \u00fcyelik formu,&#13;<br\/>\u0130nternet sitelerimize \u00fcyelik veya giri\u015f s\u0131ras\u0131nda \u00fcye giri\u015fi yapman\u0131z\u0131 sa\u011flayan B2b ve sosyal a\u011flar,&#13;<br\/>\u0130nternet sitelerimiz veya \u00fc\u00e7\u00fcnc\u00fc ki\u015filere ait internet sitelerinde yer alan, bizimle ileti\u015fime ge\u00e7mek, hizmet ve destek almak \u00fczere doldurdu\u011funuz ileti\u015fim formlar\u0131,&#13;<br\/>\u00c7evirim i\u00e7i al\u0131\u015fveri\u015f uygulamalar\u0131, sizi tan\u0131mak i\u00e7in kullan\u0131lan \u00e7erezler (cookies), mobil uygulamalar\u0131m\u0131z,&#13;<br\/>\u015eirketimiz ile imzalam\u0131\u015f oldu\u011funuz muhtelif s\u00f6zle\u015fmeler ile \u015eirketimize g\u00f6ndermi\u015f oldu\u011funuz elektronik postalar, faks, kargo ve mektuplar,&#13;<br\/>\u015eirketimiz ad\u0131na veri i\u015fleyen yahut \u00fcyelik program\u0131 s\u00fcrecinin herhangi bir safhas\u0131nda \u015firketimize destek veren \u00fc\u00e7\u00fcnc\u00fc ki\u015fi veya firmalar,&#13;<br\/>\u00c7al\u0131\u015fanlar\u0131m\u0131z, dijital pazarlama ve \u00e7a\u011fr\u0131 merkezi dahil olmak \u00fczere m\u00fc\u015fteri hizmetleri kanallar\u0131m\u0131z,&#13;<br\/>Sosyal medya kanallar\u0131, Google vb. arama motorlar\u0131n\u0131n kullan\u0131m\u0131,&#13;<br\/>\u00dcyelik s\u00f6zle\u015fmeleri ve sair di\u011fer s\u00f6zle\u015fmeler, kampanyalar, ba\u015fvurular, formlar, teklifler,&#13;<br\/>Bayilerimiz, ve di\u011fer sat\u0131\u015f a\u011f\u0131.&#13;<br\/>&#13;<br\/>Toplanan ki\u015fisel veriler Kanun\u2019un 5. ve 6. maddelerinde ve bu Ayd\u0131nlatma ve R\u0131za Metni\u2019nde belirtilen ama\u00e7larla i\u015flenebilmekte ve aktar\u0131labilmektedir.<br\/>Madde 1<br\/>no-repeat;left top;;<br\/>auto<br\/><br\/><h4>2. K\u0130\u015e\u0130SEL VER\u0130LER\u0130N \u0130\u015eLENMES\u0130 VE \u0130\u015eLEME AMA\u00c7LARI<\/h4>&#13;<br\/>DOORAY KAPI olarak, veri sorumlusu s\u0131fat\u0131 ile, yaz\u0131l\u0131 ileti\u015fim kanallar\u0131m\u0131z, sosyal medya sayfalar\u0131m\u0131z, mobil ileti\u015fim kanallar\u0131, ve\/veya bunlarla s\u0131n\u0131rl\u0131 olmamak \u00fczere her t\u00fcrl\u00fc kanallar arac\u0131l\u0131\u011f\u0131 ile; a\u00e7\u0131k r\u0131zan\u0131z ile elde etti\u011fimiz ki\u015fisel ve\/veya \u00f6zel nitelikli ki\u015fisel verileriniz tamamen veya k\u0131smen elde edilebilir, kaydedilebilir, saklanabilir, depolanabilir, de\u011fi\u015ftirilebilir, g\u00fcncellenebilir, periyodik olarak kontrol edilebilir, yeniden d\u00fczenlenebilir, s\u0131n\u0131fland\u0131r\u0131labilir, i\u015flendikleri ama\u00e7 i\u00e7in gerekli olan ya da ilgili kanunda \u00f6ng\u00f6r\u00fclen s\u00fcre kadar muhafaza edilebilir, kanuni ya da hizmete ba\u011fl\u0131 fiili gereklilikler halinde DOORAY KAPI&#8217;n\u0131n birlikte \u00e7al\u0131\u015ft\u0131\u011f\u0131 \u00f6zel-t\u00fczel ki\u015filerle, grup \u015firketleri veya i\u015fbirli\u011fi yapt\u0131\u011f\u0131 \u015firketlerle ya da kanunen y\u00fck\u00fcml\u00fc oldu\u011fu kamu kurum ve kurulu\u015flar\u0131yla ve\/veya T\u00fcrkiye&#8217;de veya yurtd\u0131\u015f\u0131nda mukim olan ilgili 3. ki\u015fi ger\u00e7ek ki\u015fi\/t\u00fczel ki\u015filerle payla\u015f\u0131labilir\/devredilebilir, kanuni ya da hizmete ba\u011fl\u0131 fiili gereklilikler halinde yurtd\u0131\u015f\u0131na aktar\u0131labilir. DOORAY KAPI m\u00fc\u015fterilerinin markalar\u0131m\u0131z\u0131n hizmetlerinden faydalanabilmesi, onay\u0131n\u0131z halinde ticari ve pazarlama stratejilerimizi belirlemek, geli\u015ftirmek amac\u0131 ile kampanyalar\u0131m\u0131z hakk\u0131nda sizleri bilgilendirmek, \u00f6neri ve \u015fikayetlerinizi kay\u0131t alt\u0131na alabilmek, sizleri daha iyi tan\u0131yarak ihtiya\u00e7lar\u0131n\u0131z do\u011frultusunda hizmet vermek, sat\u0131\u015f, pazarlama, reklam ve tan\u0131t\u0131m faaliyetlerimizin y\u00fcr\u00fct\u00fclmesinde \u00f6nc\u00fcl\u00fck etmeniz, sat\u0131\u015f ve pazarlama faaliyetleri i\u00e7in yap\u0131lacak analizler ve profilleme \u00e7al\u0131\u015fmalar\u0131n\u0131 yapabilmemiz, sizlere daha iyi hizmet standartlar\u0131 olu\u015fturabilmek, Gize Door ticari ve i\u015f stratejilerinin belirlenmesi ve uygulanmas\u0131 gibi ama\u00e7larla ve her hal\u00fckarda 6698 say\u0131l\u0131 Ki\u015fisel Verilerin Korunmas\u0131Kanunu ve ilgili mevzuata uygun olarak ki\u015fisel verilerinizi i\u015fleyebilece\u011fimizi bilginize sunar\u0131z.<br\/>Madde 2<br\/>no-repeat;left top;;<br\/>auto<br\/><br\/><h4>3. K\u0130\u015e\u0130SEL VER\u0130LER\u0130N AKTARILMASI<\/h4>&#13;<br\/>DOORAY KAPI s\u00f6z konusu ki\u015fisel verilerinizi sadece; a\u00e7\u0131k r\u0131zan\u0131za istinaden veya 6698 say\u0131l\u0131 Kanun\u2019da ve ilgili mevzuatta belirtilen g\u00fcvenlik ve gizlilik esaslar\u0131 \u00e7er\u00e7evesinde yeterli \u00f6nlemler al\u0131nmak kayd\u0131yla yurt i\u00e7inde ve gerekli g\u00fcvenlik \u00f6nlemlerinin al\u0131nmas\u0131 \u015fart\u0131yla yurtd\u0131\u015f\u0131nda, \u015eirket faaliyetlerinin y\u00fcr\u00fct\u00fclmesi, veri sahipleri ile m\u00fc\u015fterilerimiz aras\u0131ndaki i\u015f ili\u015fkisinin sa\u011flanmas\u0131 ve\/veya bu ama\u00e7la g\u00f6r\u00fc\u015fmeler yap\u0131lmas\u0131, hizmetler, f\u0131rsat ve olanaklar sunulmas\u0131 ve hizmet kalitesinin art\u0131r\u0131lmas\u0131 amac\u0131yla; grup \u015firketlerimiz, i\u015f ortaklar\u0131m\u0131z, i\u015f ba\u011flant\u0131lar\u0131m\u0131z, bayilerimiz, Kulland\u0131\u011f\u0131m\u0131z bili\u015fim teknolojileri gere\u011fi, yurt i\u00e7inde ya da yurtd\u0131\u015f\u0131nda bulunan sunucular ve bu sunucu deste\u011fini veren firmalar ile fiziksel server ve\/veya bulut hizmeti ald\u0131\u011f\u0131m\u0131z yurt i\u00e7i\/yurt d\u0131\u015f\u0131 ki\u015fi ve kurumlar, \u015eirketimiz ad\u0131na veri i\u015fleyen, m\u00fc\u015fteri memnuniyeti \u00f6l\u00e7\u00fcmleme, profilleme deste\u011fi veren, sat\u0131\u015f ve pazarlama alan\u0131nda ki\u015fisel verilerin i\u015flenmesi gereken konularda destek veren firmalar, faaliyetlerimizin gere\u011fi anla\u015fmal\u0131 oldu\u011fumuz ve hizmet sundu\u011fumuz m\u00fc\u015fteriler, tedarik\u00e7iler, \u015firket avukatlar\u0131m\u0131z ve mali m\u00fc\u015favirler, denetim \u015firketleri veya yasal bir zorunluluk gere\u011fi bu verileri talep etmeye yetkili olan kamu kurum veya kurulu\u015flar\u0131, bunlarla s\u0131n\u0131rl\u0131 olmamak \u00fczere ilgili di\u011fer otoriteler ile payla\u015fabilecektir.<br\/>Madde 3<br\/>no-repeat;left top;;<br\/>auto<br\/><br\/><h4>4. K\u0130\u015e\u0130SEL VER\u0130 SAH\u0130B\u0130N\u0130N KVK KANUNU\u2019NUN (\u201cKANUN\u201d) 11. MADDES\u0130NDE SAYILAN HAKLARI<\/h4>&#13;<br\/><h5>DOORAY KAPI ile ilgili ki\u015filerin a\u015fa\u011f\u0131daki taleplerine kar\u015f\u0131l\u0131k verecektir:<\/h5>&#13;<br\/>&#13;<br\/>a) DOORAY KAPI&#8217;n\u0131n kendilerine ili\u015fkin ki\u015fisel verileri i\u015fleyip i\u015flemedi\u011fini ve hangi ki\u015fisel verileri i\u015fledi\u011fini \u00f6\u011frenme,&#13;<br\/>&#13;<br\/>b)ki\u015fisel verilerin i\u015flenme amac\u0131n\u0131 ve bunlar\u0131n amac\u0131na uygun kullan\u0131l\u0131p kullan\u0131lmad\u0131\u011f\u0131n\u0131 \u00f6\u011frenme,&#13;<br\/>&#13;<br\/>c) DOORAY KAPI&#8217;n\u0131n yurt i\u00e7inde veya yurt d\u0131\u015f\u0131nda ki\u015fisel verileri aktard\u0131\u011f\u0131 \u00fc\u00e7\u00fcnc\u00fc ki\u015fileri bilme,&#13;<br\/>&#13;<br\/>d) ki\u015fisel verilerin eksik veya yanl\u0131\u015f i\u015flenmi\u015f olmas\u0131 h\u00e2linde bunlar\u0131n d\u00fczeltilmesini isteme ve bu kapsamda yap\u0131lan i\u015flemin ki\u015fisel verilerin aktar\u0131ld\u0131\u011f\u0131 \u00fc\u00e7\u00fcnc\u00fc ki\u015filere bildirilmesini isteme,&#13;<br\/>&#13;<br\/>e) Kanuna uygun olarak ki\u015fisel verilerin silinmesini veya yok edilmesini isteme&#13;<br\/>&#13;<br\/>f) Ki\u015fisel verilerin d\u00fczeltilmesi, silinmesi ya da yok edilmesi talebi halinde; yap\u0131lan i\u015flemlerin ki\u015fisel verilerin aktar\u0131ld\u0131\u011f\u0131 \u00fc\u00e7\u00fcnc\u00fc ki\u015filere bildirilmesini isteme,&#13;<br\/>&#13;<br\/>g) ki\u015fisel verilerin kanuna ayk\u0131r\u0131 olarak i\u015flenmesi sebebiyle zarara u\u011framas\u0131 h\u00e2linde zarar\u0131n giderilmesini talep etme&#13;<br\/>&#13;<br\/>h) Ki\u015fisel verilerinin birer kopyas\u0131n\u0131 alma.&#13;<br\/>&#13;<br\/><h5>G\u00f6r\u00fc\u015f ve sorular\u0131n\u0131zla ilgili bizimle ileti\u015fime ge\u00e7ebilirsiniz.<\/h5>&#13;<br\/>\u015eirket \u00dcnvan\u0131\t: DOORAY KAPI&#13;<br\/>E-mail adresi \t: <a href=\"mailto:info@dooray.com.tr\">info@dooray.com.tr<\/a>&#13;<br\/>Posta adresi \t\t: A.Gazi Mah. Atayolu Cad. No:85\/A PK:34887 Sancaktepe \/ \u0130stanbul<br\/>Madde 4<br\/>no-repeat;left top;;<br\/>auto<br\/><br\/>\n","protected":false},"excerpt":{"rendered":"<p>K\u0130\u015e\u0130SEL VER\u0130LER\u0130N KORUNMASIiconicon-database-line \u0130\u015fbu Ayd\u0131nlatma ve R\u0131za Metni ile veri sorumlusu s\u0131fat\u0131yla hareket eden DOORAY KAPI 6698 say\u0131l\u0131 Ki\u015fisel Verilerin Korunmas\u0131 Kanunu\u2019na uygun olarak KVKK prosed\u00fcr\u00fcnde<span class=\"excerpt-hellip\"> [\u2026]<\/span><\/p>\n","protected":false},"author":1,"featured_media":0,"parent":0,"menu_order":0,"comment_status":"closed","ping_status":"closed","template":"","meta":{"_joinchat":[],"footnotes":""},"class_list":["post-1325","page","type-page","status-publish","hentry"],"yoast_head":"<!-- This site is optimized with the Yoast SEO Premium plugin v25.2 (Yoast SEO v26.6) - https:\/\/yoast.com\/wordpress\/plugins\/seo\/ -->\n<title>Ayd\u0131nlatma Metni - Dooray Kap\u0131<\/title>\n<meta name=\"description\" content=\"Dooray Yang\u0131n Ve Metal Kap\u0131 Sistemleri LTD. \u015eT\u0130. | Ki\u015fisel verilerin korunmas\u0131 kanunu ayd\u0131nlatma metni KVKK.\" \/>\n<meta name=\"robots\" content=\"index, follow, max-snippet:-1, max-image-preview:large, max-video-preview:-1\" \/>\n<link rel=\"canonical\" href=\"https:\/\/dooraykapi.com\/ar\/aydinlatma-metni\/\" \/>\n<meta property=\"og:locale\" content=\"ar_AR\" \/>\n<meta property=\"og:type\" content=\"article\" \/>\n<meta property=\"og:title\" content=\"Ayd\u0131nlatma Metni\" \/>\n<meta property=\"og:description\" content=\"Dooray Yang\u0131n Ve Metal Kap\u0131 Sistemleri LTD. \u015eT\u0130. | Ki\u015fisel verilerin korunmas\u0131 kanunu ayd\u0131nlatma metni KVKK.\" \/>\n<meta property=\"og:url\" content=\"https:\/\/dooraykapi.com\/ar\/aydinlatma-metni\/\" \/>\n<meta property=\"og:site_name\" content=\"Dooray Kap\u0131\" \/>\n<meta property=\"article:publisher\" content=\"https:\/\/facebook.com\/dooraykapi\" \/>\n<meta property=\"article:modified_time\" content=\"2022-11-08T14:23:08+00:00\" \/>\n<meta name=\"twitter:card\" content=\"summary_large_image\" \/>\n<meta name=\"twitter:label1\" content=\"Est. reading time\" \/>\n\t<meta name=\"twitter:data1\" content=\"7 minutes\" \/>\n<script type=\"application\/ld+json\" class=\"yoast-schema-graph\">{\"@context\":\"https:\/\/schema.org\",\"@graph\":[{\"@type\":\"WebPage\",\"@id\":\"https:\/\/dooraykapi.com\/ar\/aydinlatma-metni\/\",\"url\":\"https:\/\/dooraykapi.com\/ar\/aydinlatma-metni\/\",\"name\":\"Ayd\u0131nlatma Metni - Dooray Kap\u0131\",\"isPartOf\":{\"@id\":\"https:\/\/dooraykapi.com\/#website\"},\"datePublished\":\"2022-04-07T15:20:40+00:00\",\"dateModified\":\"2022-11-08T14:23:08+00:00\",\"description\":\"Dooray Yang\u0131n Ve Metal Kap\u0131 Sistemleri LTD. \u015eT\u0130. | Ki\u015fisel verilerin korunmas\u0131 kanunu ayd\u0131nlatma metni KVKK.\",\"breadcrumb\":{\"@id\":\"https:\/\/dooraykapi.com\/ar\/aydinlatma-metni\/#breadcrumb\"},\"inLanguage\":\"ar\",\"potentialAction\":[{\"@type\":\"ReadAction\",\"target\":[\"https:\/\/dooraykapi.com\/ar\/aydinlatma-metni\/\"]}]},{\"@type\":\"BreadcrumbList\",\"@id\":\"https:\/\/dooraykapi.com\/ar\/aydinlatma-metni\/#breadcrumb\",\"itemListElement\":[{\"@type\":\"ListItem\",\"position\":1,\"name\":\"Anasayfa\",\"item\":\"https:\/\/dooraykapi.com\/ar\/\"},{\"@type\":\"ListItem\",\"position\":2,\"name\":\"Ayd\u0131nlatma Metni\"}]},{\"@type\":\"WebSite\",\"@id\":\"https:\/\/dooraykapi.com\/#website\",\"url\":\"https:\/\/dooraykapi.com\/\",\"name\":\"Dooray Kap\u0131\",\"description\":\"\u015eehrin Sa\u011flam Kap\u0131s\u0131\",\"publisher\":{\"@id\":\"https:\/\/dooraykapi.com\/#organization\"},\"potentialAction\":[{\"@type\":\"SearchAction\",\"target\":{\"@type\":\"EntryPoint\",\"urlTemplate\":\"https:\/\/dooraykapi.com\/?s={search_term_string}\"},\"query-input\":{\"@type\":\"PropertyValueSpecification\",\"valueRequired\":true,\"valueName\":\"search_term_string\"}}],\"inLanguage\":\"ar\"},{\"@type\":\"Organization\",\"@id\":\"https:\/\/dooraykapi.com\/#organization\",\"name\":\"Dooray Kap\u0131\",\"url\":\"https:\/\/dooraykapi.com\/\",\"logo\":{\"@type\":\"ImageObject\",\"inLanguage\":\"ar\",\"@id\":\"https:\/\/dooraykapi.com\/#\/schema\/logo\/image\/\",\"url\":\"https:\/\/dooraykapi.com\/wp-content\/uploads\/Dooray-Kapi-Logo-logoson-kopyasi.png\",\"contentUrl\":\"https:\/\/dooraykapi.com\/wp-content\/uploads\/Dooray-Kapi-Logo-logoson-kopyasi.png\",\"width\":3253,\"height\":731,\"caption\":\"Dooray Kap\u0131\"},\"image\":{\"@id\":\"https:\/\/dooraykapi.com\/#\/schema\/logo\/image\/\"},\"sameAs\":[\"https:\/\/facebook.com\/dooraykapi\"]}]}<\/script>\n<!-- \/ Yoast SEO Premium plugin. -->","yoast_head_json":{"title":"Ayd\u0131nlatma Metni - Dooray Kap\u0131","description":"Dooray Yang\u0131n Ve Metal Kap\u0131 Sistemleri LTD. \u015eT\u0130. | Ki\u015fisel verilerin korunmas\u0131 kanunu ayd\u0131nlatma metni KVKK.","robots":{"index":"index","follow":"follow","max-snippet":"max-snippet:-1","max-image-preview":"max-image-preview:large","max-video-preview":"max-video-preview:-1"},"canonical":"https:\/\/dooraykapi.com\/ar\/aydinlatma-metni\/","og_locale":"ar_AR","og_type":"article","og_title":"Ayd\u0131nlatma Metni","og_description":"Dooray Yang\u0131n Ve Metal Kap\u0131 Sistemleri LTD. \u015eT\u0130. | Ki\u015fisel verilerin korunmas\u0131 kanunu ayd\u0131nlatma metni KVKK.","og_url":"https:\/\/dooraykapi.com\/ar\/aydinlatma-metni\/","og_site_name":"Dooray Kap\u0131","article_publisher":"https:\/\/facebook.com\/dooraykapi","article_modified_time":"2022-11-08T14:23:08+00:00","twitter_card":"summary_large_image","twitter_misc":{"Est. reading time":"7 minutes"},"schema":{"@context":"https:\/\/schema.org","@graph":[{"@type":"WebPage","@id":"https:\/\/dooraykapi.com\/ar\/aydinlatma-metni\/","url":"https:\/\/dooraykapi.com\/ar\/aydinlatma-metni\/","name":"Ayd\u0131nlatma Metni - Dooray Kap\u0131","isPartOf":{"@id":"https:\/\/dooraykapi.com\/#website"},"datePublished":"2022-04-07T15:20:40+00:00","dateModified":"2022-11-08T14:23:08+00:00","description":"Dooray Yang\u0131n Ve Metal Kap\u0131 Sistemleri LTD. \u015eT\u0130. | Ki\u015fisel verilerin korunmas\u0131 kanunu ayd\u0131nlatma metni KVKK.","breadcrumb":{"@id":"https:\/\/dooraykapi.com\/ar\/aydinlatma-metni\/#breadcrumb"},"inLanguage":"ar","potentialAction":[{"@type":"ReadAction","target":["https:\/\/dooraykapi.com\/ar\/aydinlatma-metni\/"]}]},{"@type":"BreadcrumbList","@id":"https:\/\/dooraykapi.com\/ar\/aydinlatma-metni\/#breadcrumb","itemListElement":[{"@type":"ListItem","position":1,"name":"Anasayfa","item":"https:\/\/dooraykapi.com\/ar\/"},{"@type":"ListItem","position":2,"name":"Ayd\u0131nlatma Metni"}]},{"@type":"WebSite","@id":"https:\/\/dooraykapi.com\/#website","url":"https:\/\/dooraykapi.com\/","name":"Dooray Kap\u0131","description":"\u015eehrin Sa\u011flam Kap\u0131s\u0131","publisher":{"@id":"https:\/\/dooraykapi.com\/#organization"},"potentialAction":[{"@type":"SearchAction","target":{"@type":"EntryPoint","urlTemplate":"https:\/\/dooraykapi.com\/?s={search_term_string}"},"query-input":{"@type":"PropertyValueSpecification","valueRequired":true,"valueName":"search_term_string"}}],"inLanguage":"ar"},{"@type":"Organization","@id":"https:\/\/dooraykapi.com\/#organization","name":"Dooray Kap\u0131","url":"https:\/\/dooraykapi.com\/","logo":{"@type":"ImageObject","inLanguage":"ar","@id":"https:\/\/dooraykapi.com\/#\/schema\/logo\/image\/","url":"https:\/\/dooraykapi.com\/wp-content\/uploads\/Dooray-Kapi-Logo-logoson-kopyasi.png","contentUrl":"https:\/\/dooraykapi.com\/wp-content\/uploads\/Dooray-Kapi-Logo-logoson-kopyasi.png","width":3253,"height":731,"caption":"Dooray Kap\u0131"},"image":{"@id":"https:\/\/dooraykapi.com\/#\/schema\/logo\/image\/"},"sameAs":["https:\/\/facebook.com\/dooraykapi"]}]}},"_links":{"self":[{"href":"https:\/\/dooraykapi.com\/ar\/wp-json\/wp\/v2\/pages\/1325","targetHints":{"allow":["GET"]}}],"collection":[{"href":"https:\/\/dooraykapi.com\/ar\/wp-json\/wp\/v2\/pages"}],"about":[{"href":"https:\/\/dooraykapi.com\/ar\/wp-json\/wp\/v2\/types\/page"}],"author":[{"embeddable":true,"href":"https:\/\/dooraykapi.com\/ar\/wp-json\/wp\/v2\/users\/1"}],"replies":[{"embeddable":true,"href":"https:\/\/dooraykapi.com\/ar\/wp-json\/wp\/v2\/comments?post=1325"}],"version-history":[{"count":0,"href":"https:\/\/dooraykapi.com\/ar\/wp-json\/wp\/v2\/pages\/1325\/revisions"}],"wp:attachment":[{"href":"https:\/\/dooraykapi.com\/ar\/wp-json\/wp\/v2\/media?parent=1325"}],"curies":[{"name":"wp","href":"https:\/\/api.w.org\/{rel}","templated":true}]}}