{"id":871,"date":"2022-04-25T17:49:12","date_gmt":"2022-04-25T14:49:12","guid":{"rendered":"https:\/\/dooraykapi.com\/akustik-kapi\/"},"modified":"2022-10-24T10:56:43","modified_gmt":"2022-10-24T07:56:43","slug":"acoustic-door","status":"publish","type":"page","link":"https:\/\/dooraykapi.com\/en\/acoustic-door\/","title":{"rendered":"Acoustic Door"},"content":{"rendered":"\n<p><p><img decoding=\"async\" src=\"https:\/\/dooraykapi.com\/wp-content\/uploads\/akustik-kapi-2.png\" alt=\"\"><br>full<br><br><\/p><h3>Akustik Kap\u0131n\u0131n \u00d6zellikleri Nelerdir ?<\/h3>\n<br>\n<br>Kap\u0131lar\u0131n iki y\u00f6n\u00fc de akustik olabilmektedir. Taleplere g\u00f6re tek y\u00f6n\u00fc akustik panel, di\u011fer y\u00f6n\u00fc akustik kuma\u015fla kaplanabilir. kap\u0131lar tek ya da \u00e7ift kanat olabilmektedir. Akustik kap\u0131lar\u0131n % 55 oran\u0131nda ses yal\u0131t\u0131m \u00f6zelli\u011fi vard\u0131r. Kap\u0131lar \u00fcretim sonras\u0131nda test a\u015famas\u0131ndan ge\u00e7mektedir.<br>no-repeat;left top;;<br>auto<br><br> <h1> AKUST\u0130K KAPI <\/h1> \n<br>\n<br>\n<br><h3> Akustik Kap\u0131 Nedir ? <\/h3>\n<br> Aksutik kap\u0131lar ses yal\u0131t\u0131m\u0131n\u0131n yap\u0131ld\u0131\u011f\u0131 ortamlarda kullan\u0131lan kap\u0131 modelidir.Akustik izolasyonu yap\u0131lm\u0131\u015f mekanlar\u0131n kap\u0131lar\u0131, standart oldu\u011funda sesi yans\u0131t\u0131r ve duyma kalitesini bozar.Akustik kap\u0131lar, d\u0131\u015far\u0131dan i\u00e7eriye ve i\u00e7eriden de d\u0131\u015far\u0131ya ses ak\u0131\u015f\u0131n\u0131 engelleyen, izolasyon \u00fcr\u00fcn\u00fc kap\u0131lard\u0131r. Mekan\u0131n ses yal\u0131t\u0131m\u0131 yap\u0131lm\u0131\u015f ise akustik kap\u0131lar tamamlay\u0131c\u0131 unsur olarak kullan\u0131lmaktad\u0131r.\n<br>\n<br>\n<br><h3> Akustik Kap\u0131 Nerelerde Kullan\u0131l\u0131r ? <\/h3>\n<br>Akustik kap\u0131lar daha \u00e7ok insanlar\u0131n yo\u011fun olarak bulundu\u011fu ortamlarda kullan\u0131l\u0131r. Bu ortamlar sinema ve tiyatro salonlar\u0131, konferans salonlar\u0131, al\u0131\u015f-veri\u015f merkezleri, ses kay\u0131t st\u00fcdyolar\u0131, sim\u00fcltane odalar\u0131, \u00e7ok ama\u00e7l\u0131 salonlar, televizyon st\u00fcdyolar\u0131 ve restoran gibi mekanlard\u0131r. \u00d6zellikle sahne-salon \u00f6zelli\u011fi olan alanlarda, ses d\u00fczeyi bozukluklar\u0131 ve duyma sorunlar\u0131 ya\u015fanmamas\u0131 i\u00e7in, yal\u0131t\u0131ml\u0131 yap\u0131 malzemeleri tercih edilmektedir.<br>no-repeat;left top;;<br>auto<br><br><img decoding=\"async\" src=\"https:\/\/dooraykapi.com\/wp-content\/uploads\/akustik-ses-yalitimli-kapi-2-1.png\" alt=\"\"><br>full<br><br><\/p>\n","protected":false},"excerpt":{"rendered":"<p>full Akustik Kap\u0131n\u0131n \u00d6zellikleri Nelerdir ? Kap\u0131lar\u0131n iki y\u00f6n\u00fc de akustik olabilmektedir. Taleplere g\u00f6re tek y\u00f6n\u00fc akustik panel, di\u011fer y\u00f6n\u00fc akustik kuma\u015fla kaplanabilir. kap\u0131lar tek ya<span class=\"excerpt-hellip\"> [\u2026]<\/span><\/p>\n","protected":false},"author":1,"featured_media":0,"parent":0,"menu_order":0,"comment_status":"closed","ping_status":"closed","template":"","meta":{"_joinchat":[],"footnotes":""},"class_list":["post-871","page","type-page","status-publish","hentry"],"yoast_head":"<!-- This site is optimized with the Yoast SEO Premium plugin v25.2 (Yoast SEO v26.6) - https:\/\/yoast.com\/wordpress\/plugins\/seo\/ -->\n<title>Dooray Kap\u0131 | Akustik Kap\u0131 Sistemleri<\/title>\n<meta name=\"description\" content=\"Dooray Aksutik kap\u0131lar\u0131 ses yal\u0131t\u0131m\u0131n\u0131n yap\u0131ld\u0131\u011f\u0131 ortamlarda kullan\u0131lan kap\u0131 modelidir.Akustik izolasyonu yap\u0131lm\u0131\u015f mekanlarda kullan\u0131l\u0131r.\" \/>\n<meta name=\"robots\" content=\"index, follow, max-snippet:-1, max-image-preview:large, max-video-preview:-1\" \/>\n<link rel=\"canonical\" href=\"https:\/\/dooraykapi.com\/en\/acoustic-door\/\" \/>\n<meta property=\"og:locale\" content=\"en_US\" \/>\n<meta property=\"og:type\" content=\"article\" \/>\n<meta property=\"og:title\" content=\"Acoustic Door\" \/>\n<meta property=\"og:description\" content=\"Dooray Aksutik kap\u0131lar\u0131 ses yal\u0131t\u0131m\u0131n\u0131n yap\u0131ld\u0131\u011f\u0131 ortamlarda kullan\u0131lan kap\u0131 modelidir.Akustik izolasyonu yap\u0131lm\u0131\u015f mekanlarda kullan\u0131l\u0131r.\" \/>\n<meta property=\"og:url\" content=\"https:\/\/dooraykapi.com\/en\/acoustic-door\/\" \/>\n<meta property=\"og:site_name\" content=\"Dooray Kap\u0131\" \/>\n<meta property=\"article:publisher\" content=\"https:\/\/facebook.com\/dooraykapi\" \/>\n<meta property=\"article:modified_time\" content=\"2022-10-24T07:56:43+00:00\" \/>\n<meta property=\"og:image\" content=\"https:\/\/dooraykapi.com\/wp-content\/uploads\/akustik-kapi-2.png\" \/>\n<meta name=\"twitter:card\" content=\"summary_large_image\" \/>\n<meta name=\"twitter:label1\" content=\"Est. reading time\" \/>\n\t<meta name=\"twitter:data1\" content=\"2 minutes\" \/>\n<script type=\"application\/ld+json\" class=\"yoast-schema-graph\">{\"@context\":\"https:\/\/schema.org\",\"@graph\":[{\"@type\":\"WebPage\",\"@id\":\"https:\/\/dooraykapi.com\/en\/acoustic-door\/\",\"url\":\"https:\/\/dooraykapi.com\/en\/acoustic-door\/\",\"name\":\"Dooray Kap\u0131 | Akustik Kap\u0131 Sistemleri\",\"isPartOf\":{\"@id\":\"https:\/\/dooraykapi.com\/#website\"},\"primaryImageOfPage\":{\"@id\":\"https:\/\/dooraykapi.com\/en\/acoustic-door\/#primaryimage\"},\"image\":{\"@id\":\"https:\/\/dooraykapi.com\/en\/acoustic-door\/#primaryimage\"},\"thumbnailUrl\":\"https:\/\/dooraykapi.com\/wp-content\/uploads\/akustik-kapi-2.png\",\"datePublished\":\"2022-04-25T14:49:12+00:00\",\"dateModified\":\"2022-10-24T07:56:43+00:00\",\"description\":\"Dooray Aksutik kap\u0131lar\u0131 ses yal\u0131t\u0131m\u0131n\u0131n yap\u0131ld\u0131\u011f\u0131 ortamlarda kullan\u0131lan kap\u0131 modelidir.Akustik izolasyonu yap\u0131lm\u0131\u015f mekanlarda kullan\u0131l\u0131r.\",\"breadcrumb\":{\"@id\":\"https:\/\/dooraykapi.com\/en\/acoustic-door\/#breadcrumb\"},\"inLanguage\":\"en-US\",\"potentialAction\":[{\"@type\":\"ReadAction\",\"target\":[\"https:\/\/dooraykapi.com\/en\/acoustic-door\/\"]}]},{\"@type\":\"ImageObject\",\"inLanguage\":\"en-US\",\"@id\":\"https:\/\/dooraykapi.com\/en\/acoustic-door\/#primaryimage\",\"url\":\"https:\/\/dooraykapi.com\/wp-content\/uploads\/akustik-kapi-2.png\",\"contentUrl\":\"https:\/\/dooraykapi.com\/wp-content\/uploads\/akustik-kapi-2.png\"},{\"@type\":\"BreadcrumbList\",\"@id\":\"https:\/\/dooraykapi.com\/en\/acoustic-door\/#breadcrumb\",\"itemListElement\":[{\"@type\":\"ListItem\",\"position\":1,\"name\":\"Anasayfa\",\"item\":\"https:\/\/dooraykapi.com\/en\/\"},{\"@type\":\"ListItem\",\"position\":2,\"name\":\"Acoustic Door\"}]},{\"@type\":\"WebSite\",\"@id\":\"https:\/\/dooraykapi.com\/#website\",\"url\":\"https:\/\/dooraykapi.com\/\",\"name\":\"Dooray Kap\u0131\",\"description\":\"\u015eehrin Sa\u011flam Kap\u0131s\u0131\",\"publisher\":{\"@id\":\"https:\/\/dooraykapi.com\/#organization\"},\"potentialAction\":[{\"@type\":\"SearchAction\",\"target\":{\"@type\":\"EntryPoint\",\"urlTemplate\":\"https:\/\/dooraykapi.com\/?s={search_term_string}\"},\"query-input\":{\"@type\":\"PropertyValueSpecification\",\"valueRequired\":true,\"valueName\":\"search_term_string\"}}],\"inLanguage\":\"en-US\"},{\"@type\":\"Organization\",\"@id\":\"https:\/\/dooraykapi.com\/#organization\",\"name\":\"Dooray Kap\u0131\",\"url\":\"https:\/\/dooraykapi.com\/\",\"logo\":{\"@type\":\"ImageObject\",\"inLanguage\":\"en-US\",\"@id\":\"https:\/\/dooraykapi.com\/#\/schema\/logo\/image\/\",\"url\":\"https:\/\/dooraykapi.com\/wp-content\/uploads\/Dooray-Kapi-Logo-logoson-kopyasi.png\",\"contentUrl\":\"https:\/\/dooraykapi.com\/wp-content\/uploads\/Dooray-Kapi-Logo-logoson-kopyasi.png\",\"width\":3253,\"height\":731,\"caption\":\"Dooray Kap\u0131\"},\"image\":{\"@id\":\"https:\/\/dooraykapi.com\/#\/schema\/logo\/image\/\"},\"sameAs\":[\"https:\/\/facebook.com\/dooraykapi\"]}]}<\/script>\n<!-- \/ Yoast SEO Premium plugin. -->","yoast_head_json":{"title":"Dooray Kap\u0131 | Akustik Kap\u0131 Sistemleri","description":"Dooray Aksutik kap\u0131lar\u0131 ses yal\u0131t\u0131m\u0131n\u0131n yap\u0131ld\u0131\u011f\u0131 ortamlarda kullan\u0131lan kap\u0131 modelidir.Akustik izolasyonu yap\u0131lm\u0131\u015f mekanlarda kullan\u0131l\u0131r.","robots":{"index":"index","follow":"follow","max-snippet":"max-snippet:-1","max-image-preview":"max-image-preview:large","max-video-preview":"max-video-preview:-1"},"canonical":"https:\/\/dooraykapi.com\/en\/acoustic-door\/","og_locale":"en_US","og_type":"article","og_title":"Acoustic Door","og_description":"Dooray Aksutik kap\u0131lar\u0131 ses yal\u0131t\u0131m\u0131n\u0131n yap\u0131ld\u0131\u011f\u0131 ortamlarda kullan\u0131lan kap\u0131 modelidir.Akustik izolasyonu yap\u0131lm\u0131\u015f mekanlarda kullan\u0131l\u0131r.","og_url":"https:\/\/dooraykapi.com\/en\/acoustic-door\/","og_site_name":"Dooray Kap\u0131","article_publisher":"https:\/\/facebook.com\/dooraykapi","article_modified_time":"2022-10-24T07:56:43+00:00","og_image":[{"url":"https:\/\/dooraykapi.com\/wp-content\/uploads\/akustik-kapi-2.png","type":"","width":"","height":""}],"twitter_card":"summary_large_image","twitter_misc":{"Est. reading time":"2 minutes"},"schema":{"@context":"https:\/\/schema.org","@graph":[{"@type":"WebPage","@id":"https:\/\/dooraykapi.com\/en\/acoustic-door\/","url":"https:\/\/dooraykapi.com\/en\/acoustic-door\/","name":"Dooray Kap\u0131 | Akustik Kap\u0131 Sistemleri","isPartOf":{"@id":"https:\/\/dooraykapi.com\/#website"},"primaryImageOfPage":{"@id":"https:\/\/dooraykapi.com\/en\/acoustic-door\/#primaryimage"},"image":{"@id":"https:\/\/dooraykapi.com\/en\/acoustic-door\/#primaryimage"},"thumbnailUrl":"https:\/\/dooraykapi.com\/wp-content\/uploads\/akustik-kapi-2.png","datePublished":"2022-04-25T14:49:12+00:00","dateModified":"2022-10-24T07:56:43+00:00","description":"Dooray Aksutik kap\u0131lar\u0131 ses yal\u0131t\u0131m\u0131n\u0131n yap\u0131ld\u0131\u011f\u0131 ortamlarda kullan\u0131lan kap\u0131 modelidir.Akustik izolasyonu yap\u0131lm\u0131\u015f mekanlarda kullan\u0131l\u0131r.","breadcrumb":{"@id":"https:\/\/dooraykapi.com\/en\/acoustic-door\/#breadcrumb"},"inLanguage":"en-US","potentialAction":[{"@type":"ReadAction","target":["https:\/\/dooraykapi.com\/en\/acoustic-door\/"]}]},{"@type":"ImageObject","inLanguage":"en-US","@id":"https:\/\/dooraykapi.com\/en\/acoustic-door\/#primaryimage","url":"https:\/\/dooraykapi.com\/wp-content\/uploads\/akustik-kapi-2.png","contentUrl":"https:\/\/dooraykapi.com\/wp-content\/uploads\/akustik-kapi-2.png"},{"@type":"BreadcrumbList","@id":"https:\/\/dooraykapi.com\/en\/acoustic-door\/#breadcrumb","itemListElement":[{"@type":"ListItem","position":1,"name":"Anasayfa","item":"https:\/\/dooraykapi.com\/en\/"},{"@type":"ListItem","position":2,"name":"Acoustic Door"}]},{"@type":"WebSite","@id":"https:\/\/dooraykapi.com\/#website","url":"https:\/\/dooraykapi.com\/","name":"Dooray Kap\u0131","description":"\u015eehrin Sa\u011flam Kap\u0131s\u0131","publisher":{"@id":"https:\/\/dooraykapi.com\/#organization"},"potentialAction":[{"@type":"SearchAction","target":{"@type":"EntryPoint","urlTemplate":"https:\/\/dooraykapi.com\/?s={search_term_string}"},"query-input":{"@type":"PropertyValueSpecification","valueRequired":true,"valueName":"search_term_string"}}],"inLanguage":"en-US"},{"@type":"Organization","@id":"https:\/\/dooraykapi.com\/#organization","name":"Dooray Kap\u0131","url":"https:\/\/dooraykapi.com\/","logo":{"@type":"ImageObject","inLanguage":"en-US","@id":"https:\/\/dooraykapi.com\/#\/schema\/logo\/image\/","url":"https:\/\/dooraykapi.com\/wp-content\/uploads\/Dooray-Kapi-Logo-logoson-kopyasi.png","contentUrl":"https:\/\/dooraykapi.com\/wp-content\/uploads\/Dooray-Kapi-Logo-logoson-kopyasi.png","width":3253,"height":731,"caption":"Dooray Kap\u0131"},"image":{"@id":"https:\/\/dooraykapi.com\/#\/schema\/logo\/image\/"},"sameAs":["https:\/\/facebook.com\/dooraykapi"]}]}},"_links":{"self":[{"href":"https:\/\/dooraykapi.com\/en\/wp-json\/wp\/v2\/pages\/871","targetHints":{"allow":["GET"]}}],"collection":[{"href":"https:\/\/dooraykapi.com\/en\/wp-json\/wp\/v2\/pages"}],"about":[{"href":"https:\/\/dooraykapi.com\/en\/wp-json\/wp\/v2\/types\/page"}],"author":[{"embeddable":true,"href":"https:\/\/dooraykapi.com\/en\/wp-json\/wp\/v2\/users\/1"}],"replies":[{"embeddable":true,"href":"https:\/\/dooraykapi.com\/en\/wp-json\/wp\/v2\/comments?post=871"}],"version-history":[{"count":0,"href":"https:\/\/dooraykapi.com\/en\/wp-json\/wp\/v2\/pages\/871\/revisions"}],"wp:attachment":[{"href":"https:\/\/dooraykapi.com\/en\/wp-json\/wp\/v2\/media?parent=871"}],"curies":[{"name":"wp","href":"https:\/\/api.w.org\/{rel}","templated":true}]}}