{"id":873,"date":"2022-04-07T19:06:11","date_gmt":"2022-04-07T16:06:11","guid":{"rendered":"https:\/\/dooraykapi.com\/camli-yangin-kapisi\/"},"modified":"2022-10-24T11:04:03","modified_gmt":"2022-10-24T08:04:03","slug":"glazed-fire-doors","status":"publish","type":"page","link":"https:\/\/dooraykapi.com\/en\/glazed-fire-doors\/","title":{"rendered":"GLAZED FIRE DOOR"},"content":{"rendered":"\n<p><p><img decoding=\"async\" src=\"https:\/\/dooraykapi.com\/wp-content\/uploads\/camli-kapi-kopya-kopya.png\" alt=\"\"><br>full<br><br><\/p><h1>CAMLI YANGIN KAPISI<\/h1>\n<br>\n<br>\n<br><h3>Caml\u0131 Yang\u0131n Kap\u0131s\u0131 Nedir ?<\/h3>\n<br>Yang\u0131na dayan\u0131kl\u0131 caml\u0131 olarak \u00fcretilen kap\u0131lar \u00f6zellikle hastanelerde havalimanlar\u0131nda ve okullarda kullan\u0131lmaktad\u0131r.Ayn\u0131 zamanda g\u00f6rselli\u011fi \u00f6n planda tutmak istenen durumlarda da kullan\u0131l\u0131r. Yang\u0131na dayan\u0131kl\u0131 caml\u0131 kap\u0131lar\u0131n standart bir \u00f6l\u00e7\u00fcs\u00fc olmamakla birlikte, istenen her \u00f6l\u00e7\u00fcde \u00fcretilmektedir.Camlarda da t\u0131pk\u0131 kap\u0131larda oldu\u011fu gibi 60-90-120 dk yang\u0131na dayan\u0131ml\u0131 camlar tercih edilmektedir.Ayr\u0131ca TSE ve yang\u0131na dayan\u0131kl\u0131l\u0131k sertifikalar\u0131da bulunmaktad\u0131r.<br>no-repeat;left top;;<br>auto<br><br><h3>Kullan\u0131m Alanlar\u0131<\/h3>\n<br>\n<br>\n<br>\n<br> Yang\u0131n kap\u0131lar\u0131 okullar, hastaneler, al\u0131\u015fveri\u015f merkezleri, end\u00fcstriyel tesisler, tiyatro sinema gibi g\u00f6sterim salonlar\u0131, fuar toplant\u0131 kongre gibi toplanma ama\u00e7l\u0131 binalar, i\u015f merkezleri ve konutlarda kullan\u0131lmaktad\u0131r. Sahip oldu\u011fu yang\u0131n dayan\u0131m\u0131, duman ve alev ge\u00e7irmezlik \u00f6zelli\u011fi, d\u0131\u015far\u0131dan kilitli olsa bile i\u00e7eriden s\u00fcrekli \u00e7\u0131k\u0131\u015f imkan\u0131 veren panik bar sistemi sayesinde yang\u0131n vb durumlarda h\u0131zl\u0131 ve g\u00fcvenli tahliye imkan\u0131 sa\u011flar. Kap\u0131lar yer ald\u0131\u011f\u0131 mekan\u0131n kullan\u0131c\u0131 say\u0131s\u0131 g\u00f6z \u00f6n\u00fcnde bulundurularak yap\u0131lmaktad\u0131r.<br>no-repeat;left top;;<br>auto<br><br> Caml\u0131 yang\u0131n kap\u0131lar\u0131, \u00fcretim y\u00f6ntemi a\u00e7\u0131s\u0131ndan dolu veya g\u00f6zetleme caml\u0131 kap\u0131lara g\u00f6re farkl\u0131l\u0131k g\u00f6sterir. Yang\u0131n y\u00f6netmelikleri ve test \u00f6l\u00e7\u00fcleri dahilinde kalmak kayd\u0131yla istenilen geni\u015flik-y\u00fckseklik de\u011ferlerinde \u00fcretilir. Mimari tasar\u0131mda serbestlik sunar.\n<br>\n<br>Cam cama (butt-joint) birle\u015fim tekni\u011fi ile kesintisiz, \u015feffaf yang\u0131n duvarlar\u0131 olu\u015fturulabilir. Ergime s\u0131cakl\u0131\u011f\u0131n\u0131n \u00e7ok y\u00fcksek olmas\u0131, caml\u0131 \u00e7elik yang\u0131n kap\u0131lar\u0131n\u0131 uzun dayan\u0131m s\u00fcreleri i\u00e7in alternatifsiz k\u0131lar.<br>no-repeat;left top;;<br>auto<br><br><img decoding=\"async\" src=\"https:\/\/dooraykapi.com\/wp-content\/uploads\/camli-kapi-1.png\" alt=\"\"><br>full<br><br><img decoding=\"async\" src=\"https:\/\/dooraykapi.com\/wp-content\/uploads\/camli-kapi-2.png\" alt=\"\"><br>full<br><br><\/p>\n","protected":false},"excerpt":{"rendered":"<p>full CAMLI YANGIN KAPISI Caml\u0131 Yang\u0131n Kap\u0131s\u0131 Nedir ? Yang\u0131na dayan\u0131kl\u0131 caml\u0131 olarak \u00fcretilen kap\u0131lar \u00f6zellikle hastanelerde havalimanlar\u0131nda ve okullarda kullan\u0131lmaktad\u0131r.Ayn\u0131 zamanda g\u00f6rselli\u011fi \u00f6n planda tutmak<span class=\"excerpt-hellip\"> [\u2026]<\/span><\/p>\n","protected":false},"author":1,"featured_media":0,"parent":0,"menu_order":0,"comment_status":"closed","ping_status":"closed","template":"","meta":{"_joinchat":[],"footnotes":""},"class_list":["post-873","page","type-page","status-publish","hentry"],"yoast_head":"<!-- This site is optimized with the Yoast SEO Premium plugin v25.2 (Yoast SEO v26.6) - https:\/\/yoast.com\/wordpress\/plugins\/seo\/ -->\n<title>Dooray Kap\u0131 | Caml\u0131 Yang\u0131n Kap\u0131 Sistemleri<\/title>\n<meta name=\"robots\" content=\"index, follow, max-snippet:-1, max-image-preview:large, max-video-preview:-1\" \/>\n<link rel=\"canonical\" href=\"https:\/\/dooraykapi.com\/en\/glazed-fire-doors\/\" \/>\n<meta property=\"og:locale\" content=\"en_US\" \/>\n<meta property=\"og:type\" content=\"article\" \/>\n<meta property=\"og:title\" content=\"GLAZED FIRE DOOR\" \/>\n<meta property=\"og:description\" content=\"full CAMLI YANGIN KAPISI Caml\u0131 Yang\u0131n Kap\u0131s\u0131 Nedir ? Yang\u0131na dayan\u0131kl\u0131 caml\u0131 olarak \u00fcretilen kap\u0131lar \u00f6zellikle hastanelerde havalimanlar\u0131nda ve okullarda kullan\u0131lmaktad\u0131r.Ayn\u0131 zamanda g\u00f6rselli\u011fi \u00f6n planda tutmak [\u2026]\" \/>\n<meta property=\"og:url\" content=\"https:\/\/dooraykapi.com\/en\/glazed-fire-doors\/\" \/>\n<meta property=\"og:site_name\" content=\"Dooray Kap\u0131\" \/>\n<meta property=\"article:publisher\" content=\"https:\/\/facebook.com\/dooraykapi\" \/>\n<meta property=\"article:modified_time\" content=\"2022-10-24T08:04:03+00:00\" \/>\n<meta property=\"og:image\" content=\"https:\/\/dooraykapi.com\/wp-content\/uploads\/camli-kapi-kopya-kopya.png\" \/>\n<meta name=\"twitter:card\" content=\"summary_large_image\" \/>\n<meta name=\"twitter:label1\" content=\"Est. reading time\" \/>\n\t<meta name=\"twitter:data1\" content=\"2 minutes\" \/>\n<script type=\"application\/ld+json\" class=\"yoast-schema-graph\">{\"@context\":\"https:\/\/schema.org\",\"@graph\":[{\"@type\":\"WebPage\",\"@id\":\"https:\/\/dooraykapi.com\/en\/glazed-fire-doors\/\",\"url\":\"https:\/\/dooraykapi.com\/en\/glazed-fire-doors\/\",\"name\":\"Dooray Kap\u0131 | Caml\u0131 Yang\u0131n Kap\u0131 Sistemleri\",\"isPartOf\":{\"@id\":\"https:\/\/dooraykapi.com\/#website\"},\"primaryImageOfPage\":{\"@id\":\"https:\/\/dooraykapi.com\/en\/glazed-fire-doors\/#primaryimage\"},\"image\":{\"@id\":\"https:\/\/dooraykapi.com\/en\/glazed-fire-doors\/#primaryimage\"},\"thumbnailUrl\":\"https:\/\/dooraykapi.com\/wp-content\/uploads\/camli-kapi-kopya-kopya.png\",\"datePublished\":\"2022-04-07T16:06:11+00:00\",\"dateModified\":\"2022-10-24T08:04:03+00:00\",\"breadcrumb\":{\"@id\":\"https:\/\/dooraykapi.com\/en\/glazed-fire-doors\/#breadcrumb\"},\"inLanguage\":\"en-US\",\"potentialAction\":[{\"@type\":\"ReadAction\",\"target\":[\"https:\/\/dooraykapi.com\/en\/glazed-fire-doors\/\"]}]},{\"@type\":\"ImageObject\",\"inLanguage\":\"en-US\",\"@id\":\"https:\/\/dooraykapi.com\/en\/glazed-fire-doors\/#primaryimage\",\"url\":\"https:\/\/dooraykapi.com\/wp-content\/uploads\/camli-kapi-kopya-kopya.png\",\"contentUrl\":\"https:\/\/dooraykapi.com\/wp-content\/uploads\/camli-kapi-kopya-kopya.png\"},{\"@type\":\"BreadcrumbList\",\"@id\":\"https:\/\/dooraykapi.com\/en\/glazed-fire-doors\/#breadcrumb\",\"itemListElement\":[{\"@type\":\"ListItem\",\"position\":1,\"name\":\"Anasayfa\",\"item\":\"https:\/\/dooraykapi.com\/en\/\"},{\"@type\":\"ListItem\",\"position\":2,\"name\":\"GLAZED FIRE DOOR\"}]},{\"@type\":\"WebSite\",\"@id\":\"https:\/\/dooraykapi.com\/#website\",\"url\":\"https:\/\/dooraykapi.com\/\",\"name\":\"Dooray Kap\u0131\",\"description\":\"\u015eehrin Sa\u011flam Kap\u0131s\u0131\",\"publisher\":{\"@id\":\"https:\/\/dooraykapi.com\/#organization\"},\"potentialAction\":[{\"@type\":\"SearchAction\",\"target\":{\"@type\":\"EntryPoint\",\"urlTemplate\":\"https:\/\/dooraykapi.com\/?s={search_term_string}\"},\"query-input\":{\"@type\":\"PropertyValueSpecification\",\"valueRequired\":true,\"valueName\":\"search_term_string\"}}],\"inLanguage\":\"en-US\"},{\"@type\":\"Organization\",\"@id\":\"https:\/\/dooraykapi.com\/#organization\",\"name\":\"Dooray Kap\u0131\",\"url\":\"https:\/\/dooraykapi.com\/\",\"logo\":{\"@type\":\"ImageObject\",\"inLanguage\":\"en-US\",\"@id\":\"https:\/\/dooraykapi.com\/#\/schema\/logo\/image\/\",\"url\":\"https:\/\/dooraykapi.com\/wp-content\/uploads\/Dooray-Kapi-Logo-logoson-kopyasi.png\",\"contentUrl\":\"https:\/\/dooraykapi.com\/wp-content\/uploads\/Dooray-Kapi-Logo-logoson-kopyasi.png\",\"width\":3253,\"height\":731,\"caption\":\"Dooray Kap\u0131\"},\"image\":{\"@id\":\"https:\/\/dooraykapi.com\/#\/schema\/logo\/image\/\"},\"sameAs\":[\"https:\/\/facebook.com\/dooraykapi\"]}]}<\/script>\n<!-- \/ Yoast SEO Premium plugin. -->","yoast_head_json":{"title":"Dooray Kap\u0131 | Caml\u0131 Yang\u0131n Kap\u0131 Sistemleri","robots":{"index":"index","follow":"follow","max-snippet":"max-snippet:-1","max-image-preview":"max-image-preview:large","max-video-preview":"max-video-preview:-1"},"canonical":"https:\/\/dooraykapi.com\/en\/glazed-fire-doors\/","og_locale":"en_US","og_type":"article","og_title":"GLAZED FIRE DOOR","og_description":"full CAMLI YANGIN KAPISI Caml\u0131 Yang\u0131n Kap\u0131s\u0131 Nedir ? Yang\u0131na dayan\u0131kl\u0131 caml\u0131 olarak \u00fcretilen kap\u0131lar \u00f6zellikle hastanelerde havalimanlar\u0131nda ve okullarda kullan\u0131lmaktad\u0131r.Ayn\u0131 zamanda g\u00f6rselli\u011fi \u00f6n planda tutmak [\u2026]","og_url":"https:\/\/dooraykapi.com\/en\/glazed-fire-doors\/","og_site_name":"Dooray Kap\u0131","article_publisher":"https:\/\/facebook.com\/dooraykapi","article_modified_time":"2022-10-24T08:04:03+00:00","og_image":[{"url":"https:\/\/dooraykapi.com\/wp-content\/uploads\/camli-kapi-kopya-kopya.png","type":"","width":"","height":""}],"twitter_card":"summary_large_image","twitter_misc":{"Est. reading time":"2 minutes"},"schema":{"@context":"https:\/\/schema.org","@graph":[{"@type":"WebPage","@id":"https:\/\/dooraykapi.com\/en\/glazed-fire-doors\/","url":"https:\/\/dooraykapi.com\/en\/glazed-fire-doors\/","name":"Dooray Kap\u0131 | Caml\u0131 Yang\u0131n Kap\u0131 Sistemleri","isPartOf":{"@id":"https:\/\/dooraykapi.com\/#website"},"primaryImageOfPage":{"@id":"https:\/\/dooraykapi.com\/en\/glazed-fire-doors\/#primaryimage"},"image":{"@id":"https:\/\/dooraykapi.com\/en\/glazed-fire-doors\/#primaryimage"},"thumbnailUrl":"https:\/\/dooraykapi.com\/wp-content\/uploads\/camli-kapi-kopya-kopya.png","datePublished":"2022-04-07T16:06:11+00:00","dateModified":"2022-10-24T08:04:03+00:00","breadcrumb":{"@id":"https:\/\/dooraykapi.com\/en\/glazed-fire-doors\/#breadcrumb"},"inLanguage":"en-US","potentialAction":[{"@type":"ReadAction","target":["https:\/\/dooraykapi.com\/en\/glazed-fire-doors\/"]}]},{"@type":"ImageObject","inLanguage":"en-US","@id":"https:\/\/dooraykapi.com\/en\/glazed-fire-doors\/#primaryimage","url":"https:\/\/dooraykapi.com\/wp-content\/uploads\/camli-kapi-kopya-kopya.png","contentUrl":"https:\/\/dooraykapi.com\/wp-content\/uploads\/camli-kapi-kopya-kopya.png"},{"@type":"BreadcrumbList","@id":"https:\/\/dooraykapi.com\/en\/glazed-fire-doors\/#breadcrumb","itemListElement":[{"@type":"ListItem","position":1,"name":"Anasayfa","item":"https:\/\/dooraykapi.com\/en\/"},{"@type":"ListItem","position":2,"name":"GLAZED FIRE DOOR"}]},{"@type":"WebSite","@id":"https:\/\/dooraykapi.com\/#website","url":"https:\/\/dooraykapi.com\/","name":"Dooray Kap\u0131","description":"\u015eehrin Sa\u011flam Kap\u0131s\u0131","publisher":{"@id":"https:\/\/dooraykapi.com\/#organization"},"potentialAction":[{"@type":"SearchAction","target":{"@type":"EntryPoint","urlTemplate":"https:\/\/dooraykapi.com\/?s={search_term_string}"},"query-input":{"@type":"PropertyValueSpecification","valueRequired":true,"valueName":"search_term_string"}}],"inLanguage":"en-US"},{"@type":"Organization","@id":"https:\/\/dooraykapi.com\/#organization","name":"Dooray Kap\u0131","url":"https:\/\/dooraykapi.com\/","logo":{"@type":"ImageObject","inLanguage":"en-US","@id":"https:\/\/dooraykapi.com\/#\/schema\/logo\/image\/","url":"https:\/\/dooraykapi.com\/wp-content\/uploads\/Dooray-Kapi-Logo-logoson-kopyasi.png","contentUrl":"https:\/\/dooraykapi.com\/wp-content\/uploads\/Dooray-Kapi-Logo-logoson-kopyasi.png","width":3253,"height":731,"caption":"Dooray Kap\u0131"},"image":{"@id":"https:\/\/dooraykapi.com\/#\/schema\/logo\/image\/"},"sameAs":["https:\/\/facebook.com\/dooraykapi"]}]}},"_links":{"self":[{"href":"https:\/\/dooraykapi.com\/en\/wp-json\/wp\/v2\/pages\/873","targetHints":{"allow":["GET"]}}],"collection":[{"href":"https:\/\/dooraykapi.com\/en\/wp-json\/wp\/v2\/pages"}],"about":[{"href":"https:\/\/dooraykapi.com\/en\/wp-json\/wp\/v2\/types\/page"}],"author":[{"embeddable":true,"href":"https:\/\/dooraykapi.com\/en\/wp-json\/wp\/v2\/users\/1"}],"replies":[{"embeddable":true,"href":"https:\/\/dooraykapi.com\/en\/wp-json\/wp\/v2\/comments?post=873"}],"version-history":[{"count":0,"href":"https:\/\/dooraykapi.com\/en\/wp-json\/wp\/v2\/pages\/873\/revisions"}],"wp:attachment":[{"href":"https:\/\/dooraykapi.com\/en\/wp-json\/wp\/v2\/media?parent=873"}],"curies":[{"name":"wp","href":"https:\/\/api.w.org\/{rel}","templated":true}]}}