{"id":875,"date":"2022-04-07T19:02:00","date_gmt":"2022-04-07T16:02:00","guid":{"rendered":"https:\/\/dooraykapi.com\/cift-kanat-yangin-kapisi\/"},"modified":"2022-10-24T11:14:12","modified_gmt":"2022-10-24T08:14:12","slug":"double-leaf-fire-door","status":"publish","type":"page","link":"https:\/\/dooraykapi.com\/en\/double-leaf-fire-door\/","title":{"rendered":"DOUBLE-LEAF FIRE DOOR"},"content":{"rendered":"\n<p><\/p>\n\n\n\n<p class=\"has-small-font-size\"><p class=\"has-small-font-size\"><img decoding=\"async\" src=\"https:\/\/dooraykapi.com\/wp-content\/uploads\/cits-kanat.png\" alt=\"\"><br>full<br><br><\/p><h2>\u00c7\u0130FT KANAT YANGIN KAPISI<\/h2> <br> <br> <br><h3>\u00c7ift Kanatl\u0131 Yang\u0131n Kap\u0131s\u0131 Nerelerde Kullan\u0131l\u0131r?<\/h3> <br> <br> <br>\u00c7ift kanatl\u0131 yang\u0131n kap\u0131lar\u0131 ve yang\u0131n \u00e7\u0131k\u0131\u015f kap\u0131lar\u0131 fazla insan bar\u0131nd\u0131ran kalabal\u0131k okul, hastane, avm ve havalimanlar\u0131nda tercih edilmektedir. Yang\u0131na dayan\u0131m s\u00fcreleri 30-45-60-90-120 dk kadar \u00fcretilmekte olup ayr\u0131ca TSE ve yang\u0131na dayan\u0131kl\u0131l\u0131k sertifikalar\u0131da bulunmaktad\u0131r.<br>no-repeat;left top;;<br>auto<br><br><h3>Yang\u0131na Dayan\u0131kl\u0131 Kap\u0131<\/h3> <br> <br> <br>\u00c7ift kanatl\u0131 kap\u0131larda metal yerine dekoratif \u00f6zellikli yap\u0131labilmektedir. \u00d6zel bir kaplama sayesinde yang\u0131na dayan\u0131kl\u0131 hale gelen bu kap\u0131larda metalik kap\u0131lar gibi ayn\u0131 \u00f6l\u00e7\u00fcler ve malzemeler ile uygulama yap\u0131labilir. 30 dakika yang\u0131na dayan\u0131kl\u0131 kap\u0131 kullan\u0131m\u0131 i\u00e7in de uygulanabilen bu sistemde duman ile \u015fi\u015fen duman filtreleri ve duman s\u0131zd\u0131rmaz conta yer almaktad\u0131r.<br>no-repeat;left top;;<br>auto<br><br><h3>\u00c7ift Kanatl\u0131 Yang\u0131n Kap\u0131 \u00d6zellikleri<\/h3> <br> <br>\u00c7ift kanatl\u0131 yang\u0131n kap\u0131lar\u0131 i\u00e7intek kanatl\u0131 kap\u0131lara g\u00f6re 2 kat fazla malzeme kullan\u0131lmaktad\u0131r. Bu nedenle daha geni\u015f bir kullan\u0131m sa\u011flayan \u00e7ift kanatl\u0131 kap\u0131larda fiyatlar art\u0131\u015f g\u00f6stermektedir. Bu kap\u0131larda kullan\u0131lan emniyet kilidi, panik bar, menfez, mil sistemleri ve malzeme tipi de fiyatlarda etkili olmaktad\u0131r. Bir\u00e7ok farkl\u0131 i\u015fletmeye ba\u011fl\u0131 olarak yang\u0131na dayan\u0131kl\u0131 kap\u0131 fiyatlar\u0131 i\u00e7erisinde \u00e7ift kanatl\u0131 kap\u0131lar \u00fcretim malzemeleri ile de\u011fi\u015fim g\u00f6stermektedir.<br>no-repeat;left top;;<br>auto<br>d<br><img decoding=\"async\" src=\"https:\/\/dooraykapi.com\/wp-content\/uploads\/ciftkanat-2.png\" alt=\"\"><br>full<br><br><\/p>\n","protected":false},"excerpt":{"rendered":"<p>full \u00c7\u0130FT KANAT YANGIN KAPISI \u00c7ift Kanatl\u0131 Yang\u0131n Kap\u0131s\u0131 Nerelerde Kullan\u0131l\u0131r? \u00c7ift kanatl\u0131 yang\u0131n kap\u0131lar\u0131 ve yang\u0131n \u00e7\u0131k\u0131\u015f kap\u0131lar\u0131 fazla insan bar\u0131nd\u0131ran kalabal\u0131k okul, hastane, avm<span class=\"excerpt-hellip\"> [\u2026]<\/span><\/p>\n","protected":false},"author":1,"featured_media":0,"parent":0,"menu_order":0,"comment_status":"closed","ping_status":"closed","template":"","meta":{"_joinchat":[],"footnotes":""},"class_list":["post-875","page","type-page","status-publish","hentry"],"yoast_head":"<!-- This site is optimized with the Yoast SEO Premium plugin v25.2 (Yoast SEO v26.6) - https:\/\/yoast.com\/wordpress\/plugins\/seo\/ -->\n<title>Dooray<\/title>\n<meta name=\"robots\" content=\"index, follow, max-snippet:-1, max-image-preview:large, max-video-preview:-1\" \/>\n<link rel=\"canonical\" href=\"https:\/\/dooraykapi.com\/en\/double-leaf-fire-door\/\" \/>\n<meta property=\"og:locale\" content=\"en_US\" \/>\n<meta property=\"og:type\" content=\"article\" \/>\n<meta property=\"og:title\" content=\"DOUBLE-LEAF FIRE DOOR\" \/>\n<meta property=\"og:description\" content=\"full \u00c7\u0130FT KANAT YANGIN KAPISI \u00c7ift Kanatl\u0131 Yang\u0131n Kap\u0131s\u0131 Nerelerde Kullan\u0131l\u0131r? \u00c7ift kanatl\u0131 yang\u0131n kap\u0131lar\u0131 ve yang\u0131n \u00e7\u0131k\u0131\u015f kap\u0131lar\u0131 fazla insan bar\u0131nd\u0131ran kalabal\u0131k okul, hastane, avm [\u2026]\" \/>\n<meta property=\"og:url\" content=\"https:\/\/dooraykapi.com\/en\/double-leaf-fire-door\/\" \/>\n<meta property=\"og:site_name\" content=\"Dooray Kap\u0131\" \/>\n<meta property=\"article:publisher\" content=\"https:\/\/facebook.com\/dooraykapi\" \/>\n<meta property=\"article:modified_time\" content=\"2022-10-24T08:14:12+00:00\" \/>\n<meta property=\"og:image\" content=\"https:\/\/dooraykapi.com\/wp-content\/uploads\/cits-kanat.png\" \/>\n<meta name=\"twitter:card\" content=\"summary_large_image\" \/>\n<meta name=\"twitter:label1\" content=\"Est. reading time\" \/>\n\t<meta name=\"twitter:data1\" content=\"2 minutes\" \/>\n<script type=\"application\/ld+json\" class=\"yoast-schema-graph\">{\"@context\":\"https:\/\/schema.org\",\"@graph\":[{\"@type\":\"WebPage\",\"@id\":\"https:\/\/dooraykapi.com\/en\/double-leaf-fire-door\/\",\"url\":\"https:\/\/dooraykapi.com\/en\/double-leaf-fire-door\/\",\"name\":\"Dooray\",\"isPartOf\":{\"@id\":\"https:\/\/dooraykapi.com\/#website\"},\"primaryImageOfPage\":{\"@id\":\"https:\/\/dooraykapi.com\/en\/double-leaf-fire-door\/#primaryimage\"},\"image\":{\"@id\":\"https:\/\/dooraykapi.com\/en\/double-leaf-fire-door\/#primaryimage\"},\"thumbnailUrl\":\"https:\/\/dooraykapi.com\/wp-content\/uploads\/cits-kanat.png\",\"datePublished\":\"2022-04-07T16:02:00+00:00\",\"dateModified\":\"2022-10-24T08:14:12+00:00\",\"breadcrumb\":{\"@id\":\"https:\/\/dooraykapi.com\/en\/double-leaf-fire-door\/#breadcrumb\"},\"inLanguage\":\"en-US\",\"potentialAction\":[{\"@type\":\"ReadAction\",\"target\":[\"https:\/\/dooraykapi.com\/en\/double-leaf-fire-door\/\"]}]},{\"@type\":\"ImageObject\",\"inLanguage\":\"en-US\",\"@id\":\"https:\/\/dooraykapi.com\/en\/double-leaf-fire-door\/#primaryimage\",\"url\":\"https:\/\/dooraykapi.com\/wp-content\/uploads\/cits-kanat.png\",\"contentUrl\":\"https:\/\/dooraykapi.com\/wp-content\/uploads\/cits-kanat.png\"},{\"@type\":\"BreadcrumbList\",\"@id\":\"https:\/\/dooraykapi.com\/en\/double-leaf-fire-door\/#breadcrumb\",\"itemListElement\":[{\"@type\":\"ListItem\",\"position\":1,\"name\":\"Anasayfa\",\"item\":\"https:\/\/dooraykapi.com\/en\/\"},{\"@type\":\"ListItem\",\"position\":2,\"name\":\"DOUBLE-LEAF FIRE DOOR\"}]},{\"@type\":\"WebSite\",\"@id\":\"https:\/\/dooraykapi.com\/#website\",\"url\":\"https:\/\/dooraykapi.com\/\",\"name\":\"Dooray Kap\u0131\",\"description\":\"\u015eehrin Sa\u011flam Kap\u0131s\u0131\",\"publisher\":{\"@id\":\"https:\/\/dooraykapi.com\/#organization\"},\"potentialAction\":[{\"@type\":\"SearchAction\",\"target\":{\"@type\":\"EntryPoint\",\"urlTemplate\":\"https:\/\/dooraykapi.com\/?s={search_term_string}\"},\"query-input\":{\"@type\":\"PropertyValueSpecification\",\"valueRequired\":true,\"valueName\":\"search_term_string\"}}],\"inLanguage\":\"en-US\"},{\"@type\":\"Organization\",\"@id\":\"https:\/\/dooraykapi.com\/#organization\",\"name\":\"Dooray Kap\u0131\",\"url\":\"https:\/\/dooraykapi.com\/\",\"logo\":{\"@type\":\"ImageObject\",\"inLanguage\":\"en-US\",\"@id\":\"https:\/\/dooraykapi.com\/#\/schema\/logo\/image\/\",\"url\":\"https:\/\/dooraykapi.com\/wp-content\/uploads\/Dooray-Kapi-Logo-logoson-kopyasi.png\",\"contentUrl\":\"https:\/\/dooraykapi.com\/wp-content\/uploads\/Dooray-Kapi-Logo-logoson-kopyasi.png\",\"width\":3253,\"height\":731,\"caption\":\"Dooray Kap\u0131\"},\"image\":{\"@id\":\"https:\/\/dooraykapi.com\/#\/schema\/logo\/image\/\"},\"sameAs\":[\"https:\/\/facebook.com\/dooraykapi\"]}]}<\/script>\n<!-- \/ Yoast SEO Premium plugin. -->","yoast_head_json":{"title":"Dooray","robots":{"index":"index","follow":"follow","max-snippet":"max-snippet:-1","max-image-preview":"max-image-preview:large","max-video-preview":"max-video-preview:-1"},"canonical":"https:\/\/dooraykapi.com\/en\/double-leaf-fire-door\/","og_locale":"en_US","og_type":"article","og_title":"DOUBLE-LEAF FIRE DOOR","og_description":"full \u00c7\u0130FT KANAT YANGIN KAPISI \u00c7ift Kanatl\u0131 Yang\u0131n Kap\u0131s\u0131 Nerelerde Kullan\u0131l\u0131r? \u00c7ift kanatl\u0131 yang\u0131n kap\u0131lar\u0131 ve yang\u0131n \u00e7\u0131k\u0131\u015f kap\u0131lar\u0131 fazla insan bar\u0131nd\u0131ran kalabal\u0131k okul, hastane, avm [\u2026]","og_url":"https:\/\/dooraykapi.com\/en\/double-leaf-fire-door\/","og_site_name":"Dooray Kap\u0131","article_publisher":"https:\/\/facebook.com\/dooraykapi","article_modified_time":"2022-10-24T08:14:12+00:00","og_image":[{"url":"https:\/\/dooraykapi.com\/wp-content\/uploads\/cits-kanat.png","type":"","width":"","height":""}],"twitter_card":"summary_large_image","twitter_misc":{"Est. reading time":"2 minutes"},"schema":{"@context":"https:\/\/schema.org","@graph":[{"@type":"WebPage","@id":"https:\/\/dooraykapi.com\/en\/double-leaf-fire-door\/","url":"https:\/\/dooraykapi.com\/en\/double-leaf-fire-door\/","name":"Dooray","isPartOf":{"@id":"https:\/\/dooraykapi.com\/#website"},"primaryImageOfPage":{"@id":"https:\/\/dooraykapi.com\/en\/double-leaf-fire-door\/#primaryimage"},"image":{"@id":"https:\/\/dooraykapi.com\/en\/double-leaf-fire-door\/#primaryimage"},"thumbnailUrl":"https:\/\/dooraykapi.com\/wp-content\/uploads\/cits-kanat.png","datePublished":"2022-04-07T16:02:00+00:00","dateModified":"2022-10-24T08:14:12+00:00","breadcrumb":{"@id":"https:\/\/dooraykapi.com\/en\/double-leaf-fire-door\/#breadcrumb"},"inLanguage":"en-US","potentialAction":[{"@type":"ReadAction","target":["https:\/\/dooraykapi.com\/en\/double-leaf-fire-door\/"]}]},{"@type":"ImageObject","inLanguage":"en-US","@id":"https:\/\/dooraykapi.com\/en\/double-leaf-fire-door\/#primaryimage","url":"https:\/\/dooraykapi.com\/wp-content\/uploads\/cits-kanat.png","contentUrl":"https:\/\/dooraykapi.com\/wp-content\/uploads\/cits-kanat.png"},{"@type":"BreadcrumbList","@id":"https:\/\/dooraykapi.com\/en\/double-leaf-fire-door\/#breadcrumb","itemListElement":[{"@type":"ListItem","position":1,"name":"Anasayfa","item":"https:\/\/dooraykapi.com\/en\/"},{"@type":"ListItem","position":2,"name":"DOUBLE-LEAF FIRE DOOR"}]},{"@type":"WebSite","@id":"https:\/\/dooraykapi.com\/#website","url":"https:\/\/dooraykapi.com\/","name":"Dooray Kap\u0131","description":"\u015eehrin Sa\u011flam Kap\u0131s\u0131","publisher":{"@id":"https:\/\/dooraykapi.com\/#organization"},"potentialAction":[{"@type":"SearchAction","target":{"@type":"EntryPoint","urlTemplate":"https:\/\/dooraykapi.com\/?s={search_term_string}"},"query-input":{"@type":"PropertyValueSpecification","valueRequired":true,"valueName":"search_term_string"}}],"inLanguage":"en-US"},{"@type":"Organization","@id":"https:\/\/dooraykapi.com\/#organization","name":"Dooray Kap\u0131","url":"https:\/\/dooraykapi.com\/","logo":{"@type":"ImageObject","inLanguage":"en-US","@id":"https:\/\/dooraykapi.com\/#\/schema\/logo\/image\/","url":"https:\/\/dooraykapi.com\/wp-content\/uploads\/Dooray-Kapi-Logo-logoson-kopyasi.png","contentUrl":"https:\/\/dooraykapi.com\/wp-content\/uploads\/Dooray-Kapi-Logo-logoson-kopyasi.png","width":3253,"height":731,"caption":"Dooray Kap\u0131"},"image":{"@id":"https:\/\/dooraykapi.com\/#\/schema\/logo\/image\/"},"sameAs":["https:\/\/facebook.com\/dooraykapi"]}]}},"_links":{"self":[{"href":"https:\/\/dooraykapi.com\/en\/wp-json\/wp\/v2\/pages\/875","targetHints":{"allow":["GET"]}}],"collection":[{"href":"https:\/\/dooraykapi.com\/en\/wp-json\/wp\/v2\/pages"}],"about":[{"href":"https:\/\/dooraykapi.com\/en\/wp-json\/wp\/v2\/types\/page"}],"author":[{"embeddable":true,"href":"https:\/\/dooraykapi.com\/en\/wp-json\/wp\/v2\/users\/1"}],"replies":[{"embeddable":true,"href":"https:\/\/dooraykapi.com\/en\/wp-json\/wp\/v2\/comments?post=875"}],"version-history":[{"count":0,"href":"https:\/\/dooraykapi.com\/en\/wp-json\/wp\/v2\/pages\/875\/revisions"}],"wp:attachment":[{"href":"https:\/\/dooraykapi.com\/en\/wp-json\/wp\/v2\/media?parent=875"}],"curies":[{"name":"wp","href":"https:\/\/api.w.org\/{rel}","templated":true}]}}