{"id":877,"date":"2022-04-07T15:16:20","date_gmt":"2022-04-07T12:16:20","guid":{"rendered":"https:\/\/dooraykapi.com\/entegre-politikamiz\/"},"modified":"2022-10-25T09:58:48","modified_gmt":"2022-10-25T06:58:48","slug":"integration-policy","status":"publish","type":"page","link":"https:\/\/dooraykapi.com\/en\/integration-policy\/","title":{"rendered":"Integration Policy"},"content":{"rendered":"\n<p>Dooray Yang\u0131n Ve Metal Kap\u0131 Sistemleri LTD.\u015eT\u0130  Entegre Politikas\u0131<br>icon<br><br>\u2013 Firma olarak t\u00fcm faaliyetkerimiz ile ekolojik dengeye zarar vermeyece\u011fimizi,\r<br>\u2013 ilgili taraflar\u0131n \u00e7evre bilincinin geli\u015ftirilmesi i\u00e7in \u00e7al\u0131\u015fmalarda bulunaca\u011f\u0131m\u0131z\u0131\r<br>\u2013 At\u0131klar\u0131n kayna\u011f\u0131nda en aza indirilmesi, m\u00fcmk\u00fcn oldu\u011funda yeniden kullan\u0131lmas\u0131 ve geri d\u00f6n\u00fc\u015ft\u00fcr\u00fclmesi, de\u011ferlendirilemeyen at\u0131klar\u0131n uygun y\u00f6ntemlerle bertaraf edilmesini sa\u011flayaca\u011f\u0131m\u0131z\u0131,\r<br>\u2013 Enerji, hammadde ve do\u011fal kaynaklar\u0131n verimli kullan\u0131lmas\u0131n\u0131 sa\u011flayaca\u011f\u0131m\u0131z\u0131,\r<br>\u2013 Y\u00f6netim sistemimizi s\u00fcrekli geli\u015ftirece\u011fimizi ve iyile\u015ftirece\u011fimizi,\r<br>\u2013 \u00c7al\u0131\u015fanlar\u0131m\u0131z\u0131n ve faaliyetlerimizden etkilenecek insanlar\u0131n sa\u011fl\u0131\u011f\u0131na gelebilecek olumsuz etkileri \u00f6nlemek, kendimizin ve di\u011fer \u015fah\u0131slar\u0131n m\u00fclkiyetine gelebilecek kaza, hasar ve tehlikeleri daha ba\u015flang\u0131\u00e7 a\u015famas\u0131nda kontrol etmek i\u00e7in gerekli her t\u00fcrl\u00fc korumay\u0131 sa\u011flayaca\u011f\u0131m\u0131z\u0131,\r<br>\u2013 Bu do\u011frultuda \u00e7al\u0131\u015fanlar\u0131m\u0131z\u0131n \u00e7evre ve i\u015f sa\u011fl\u0131\u011f\u0131 g\u00fcvenli\u011fi bilincini geli\u015ftirerek, Entegre y\u00f6netim sistemi anlay\u0131\u015f\u0131n\u0131 ya\u015fam felsefesi haline getirece\u011fimizi,\r<br>-\u0130\u015f sa\u011fl\u0131\u011f\u0131 ve g\u00fcvenli\u011fi ile ilgili tehlikeleri de ayn\u0131 hassasiyetle izleyece\u011fimizi, bunlar\u0131 en aza indirmek i\u00e7in gerekli \u00e7abay\u0131 g\u00f6sterece\u011fimizi,\r<br>-Yasal y\u00fck\u00fcml\u00fcl\u00fcklerimize, y\u00fcr\u00fcrl\u00fckteki \u00c7evre ve \u0130SG mevzuatlar\u0131na ve \u00fcyesi oldu\u011fumuz kurulu\u015flar\u0131n \u015fartlar\u0131na uyaca\u011f\u0131m\u0131zza,\r<br>-\u0130lgili taraflar\u0131m \u00e7evre ve \u0130SG bilincinin geli\u015ftirilmesi i\u00e7in \u00e7al\u0131\u015fmalarda bulunaca\u011f\u0131m\u0131z\u0131,\r<br>S\u00fcrekli geli\u015fme felsefesini ve sistemlerini t\u00fcm s\u00fcre\u00e7lerde Entegre Y\u00f6netim Sistemne uygun hale getirece\u011fimizi ve etkinli\u011fini s\u00fcrekli iyile\u015ftirece\u011fimizi, t\u00fcm personele \u00f6z\u00fcmsetece\u011fimizi ve bu do\u011frultuda pazar pay\u0131n\u0131, karl\u0131l\u0131\u011f\u0131, rekabet g\u00fcc\u00fcn\u00fc artt\u0131raca\u011f\u0131m\u0131za taahh\u00fct ederiz.<br>center<br>center<br>no-repeat;center top;;<br>auto<br><br>\r<br>\r<br><h3>DOORAY YANGIN VE METAL KAPI S\u0130STEMLER\u0130 LTD.\u015eT\u0130.<\/h3>\r<br><h3>NAZIM DEM\u0130RAY\u00a0<\/h3>\r<br><h3>GENEL M\u00dcD\u00dcR<\/h3>\r<br>\r<br><br><br><\/p>\n","protected":false},"excerpt":{"rendered":"<p>Dooray Yang\u0131n Ve Metal Kap\u0131 Sistemleri LTD.\u015eT\u0130 Entegre Politikas\u0131icon \u2013 Firma olarak t\u00fcm faaliyetkerimiz ile ekolojik dengeye zarar vermeyece\u011fimizi, \u2013 ilgili taraflar\u0131n \u00e7evre bilincinin geli\u015ftirilmesi i\u00e7in<span class=\"excerpt-hellip\"> [\u2026]<\/span><\/p>\n","protected":false},"author":1,"featured_media":0,"parent":0,"menu_order":0,"comment_status":"closed","ping_status":"closed","template":"","meta":{"_joinchat":[],"footnotes":""},"class_list":["post-877","page","type-page","status-publish","hentry"],"yoast_head":"<!-- This site is optimized with the Yoast SEO Premium plugin v25.2 (Yoast SEO v26.6) - https:\/\/yoast.com\/wordpress\/plugins\/seo\/ -->\n<title>Dooray Yang\u0131n Ve Metal Kap\u0131 Sistemleri LTD.\u015eT\u0130 Entegre Politikas\u0131<\/title>\n<meta name=\"description\" content=\"Dooray Yang\u0131n Ve Metal Kap\u0131 Sistemleri LTD.\u015eT\u0130 Entegre Politikas\u0131 maddeleri gereken kurallar\u0131 maddelerin a\u00e7\u0131klamalar\u0131..\" \/>\n<meta name=\"robots\" content=\"index, follow, max-snippet:-1, max-image-preview:large, max-video-preview:-1\" \/>\n<link rel=\"canonical\" href=\"https:\/\/dooraykapi.com\/en\/integration-policy\/\" \/>\n<meta property=\"og:locale\" content=\"en_US\" \/>\n<meta property=\"og:type\" content=\"article\" \/>\n<meta property=\"og:title\" content=\"Integration Policy\" \/>\n<meta property=\"og:description\" content=\"Dooray Yang\u0131n Ve Metal Kap\u0131 Sistemleri LTD.\u015eT\u0130 Entegre Politikas\u0131 maddeleri gereken kurallar\u0131 maddelerin a\u00e7\u0131klamalar\u0131..\" \/>\n<meta property=\"og:url\" content=\"https:\/\/dooraykapi.com\/en\/integration-policy\/\" \/>\n<meta property=\"og:site_name\" content=\"Dooray Kap\u0131\" \/>\n<meta property=\"article:publisher\" content=\"https:\/\/facebook.com\/dooraykapi\" \/>\n<meta property=\"article:modified_time\" content=\"2022-10-25T06:58:48+00:00\" \/>\n<meta name=\"twitter:card\" content=\"summary_large_image\" \/>\n<meta name=\"twitter:label1\" content=\"Est. reading time\" \/>\n\t<meta name=\"twitter:data1\" content=\"2 minutes\" \/>\n<script type=\"application\/ld+json\" class=\"yoast-schema-graph\">{\"@context\":\"https:\/\/schema.org\",\"@graph\":[{\"@type\":\"WebPage\",\"@id\":\"https:\/\/dooraykapi.com\/en\/integration-policy\/\",\"url\":\"https:\/\/dooraykapi.com\/en\/integration-policy\/\",\"name\":\"Dooray Yang\u0131n Ve Metal Kap\u0131 Sistemleri LTD.\u015eT\u0130 Entegre Politikas\u0131\",\"isPartOf\":{\"@id\":\"https:\/\/dooraykapi.com\/#website\"},\"datePublished\":\"2022-04-07T12:16:20+00:00\",\"dateModified\":\"2022-10-25T06:58:48+00:00\",\"description\":\"Dooray Yang\u0131n Ve Metal Kap\u0131 Sistemleri LTD.\u015eT\u0130 Entegre Politikas\u0131 maddeleri gereken kurallar\u0131 maddelerin a\u00e7\u0131klamalar\u0131..\",\"breadcrumb\":{\"@id\":\"https:\/\/dooraykapi.com\/en\/integration-policy\/#breadcrumb\"},\"inLanguage\":\"en-US\",\"potentialAction\":[{\"@type\":\"ReadAction\",\"target\":[\"https:\/\/dooraykapi.com\/en\/integration-policy\/\"]}]},{\"@type\":\"BreadcrumbList\",\"@id\":\"https:\/\/dooraykapi.com\/en\/integration-policy\/#breadcrumb\",\"itemListElement\":[{\"@type\":\"ListItem\",\"position\":1,\"name\":\"Anasayfa\",\"item\":\"https:\/\/dooraykapi.com\/en\/\"},{\"@type\":\"ListItem\",\"position\":2,\"name\":\"Integration Policy\"}]},{\"@type\":\"WebSite\",\"@id\":\"https:\/\/dooraykapi.com\/#website\",\"url\":\"https:\/\/dooraykapi.com\/\",\"name\":\"Dooray Kap\u0131\",\"description\":\"\u015eehrin Sa\u011flam Kap\u0131s\u0131\",\"publisher\":{\"@id\":\"https:\/\/dooraykapi.com\/#organization\"},\"potentialAction\":[{\"@type\":\"SearchAction\",\"target\":{\"@type\":\"EntryPoint\",\"urlTemplate\":\"https:\/\/dooraykapi.com\/?s={search_term_string}\"},\"query-input\":{\"@type\":\"PropertyValueSpecification\",\"valueRequired\":true,\"valueName\":\"search_term_string\"}}],\"inLanguage\":\"en-US\"},{\"@type\":\"Organization\",\"@id\":\"https:\/\/dooraykapi.com\/#organization\",\"name\":\"Dooray Kap\u0131\",\"url\":\"https:\/\/dooraykapi.com\/\",\"logo\":{\"@type\":\"ImageObject\",\"inLanguage\":\"en-US\",\"@id\":\"https:\/\/dooraykapi.com\/#\/schema\/logo\/image\/\",\"url\":\"https:\/\/dooraykapi.com\/wp-content\/uploads\/Dooray-Kapi-Logo-logoson-kopyasi.png\",\"contentUrl\":\"https:\/\/dooraykapi.com\/wp-content\/uploads\/Dooray-Kapi-Logo-logoson-kopyasi.png\",\"width\":3253,\"height\":731,\"caption\":\"Dooray Kap\u0131\"},\"image\":{\"@id\":\"https:\/\/dooraykapi.com\/#\/schema\/logo\/image\/\"},\"sameAs\":[\"https:\/\/facebook.com\/dooraykapi\"]}]}<\/script>\n<!-- \/ Yoast SEO Premium plugin. -->","yoast_head_json":{"title":"Dooray Yang\u0131n Ve Metal Kap\u0131 Sistemleri LTD.\u015eT\u0130 Entegre Politikas\u0131","description":"Dooray Yang\u0131n Ve Metal Kap\u0131 Sistemleri LTD.\u015eT\u0130 Entegre Politikas\u0131 maddeleri gereken kurallar\u0131 maddelerin a\u00e7\u0131klamalar\u0131..","robots":{"index":"index","follow":"follow","max-snippet":"max-snippet:-1","max-image-preview":"max-image-preview:large","max-video-preview":"max-video-preview:-1"},"canonical":"https:\/\/dooraykapi.com\/en\/integration-policy\/","og_locale":"en_US","og_type":"article","og_title":"Integration Policy","og_description":"Dooray Yang\u0131n Ve Metal Kap\u0131 Sistemleri LTD.\u015eT\u0130 Entegre Politikas\u0131 maddeleri gereken kurallar\u0131 maddelerin a\u00e7\u0131klamalar\u0131..","og_url":"https:\/\/dooraykapi.com\/en\/integration-policy\/","og_site_name":"Dooray Kap\u0131","article_publisher":"https:\/\/facebook.com\/dooraykapi","article_modified_time":"2022-10-25T06:58:48+00:00","twitter_card":"summary_large_image","twitter_misc":{"Est. reading time":"2 minutes"},"schema":{"@context":"https:\/\/schema.org","@graph":[{"@type":"WebPage","@id":"https:\/\/dooraykapi.com\/en\/integration-policy\/","url":"https:\/\/dooraykapi.com\/en\/integration-policy\/","name":"Dooray Yang\u0131n Ve Metal Kap\u0131 Sistemleri LTD.\u015eT\u0130 Entegre Politikas\u0131","isPartOf":{"@id":"https:\/\/dooraykapi.com\/#website"},"datePublished":"2022-04-07T12:16:20+00:00","dateModified":"2022-10-25T06:58:48+00:00","description":"Dooray Yang\u0131n Ve Metal Kap\u0131 Sistemleri LTD.\u015eT\u0130 Entegre Politikas\u0131 maddeleri gereken kurallar\u0131 maddelerin a\u00e7\u0131klamalar\u0131..","breadcrumb":{"@id":"https:\/\/dooraykapi.com\/en\/integration-policy\/#breadcrumb"},"inLanguage":"en-US","potentialAction":[{"@type":"ReadAction","target":["https:\/\/dooraykapi.com\/en\/integration-policy\/"]}]},{"@type":"BreadcrumbList","@id":"https:\/\/dooraykapi.com\/en\/integration-policy\/#breadcrumb","itemListElement":[{"@type":"ListItem","position":1,"name":"Anasayfa","item":"https:\/\/dooraykapi.com\/en\/"},{"@type":"ListItem","position":2,"name":"Integration Policy"}]},{"@type":"WebSite","@id":"https:\/\/dooraykapi.com\/#website","url":"https:\/\/dooraykapi.com\/","name":"Dooray Kap\u0131","description":"\u015eehrin Sa\u011flam Kap\u0131s\u0131","publisher":{"@id":"https:\/\/dooraykapi.com\/#organization"},"potentialAction":[{"@type":"SearchAction","target":{"@type":"EntryPoint","urlTemplate":"https:\/\/dooraykapi.com\/?s={search_term_string}"},"query-input":{"@type":"PropertyValueSpecification","valueRequired":true,"valueName":"search_term_string"}}],"inLanguage":"en-US"},{"@type":"Organization","@id":"https:\/\/dooraykapi.com\/#organization","name":"Dooray Kap\u0131","url":"https:\/\/dooraykapi.com\/","logo":{"@type":"ImageObject","inLanguage":"en-US","@id":"https:\/\/dooraykapi.com\/#\/schema\/logo\/image\/","url":"https:\/\/dooraykapi.com\/wp-content\/uploads\/Dooray-Kapi-Logo-logoson-kopyasi.png","contentUrl":"https:\/\/dooraykapi.com\/wp-content\/uploads\/Dooray-Kapi-Logo-logoson-kopyasi.png","width":3253,"height":731,"caption":"Dooray Kap\u0131"},"image":{"@id":"https:\/\/dooraykapi.com\/#\/schema\/logo\/image\/"},"sameAs":["https:\/\/facebook.com\/dooraykapi"]}]}},"_links":{"self":[{"href":"https:\/\/dooraykapi.com\/en\/wp-json\/wp\/v2\/pages\/877","targetHints":{"allow":["GET"]}}],"collection":[{"href":"https:\/\/dooraykapi.com\/en\/wp-json\/wp\/v2\/pages"}],"about":[{"href":"https:\/\/dooraykapi.com\/en\/wp-json\/wp\/v2\/types\/page"}],"author":[{"embeddable":true,"href":"https:\/\/dooraykapi.com\/en\/wp-json\/wp\/v2\/users\/1"}],"replies":[{"embeddable":true,"href":"https:\/\/dooraykapi.com\/en\/wp-json\/wp\/v2\/comments?post=877"}],"version-history":[{"count":0,"href":"https:\/\/dooraykapi.com\/en\/wp-json\/wp\/v2\/pages\/877\/revisions"}],"wp:attachment":[{"href":"https:\/\/dooraykapi.com\/en\/wp-json\/wp\/v2\/media?parent=877"}],"curies":[{"name":"wp","href":"https:\/\/api.w.org\/{rel}","templated":true}]}}