{"id":878,"date":"2022-04-19T12:25:58","date_gmt":"2022-04-19T09:25:58","guid":{"rendered":"https:\/\/dooraykapi.com\/fitilli-sac-kasa\/"},"modified":"2022-10-31T18:12:49","modified_gmt":"2022-10-31T15:12:49","slug":"wired-sheet-casing","status":"publish","type":"page","link":"https:\/\/dooraykapi.com\/en\/wired-sheet-casing\/","title":{"rendered":"WIRED SHEET CASING"},"content":{"rendered":"\n<p><\/p>\n\n\n\n<p><p><img decoding=\"async\" src=\"https:\/\/dooraykapi.com\/wp-content\/uploads\/sac-kapi-1.png\" alt=\"\"><br>full<br><br><img decoding=\"async\" src=\"https:\/\/dooraykapi.com\/wp-content\/uploads\/sac-kapi3.png\" alt=\"\"><br>full<br><br><\/p><h1>F\u0130T\u0130LL\u0130 SAC KASA<\/h1>\n<br>\n<br>\n<br>\n<br>Yang\u0131na dayan\u0131kl\u0131 ve dayan\u0131ks\u0131z kap\u0131lar i\u00e7in tercih edilen \u00fcr\u00fcn grubumuzdur. Kullan\u0131m alanlar\u0131 genel olarak okul ve hastanelerdir. Ayarlanabilir olarak yuvas\u0131nda fitilli, standart ve \u00f6zel \u00f6l\u00e7\u00fclerde \u00fcretimi yap\u0131lmaktad\u0131r.\n<br>\n<br>Yang\u0131na Dayan\u0131kl\u0131 \u015eaft kap\u0131lar\u0131 binalarda mekanik, elektrik, do\u011falgaz, havaland\u0131rma ve s\u0131hhi tesisat\u0131n ge\u00e7ti\u011fi galerilere m\u00fcdahale ama\u00e7l\u0131 kullan\u0131l\u0131r.<br>no-repeat;left top;;<br>auto<br><br><img decoding=\"async\" src=\"https:\/\/dooraykapi.com\/wp-content\/uploads\/fitilli-sac-kasa.png\" alt=\"\"><br>full<br><br><\/p>\n","protected":false},"excerpt":{"rendered":"<p>full full F\u0130T\u0130LL\u0130 SAC KASA Yang\u0131na dayan\u0131kl\u0131 ve dayan\u0131ks\u0131z kap\u0131lar i\u00e7in tercih edilen \u00fcr\u00fcn grubumuzdur. Kullan\u0131m alanlar\u0131 genel olarak okul ve hastanelerdir. Ayarlanabilir olarak yuvas\u0131nda fitilli,<span class=\"excerpt-hellip\"> [\u2026]<\/span><\/p>\n","protected":false},"author":1,"featured_media":0,"parent":0,"menu_order":0,"comment_status":"closed","ping_status":"closed","template":"","meta":{"_joinchat":[],"footnotes":""},"class_list":["post-878","page","type-page","status-publish","hentry"],"yoast_head":"<!-- This site is optimized with the Yoast SEO Premium plugin v25.2 (Yoast SEO v26.6) - https:\/\/yoast.com\/wordpress\/plugins\/seo\/ -->\n<title>Dooray Yang\u0131n ve Metal Kap\u0131 Sistemleri | Fitilli Sac Kap\u0131<\/title>\n<meta name=\"description\" content=\"Kullan\u0131m alanlar\u0131 genel olarak okul ve hastanelerdir. Ayarlanabilir yuvas\u0131nda fitilli, standart ve \u00f6zel \u00f6l\u00e7\u00fclerde \u00fcretimi yap\u0131lmaktad\u0131r.\" \/>\n<meta name=\"robots\" content=\"index, follow, max-snippet:-1, max-image-preview:large, max-video-preview:-1\" \/>\n<link rel=\"canonical\" href=\"https:\/\/dooraykapi.com\/en\/wired-sheet-casing\/\" \/>\n<meta property=\"og:locale\" content=\"en_US\" \/>\n<meta property=\"og:type\" content=\"article\" \/>\n<meta property=\"og:title\" content=\"WIRED SHEET CASING\" \/>\n<meta property=\"og:description\" content=\"Kullan\u0131m alanlar\u0131 genel olarak okul ve hastanelerdir. Ayarlanabilir yuvas\u0131nda fitilli, standart ve \u00f6zel \u00f6l\u00e7\u00fclerde \u00fcretimi yap\u0131lmaktad\u0131r.\" \/>\n<meta property=\"og:url\" content=\"https:\/\/dooraykapi.com\/en\/wired-sheet-casing\/\" \/>\n<meta property=\"og:site_name\" content=\"Dooray Kap\u0131\" \/>\n<meta property=\"article:publisher\" content=\"https:\/\/facebook.com\/dooraykapi\" \/>\n<meta property=\"article:modified_time\" content=\"2022-10-31T15:12:49+00:00\" \/>\n<meta property=\"og:image\" content=\"https:\/\/dooraykapi.com\/wp-content\/uploads\/sac-kapi-1.png\" \/>\n<meta name=\"twitter:card\" content=\"summary_large_image\" \/>\n<meta name=\"twitter:label1\" content=\"Est. reading time\" \/>\n\t<meta name=\"twitter:data1\" content=\"1 minute\" \/>\n<script type=\"application\/ld+json\" class=\"yoast-schema-graph\">{\"@context\":\"https:\/\/schema.org\",\"@graph\":[{\"@type\":\"WebPage\",\"@id\":\"https:\/\/dooraykapi.com\/en\/wired-sheet-casing\/\",\"url\":\"https:\/\/dooraykapi.com\/en\/wired-sheet-casing\/\",\"name\":\"Dooray Yang\u0131n ve Metal Kap\u0131 Sistemleri | Fitilli Sac Kap\u0131\",\"isPartOf\":{\"@id\":\"https:\/\/dooraykapi.com\/#website\"},\"primaryImageOfPage\":{\"@id\":\"https:\/\/dooraykapi.com\/en\/wired-sheet-casing\/#primaryimage\"},\"image\":{\"@id\":\"https:\/\/dooraykapi.com\/en\/wired-sheet-casing\/#primaryimage\"},\"thumbnailUrl\":\"https:\/\/dooraykapi.com\/wp-content\/uploads\/sac-kapi-1.png\",\"datePublished\":\"2022-04-19T09:25:58+00:00\",\"dateModified\":\"2022-10-31T15:12:49+00:00\",\"description\":\"Kullan\u0131m alanlar\u0131 genel olarak okul ve hastanelerdir. Ayarlanabilir yuvas\u0131nda fitilli, standart ve \u00f6zel \u00f6l\u00e7\u00fclerde \u00fcretimi yap\u0131lmaktad\u0131r.\",\"breadcrumb\":{\"@id\":\"https:\/\/dooraykapi.com\/en\/wired-sheet-casing\/#breadcrumb\"},\"inLanguage\":\"en-US\",\"potentialAction\":[{\"@type\":\"ReadAction\",\"target\":[\"https:\/\/dooraykapi.com\/en\/wired-sheet-casing\/\"]}]},{\"@type\":\"ImageObject\",\"inLanguage\":\"en-US\",\"@id\":\"https:\/\/dooraykapi.com\/en\/wired-sheet-casing\/#primaryimage\",\"url\":\"https:\/\/dooraykapi.com\/wp-content\/uploads\/sac-kapi-1.png\",\"contentUrl\":\"https:\/\/dooraykapi.com\/wp-content\/uploads\/sac-kapi-1.png\"},{\"@type\":\"BreadcrumbList\",\"@id\":\"https:\/\/dooraykapi.com\/en\/wired-sheet-casing\/#breadcrumb\",\"itemListElement\":[{\"@type\":\"ListItem\",\"position\":1,\"name\":\"Anasayfa\",\"item\":\"https:\/\/dooraykapi.com\/en\/\"},{\"@type\":\"ListItem\",\"position\":2,\"name\":\"WIRED SHEET CASING\"}]},{\"@type\":\"WebSite\",\"@id\":\"https:\/\/dooraykapi.com\/#website\",\"url\":\"https:\/\/dooraykapi.com\/\",\"name\":\"Dooray Kap\u0131\",\"description\":\"\u015eehrin Sa\u011flam Kap\u0131s\u0131\",\"publisher\":{\"@id\":\"https:\/\/dooraykapi.com\/#organization\"},\"potentialAction\":[{\"@type\":\"SearchAction\",\"target\":{\"@type\":\"EntryPoint\",\"urlTemplate\":\"https:\/\/dooraykapi.com\/?s={search_term_string}\"},\"query-input\":{\"@type\":\"PropertyValueSpecification\",\"valueRequired\":true,\"valueName\":\"search_term_string\"}}],\"inLanguage\":\"en-US\"},{\"@type\":\"Organization\",\"@id\":\"https:\/\/dooraykapi.com\/#organization\",\"name\":\"Dooray Kap\u0131\",\"url\":\"https:\/\/dooraykapi.com\/\",\"logo\":{\"@type\":\"ImageObject\",\"inLanguage\":\"en-US\",\"@id\":\"https:\/\/dooraykapi.com\/#\/schema\/logo\/image\/\",\"url\":\"https:\/\/dooraykapi.com\/wp-content\/uploads\/Dooray-Kapi-Logo-logoson-kopyasi.png\",\"contentUrl\":\"https:\/\/dooraykapi.com\/wp-content\/uploads\/Dooray-Kapi-Logo-logoson-kopyasi.png\",\"width\":3253,\"height\":731,\"caption\":\"Dooray Kap\u0131\"},\"image\":{\"@id\":\"https:\/\/dooraykapi.com\/#\/schema\/logo\/image\/\"},\"sameAs\":[\"https:\/\/facebook.com\/dooraykapi\"]}]}<\/script>\n<!-- \/ Yoast SEO Premium plugin. -->","yoast_head_json":{"title":"Dooray Yang\u0131n ve Metal Kap\u0131 Sistemleri | Fitilli Sac Kap\u0131","description":"Kullan\u0131m alanlar\u0131 genel olarak okul ve hastanelerdir. Ayarlanabilir yuvas\u0131nda fitilli, standart ve \u00f6zel \u00f6l\u00e7\u00fclerde \u00fcretimi yap\u0131lmaktad\u0131r.","robots":{"index":"index","follow":"follow","max-snippet":"max-snippet:-1","max-image-preview":"max-image-preview:large","max-video-preview":"max-video-preview:-1"},"canonical":"https:\/\/dooraykapi.com\/en\/wired-sheet-casing\/","og_locale":"en_US","og_type":"article","og_title":"WIRED SHEET CASING","og_description":"Kullan\u0131m alanlar\u0131 genel olarak okul ve hastanelerdir. Ayarlanabilir yuvas\u0131nda fitilli, standart ve \u00f6zel \u00f6l\u00e7\u00fclerde \u00fcretimi yap\u0131lmaktad\u0131r.","og_url":"https:\/\/dooraykapi.com\/en\/wired-sheet-casing\/","og_site_name":"Dooray Kap\u0131","article_publisher":"https:\/\/facebook.com\/dooraykapi","article_modified_time":"2022-10-31T15:12:49+00:00","og_image":[{"url":"https:\/\/dooraykapi.com\/wp-content\/uploads\/sac-kapi-1.png","type":"","width":"","height":""}],"twitter_card":"summary_large_image","twitter_misc":{"Est. reading time":"1 minute"},"schema":{"@context":"https:\/\/schema.org","@graph":[{"@type":"WebPage","@id":"https:\/\/dooraykapi.com\/en\/wired-sheet-casing\/","url":"https:\/\/dooraykapi.com\/en\/wired-sheet-casing\/","name":"Dooray Yang\u0131n ve Metal Kap\u0131 Sistemleri | Fitilli Sac Kap\u0131","isPartOf":{"@id":"https:\/\/dooraykapi.com\/#website"},"primaryImageOfPage":{"@id":"https:\/\/dooraykapi.com\/en\/wired-sheet-casing\/#primaryimage"},"image":{"@id":"https:\/\/dooraykapi.com\/en\/wired-sheet-casing\/#primaryimage"},"thumbnailUrl":"https:\/\/dooraykapi.com\/wp-content\/uploads\/sac-kapi-1.png","datePublished":"2022-04-19T09:25:58+00:00","dateModified":"2022-10-31T15:12:49+00:00","description":"Kullan\u0131m alanlar\u0131 genel olarak okul ve hastanelerdir. Ayarlanabilir yuvas\u0131nda fitilli, standart ve \u00f6zel \u00f6l\u00e7\u00fclerde \u00fcretimi yap\u0131lmaktad\u0131r.","breadcrumb":{"@id":"https:\/\/dooraykapi.com\/en\/wired-sheet-casing\/#breadcrumb"},"inLanguage":"en-US","potentialAction":[{"@type":"ReadAction","target":["https:\/\/dooraykapi.com\/en\/wired-sheet-casing\/"]}]},{"@type":"ImageObject","inLanguage":"en-US","@id":"https:\/\/dooraykapi.com\/en\/wired-sheet-casing\/#primaryimage","url":"https:\/\/dooraykapi.com\/wp-content\/uploads\/sac-kapi-1.png","contentUrl":"https:\/\/dooraykapi.com\/wp-content\/uploads\/sac-kapi-1.png"},{"@type":"BreadcrumbList","@id":"https:\/\/dooraykapi.com\/en\/wired-sheet-casing\/#breadcrumb","itemListElement":[{"@type":"ListItem","position":1,"name":"Anasayfa","item":"https:\/\/dooraykapi.com\/en\/"},{"@type":"ListItem","position":2,"name":"WIRED SHEET CASING"}]},{"@type":"WebSite","@id":"https:\/\/dooraykapi.com\/#website","url":"https:\/\/dooraykapi.com\/","name":"Dooray Kap\u0131","description":"\u015eehrin Sa\u011flam Kap\u0131s\u0131","publisher":{"@id":"https:\/\/dooraykapi.com\/#organization"},"potentialAction":[{"@type":"SearchAction","target":{"@type":"EntryPoint","urlTemplate":"https:\/\/dooraykapi.com\/?s={search_term_string}"},"query-input":{"@type":"PropertyValueSpecification","valueRequired":true,"valueName":"search_term_string"}}],"inLanguage":"en-US"},{"@type":"Organization","@id":"https:\/\/dooraykapi.com\/#organization","name":"Dooray Kap\u0131","url":"https:\/\/dooraykapi.com\/","logo":{"@type":"ImageObject","inLanguage":"en-US","@id":"https:\/\/dooraykapi.com\/#\/schema\/logo\/image\/","url":"https:\/\/dooraykapi.com\/wp-content\/uploads\/Dooray-Kapi-Logo-logoson-kopyasi.png","contentUrl":"https:\/\/dooraykapi.com\/wp-content\/uploads\/Dooray-Kapi-Logo-logoson-kopyasi.png","width":3253,"height":731,"caption":"Dooray Kap\u0131"},"image":{"@id":"https:\/\/dooraykapi.com\/#\/schema\/logo\/image\/"},"sameAs":["https:\/\/facebook.com\/dooraykapi"]}]}},"_links":{"self":[{"href":"https:\/\/dooraykapi.com\/en\/wp-json\/wp\/v2\/pages\/878","targetHints":{"allow":["GET"]}}],"collection":[{"href":"https:\/\/dooraykapi.com\/en\/wp-json\/wp\/v2\/pages"}],"about":[{"href":"https:\/\/dooraykapi.com\/en\/wp-json\/wp\/v2\/types\/page"}],"author":[{"embeddable":true,"href":"https:\/\/dooraykapi.com\/en\/wp-json\/wp\/v2\/users\/1"}],"replies":[{"embeddable":true,"href":"https:\/\/dooraykapi.com\/en\/wp-json\/wp\/v2\/comments?post=878"}],"version-history":[{"count":0,"href":"https:\/\/dooraykapi.com\/en\/wp-json\/wp\/v2\/pages\/878\/revisions"}],"wp:attachment":[{"href":"https:\/\/dooraykapi.com\/en\/wp-json\/wp\/v2\/media?parent=878"}],"curies":[{"name":"wp","href":"https:\/\/api.w.org\/{rel}","templated":true}]}}