{"id":879,"date":"2022-04-07T18:57:50","date_gmt":"2022-04-07T15:57:50","guid":{"rendered":"https:\/\/dooraykapi.com\/galeri\/"},"modified":"2022-10-24T11:34:01","modified_gmt":"2022-10-24T08:34:01","slug":"gallery","status":"publish","type":"page","link":"https:\/\/dooraykapi.com\/en\/gallery\/","title":{"rendered":"Gallery"},"content":{"rendered":"\n<p><\/p>\n\n\n\n<p>GALER\u0130<br>icon<br>icon-camera<br><br>QBq4EqahOTg<br><br><img decoding=\"async\" src=\"https:\/\/dooraykapi.com\/wp-content\/uploads\/VVV.jpg\" alt=\"\"><br>full<br>https:\/\/dooraykapi.com\/wp-content\/uploads\/VVV.jpg<br><br><img decoding=\"async\" src=\"https:\/\/dooraykapi.com\/wp-content\/uploads\/ucuz-yangin-kapisi.jpg\" alt=\"\"><br>full<br>https:\/\/dooraykapi.com\/wp-content\/uploads\/ucuz-yangin-kapisi.jpg<br><br><img decoding=\"async\" src=\"https:\/\/dooraykapi.com\/wp-content\/uploads\/65110598_2365072790221047_6108843005710434304_n.jpg\" alt=\"\"><br>full<br>https:\/\/dooraykapi.com\/wp-content\/uploads\/65110598_2365072790221047_6108843005710434304_n.jpg<br><br><img decoding=\"async\" src=\"https:\/\/dooraykapi.com\/wp-content\/uploads\/65012582_2365072683554391_8190747730075713536_n.jpg\" alt=\"\"><br>full<br>https:\/\/dooraykapi.com\/wp-content\/uploads\/65012582_2365072683554391_8190747730075713536_n.jpg<br><br><img decoding=\"async\" src=\"https:\/\/dooraykapi.com\/wp-content\/uploads\/64818442_2365072593554400_7342769040923820032_n.jpg\" alt=\"\"><br>full<br>https:\/\/dooraykapi.com\/wp-content\/uploads\/64818442_2365072593554400_7342769040923820032_n.jpg<br><br><img decoding=\"async\" src=\"https:\/\/dooraykapi.com\/wp-content\/uploads\/64711541_2365072630221063_8093948345568985088_n.jpg\" alt=\"\"><br>full<br>https:\/\/dooraykapi.com\/wp-content\/uploads\/64711541_2365072630221063_8093948345568985088_n.jpg<br><br><img decoding=\"async\" src=\"https:\/\/dooraykapi.com\/wp-content\/uploads\/64703538_2365072910221035_2293796545071415296_n.jpg\" alt=\"\"><br>full<br>https:\/\/dooraykapi.com\/wp-content\/uploads\/64703538_2365072910221035_2293796545071415296_n.jpg<br><br><img decoding=\"async\" src=\"https:\/\/dooraykapi.com\/wp-content\/uploads\/59189056_2265495783512082_2049205261440122880_n.jpg\" alt=\"\"><br>full<br>https:\/\/dooraykapi.com\/wp-content\/uploads\/59189056_2265495783512082_2049205261440122880_n.jpg<br><br><img decoding=\"async\" src=\"https:\/\/dooraykapi.com\/wp-content\/uploads\/55818912_2220144508047210_6013133413320491008_n.jpg\" alt=\"\"><br>full<br>https:\/\/dooraykapi.com\/wp-content\/uploads\/55818912_2220144508047210_6013133413320491008_n.jpg<br><br><img decoding=\"async\" src=\"https:\/\/dooraykapi.com\/wp-content\/uploads\/58372550_2269968686398125_4171273225717678080_n.jpg\" alt=\"\"><br>full<br>https:\/\/dooraykapi.com\/wp-content\/uploads\/58372550_2269968686398125_4171273225717678080_n.jpg<br><br><img decoding=\"async\" src=\"https:\/\/dooraykapi.com\/wp-content\/uploads\/SAC7-1170x658-1.jpg\" alt=\"\"><br>full<br>https:\/\/dooraykapi.com\/wp-content\/uploads\/SAC7-1170&#215;658-1.jpg<br><br><img decoding=\"async\" src=\"https:\/\/dooraykapi.com\/wp-content\/uploads\/IMG-20220405-WA0018.jpg\" alt=\"\"><br>full<br>https:\/\/dooraykapi.com\/wp-content\/uploads\/SAC7-1170&#215;658-1.jpg<br><br><img decoding=\"async\" src=\"https:\/\/dooraykapi.com\/wp-content\/uploads\/IMG-20220405-WA0023.jpg\" alt=\"\"><br>full<br>https:\/\/dooraykapi.com\/wp-content\/uploads\/SAC7-1170&#215;658-1.jpg<br><br><img decoding=\"async\" src=\"https:\/\/dooraykapi.com\/wp-content\/uploads\/IMG-20220405-WA0026.jpg\" alt=\"\"><br>full<br>https:\/\/dooraykapi.com\/wp-content\/uploads\/SAC7-1170&#215;658-1.jpg<br><br><\/p>\n","protected":false},"excerpt":{"rendered":"<p>GALER\u0130iconicon-camera QBq4EqahOTg fullhttps:\/\/dooraykapi.com\/wp-content\/uploads\/VVV.jpg fullhttps:\/\/dooraykapi.com\/wp-content\/uploads\/ucuz-yangin-kapisi.jpg fullhttps:\/\/dooraykapi.com\/wp-content\/uploads\/65110598_2365072790221047_6108843005710434304_n.jpg fullhttps:\/\/dooraykapi.com\/wp-content\/uploads\/65012582_2365072683554391_8190747730075713536_n.jpg fullhttps:\/\/dooraykapi.com\/wp-content\/uploads\/64818442_2365072593554400_7342769040923820032_n.jpg fullhttps:\/\/dooraykapi.com\/wp-content\/uploads\/64711541_2365072630221063_8093948345568985088_n.jpg fullhttps:\/\/dooraykapi.com\/wp-content\/uploads\/64703538_2365072910221035_2293796545071415296_n.jpg fullhttps:\/\/dooraykapi.com\/wp-content\/uploads\/59189056_2265495783512082_2049205261440122880_n.jpg fullhttps:\/\/dooraykapi.com\/wp-content\/uploads\/55818912_2220144508047210_6013133413320491008_n.jpg fullhttps:\/\/dooraykapi.com\/wp-content\/uploads\/58372550_2269968686398125_4171273225717678080_n.jpg fullhttps:\/\/dooraykapi.com\/wp-content\/uploads\/SAC7-1170&#215;658-1.jpg fullhttps:\/\/dooraykapi.com\/wp-content\/uploads\/SAC7-1170&#215;658-1.jpg fullhttps:\/\/dooraykapi.com\/wp-content\/uploads\/SAC7-1170&#215;658-1.jpg fullhttps:\/\/dooraykapi.com\/wp-content\/uploads\/SAC7-1170&#215;658-1.jpg<\/p>\n","protected":false},"author":1,"featured_media":0,"parent":0,"menu_order":0,"comment_status":"closed","ping_status":"closed","template":"","meta":{"_joinchat":[],"footnotes":""},"class_list":["post-879","page","type-page","status-publish","hentry"],"yoast_head":"<!-- This site is optimized with the Yoast SEO Premium plugin v25.2 (Yoast SEO v26.6) - https:\/\/yoast.com\/wordpress\/plugins\/seo\/ -->\n<title>Gallery - Dooray Kap\u0131<\/title>\n<meta name=\"description\" content=\"Dooray Yang\u0131n ve Metal Kap\u0131 Sistemleri LTD. \u015eT\u0130. Galerisi\" \/>\n<meta name=\"robots\" content=\"index, follow, max-snippet:-1, max-image-preview:large, max-video-preview:-1\" \/>\n<link rel=\"canonical\" href=\"https:\/\/dooraykapi.com\/en\/gallery\/\" \/>\n<meta property=\"og:locale\" content=\"en_US\" \/>\n<meta property=\"og:type\" content=\"article\" \/>\n<meta property=\"og:title\" content=\"Gallery\" \/>\n<meta property=\"og:description\" content=\"Dooray Yang\u0131n ve Metal Kap\u0131 Sistemleri LTD. \u015eT\u0130. Galerisi\" \/>\n<meta property=\"og:url\" content=\"https:\/\/dooraykapi.com\/en\/gallery\/\" \/>\n<meta property=\"og:site_name\" content=\"Dooray Kap\u0131\" \/>\n<meta property=\"article:publisher\" content=\"https:\/\/facebook.com\/dooraykapi\" \/>\n<meta property=\"article:modified_time\" content=\"2022-10-24T08:34:01+00:00\" \/>\n<meta property=\"og:image\" content=\"https:\/\/dooraykapi.com\/wp-content\/uploads\/VVV.jpg\" \/>\n<meta name=\"twitter:card\" content=\"summary_large_image\" \/>\n<meta name=\"twitter:label1\" content=\"Est. reading time\" \/>\n\t<meta name=\"twitter:data1\" content=\"3 minutes\" \/>\n<script type=\"application\/ld+json\" class=\"yoast-schema-graph\">{\"@context\":\"https:\/\/schema.org\",\"@graph\":[{\"@type\":\"WebPage\",\"@id\":\"https:\/\/dooraykapi.com\/en\/gallery\/\",\"url\":\"https:\/\/dooraykapi.com\/en\/gallery\/\",\"name\":\"Gallery - Dooray Kap\u0131\",\"isPartOf\":{\"@id\":\"https:\/\/dooraykapi.com\/#website\"},\"primaryImageOfPage\":{\"@id\":\"https:\/\/dooraykapi.com\/en\/gallery\/#primaryimage\"},\"image\":{\"@id\":\"https:\/\/dooraykapi.com\/en\/gallery\/#primaryimage\"},\"thumbnailUrl\":\"https:\/\/dooraykapi.com\/wp-content\/uploads\/VVV.jpg\",\"datePublished\":\"2022-04-07T15:57:50+00:00\",\"dateModified\":\"2022-10-24T08:34:01+00:00\",\"description\":\"Dooray Yang\u0131n ve Metal Kap\u0131 Sistemleri LTD. \u015eT\u0130. Galerisi\",\"breadcrumb\":{\"@id\":\"https:\/\/dooraykapi.com\/en\/gallery\/#breadcrumb\"},\"inLanguage\":\"en-US\",\"potentialAction\":[{\"@type\":\"ReadAction\",\"target\":[\"https:\/\/dooraykapi.com\/en\/gallery\/\"]}]},{\"@type\":\"ImageObject\",\"inLanguage\":\"en-US\",\"@id\":\"https:\/\/dooraykapi.com\/en\/gallery\/#primaryimage\",\"url\":\"https:\/\/dooraykapi.com\/wp-content\/uploads\/VVV.jpg\",\"contentUrl\":\"https:\/\/dooraykapi.com\/wp-content\/uploads\/VVV.jpg\"},{\"@type\":\"BreadcrumbList\",\"@id\":\"https:\/\/dooraykapi.com\/en\/gallery\/#breadcrumb\",\"itemListElement\":[{\"@type\":\"ListItem\",\"position\":1,\"name\":\"Anasayfa\",\"item\":\"https:\/\/dooraykapi.com\/en\/\"},{\"@type\":\"ListItem\",\"position\":2,\"name\":\"Gallery\"}]},{\"@type\":\"WebSite\",\"@id\":\"https:\/\/dooraykapi.com\/#website\",\"url\":\"https:\/\/dooraykapi.com\/\",\"name\":\"Dooray Kap\u0131\",\"description\":\"\u015eehrin Sa\u011flam Kap\u0131s\u0131\",\"publisher\":{\"@id\":\"https:\/\/dooraykapi.com\/#organization\"},\"potentialAction\":[{\"@type\":\"SearchAction\",\"target\":{\"@type\":\"EntryPoint\",\"urlTemplate\":\"https:\/\/dooraykapi.com\/?s={search_term_string}\"},\"query-input\":{\"@type\":\"PropertyValueSpecification\",\"valueRequired\":true,\"valueName\":\"search_term_string\"}}],\"inLanguage\":\"en-US\"},{\"@type\":\"Organization\",\"@id\":\"https:\/\/dooraykapi.com\/#organization\",\"name\":\"Dooray Kap\u0131\",\"url\":\"https:\/\/dooraykapi.com\/\",\"logo\":{\"@type\":\"ImageObject\",\"inLanguage\":\"en-US\",\"@id\":\"https:\/\/dooraykapi.com\/#\/schema\/logo\/image\/\",\"url\":\"https:\/\/dooraykapi.com\/wp-content\/uploads\/Dooray-Kapi-Logo-logoson-kopyasi.png\",\"contentUrl\":\"https:\/\/dooraykapi.com\/wp-content\/uploads\/Dooray-Kapi-Logo-logoson-kopyasi.png\",\"width\":3253,\"height\":731,\"caption\":\"Dooray Kap\u0131\"},\"image\":{\"@id\":\"https:\/\/dooraykapi.com\/#\/schema\/logo\/image\/\"},\"sameAs\":[\"https:\/\/facebook.com\/dooraykapi\"]}]}<\/script>\n<!-- \/ Yoast SEO Premium plugin. -->","yoast_head_json":{"title":"Gallery - Dooray Kap\u0131","description":"Dooray Yang\u0131n ve Metal Kap\u0131 Sistemleri LTD. \u015eT\u0130. Galerisi","robots":{"index":"index","follow":"follow","max-snippet":"max-snippet:-1","max-image-preview":"max-image-preview:large","max-video-preview":"max-video-preview:-1"},"canonical":"https:\/\/dooraykapi.com\/en\/gallery\/","og_locale":"en_US","og_type":"article","og_title":"Gallery","og_description":"Dooray Yang\u0131n ve Metal Kap\u0131 Sistemleri LTD. \u015eT\u0130. Galerisi","og_url":"https:\/\/dooraykapi.com\/en\/gallery\/","og_site_name":"Dooray Kap\u0131","article_publisher":"https:\/\/facebook.com\/dooraykapi","article_modified_time":"2022-10-24T08:34:01+00:00","og_image":[{"url":"https:\/\/dooraykapi.com\/wp-content\/uploads\/VVV.jpg","type":"","width":"","height":""}],"twitter_card":"summary_large_image","twitter_misc":{"Est. reading time":"3 minutes"},"schema":{"@context":"https:\/\/schema.org","@graph":[{"@type":"WebPage","@id":"https:\/\/dooraykapi.com\/en\/gallery\/","url":"https:\/\/dooraykapi.com\/en\/gallery\/","name":"Gallery - Dooray Kap\u0131","isPartOf":{"@id":"https:\/\/dooraykapi.com\/#website"},"primaryImageOfPage":{"@id":"https:\/\/dooraykapi.com\/en\/gallery\/#primaryimage"},"image":{"@id":"https:\/\/dooraykapi.com\/en\/gallery\/#primaryimage"},"thumbnailUrl":"https:\/\/dooraykapi.com\/wp-content\/uploads\/VVV.jpg","datePublished":"2022-04-07T15:57:50+00:00","dateModified":"2022-10-24T08:34:01+00:00","description":"Dooray Yang\u0131n ve Metal Kap\u0131 Sistemleri LTD. \u015eT\u0130. Galerisi","breadcrumb":{"@id":"https:\/\/dooraykapi.com\/en\/gallery\/#breadcrumb"},"inLanguage":"en-US","potentialAction":[{"@type":"ReadAction","target":["https:\/\/dooraykapi.com\/en\/gallery\/"]}]},{"@type":"ImageObject","inLanguage":"en-US","@id":"https:\/\/dooraykapi.com\/en\/gallery\/#primaryimage","url":"https:\/\/dooraykapi.com\/wp-content\/uploads\/VVV.jpg","contentUrl":"https:\/\/dooraykapi.com\/wp-content\/uploads\/VVV.jpg"},{"@type":"BreadcrumbList","@id":"https:\/\/dooraykapi.com\/en\/gallery\/#breadcrumb","itemListElement":[{"@type":"ListItem","position":1,"name":"Anasayfa","item":"https:\/\/dooraykapi.com\/en\/"},{"@type":"ListItem","position":2,"name":"Gallery"}]},{"@type":"WebSite","@id":"https:\/\/dooraykapi.com\/#website","url":"https:\/\/dooraykapi.com\/","name":"Dooray Kap\u0131","description":"\u015eehrin Sa\u011flam Kap\u0131s\u0131","publisher":{"@id":"https:\/\/dooraykapi.com\/#organization"},"potentialAction":[{"@type":"SearchAction","target":{"@type":"EntryPoint","urlTemplate":"https:\/\/dooraykapi.com\/?s={search_term_string}"},"query-input":{"@type":"PropertyValueSpecification","valueRequired":true,"valueName":"search_term_string"}}],"inLanguage":"en-US"},{"@type":"Organization","@id":"https:\/\/dooraykapi.com\/#organization","name":"Dooray Kap\u0131","url":"https:\/\/dooraykapi.com\/","logo":{"@type":"ImageObject","inLanguage":"en-US","@id":"https:\/\/dooraykapi.com\/#\/schema\/logo\/image\/","url":"https:\/\/dooraykapi.com\/wp-content\/uploads\/Dooray-Kapi-Logo-logoson-kopyasi.png","contentUrl":"https:\/\/dooraykapi.com\/wp-content\/uploads\/Dooray-Kapi-Logo-logoson-kopyasi.png","width":3253,"height":731,"caption":"Dooray Kap\u0131"},"image":{"@id":"https:\/\/dooraykapi.com\/#\/schema\/logo\/image\/"},"sameAs":["https:\/\/facebook.com\/dooraykapi"]}]}},"_links":{"self":[{"href":"https:\/\/dooraykapi.com\/en\/wp-json\/wp\/v2\/pages\/879","targetHints":{"allow":["GET"]}}],"collection":[{"href":"https:\/\/dooraykapi.com\/en\/wp-json\/wp\/v2\/pages"}],"about":[{"href":"https:\/\/dooraykapi.com\/en\/wp-json\/wp\/v2\/types\/page"}],"author":[{"embeddable":true,"href":"https:\/\/dooraykapi.com\/en\/wp-json\/wp\/v2\/users\/1"}],"replies":[{"embeddable":true,"href":"https:\/\/dooraykapi.com\/en\/wp-json\/wp\/v2\/comments?post=879"}],"version-history":[{"count":0,"href":"https:\/\/dooraykapi.com\/en\/wp-json\/wp\/v2\/pages\/879\/revisions"}],"wp:attachment":[{"href":"https:\/\/dooraykapi.com\/en\/wp-json\/wp\/v2\/media?parent=879"}],"curies":[{"name":"wp","href":"https:\/\/api.w.org\/{rel}","templated":true}]}}