{"id":881,"date":"2020-04-30T09:01:50","date_gmt":"2020-04-30T06:01:50","guid":{"rendered":"https:\/\/dooraykapi.com\/hakkimizda\/"},"modified":"2022-10-24T11:40:37","modified_gmt":"2022-10-24T08:40:37","slug":"about-us","status":"publish","type":"page","link":"https:\/\/dooraykapi.com\/en\/about-us\/","title":{"rendered":"About Us"},"content":{"rendered":"\n<p><p>HAKKIMIZDA<br>line<br><br><img decoding=\"async\" src=\"https:\/\/dooray.com.tr\/wp-content\/uploads\/2020\/04\/fb-about-us-truck.png\" alt=\"fb-about-us-truck\"><br>full<br><br><\/p><h2>DOORAY YANGIN KAPI S\u0130STEMLER\u0130 <\/h2>\n<br><hr class=\"no_line\" style=\"margin: 0 auto 20px auto\"\/>\n\n<br>DOORAY KAPI S\u0130STEMLER\u0130 LTD. End\u00fcstriyel \u00e7elikten yang\u0131na dayan\u0131kl\u0131 kap\u0131lar ve \u00e7elik-g\u00fcvenlik kap\u0131lar\u0131 \u00fcretmektedir.\n<br><hr class=\"no_line\" style=\"margin: 0 auto 15px auto\"\/>\n\n<br>\n<br>Projenize \u00d6zel Tek \/ \u00c7ift Kanatl\u0131 Kap\u0131lar\n<br>Shaft Kap\u0131lar\u0131, Enerji Odas\u0131 Kap\u0131lar\u0131\n<br> Kap\u0131 Kasalar\u0131, De\u011fi\u015fik Alanlar \u0130\u00e7in \u00c7elik Kapaklar \n<br> 3 Saate Kadar Yang\u0131na Dayan\u0131kl\u0131l\u0131k S\u00fcresi Olan Kap\u0131lar \n<br>\n<br><br>no-repeat;left top;;<br>auto<br><br>Fabrikam\u0131z y\u00fcksek kapasiteli \u00fcretimine 1994\u2019ten beri Sancaktepe, \u0130stanbul\u2019da devam etmektedir. \u00dcr\u00fcnlerimiz, CE, TSE, Efectis ERA ve A1 ISO 9001:2015 sertifikalar\u0131na ve uluslararas\u0131 standartlara uygun olarak \u00fcretilmektedir. Kap\u0131lar\u0131m\u0131z korunma, ka\u00e7\u0131\u015f ve depolama gereksinimi olan yerlerde kullan\u0131lmaktad\u0131r. Piyasa liderlerinden biri olarak \u201cstandart veya iste\u011fe-\u00f6zel \u00f6l\u00e7\u00fclerde\u201d \u00fcretti\u011fimiz \u00fcr\u00fcnleri ge\u00e7en 26 y\u0131l boyunca testlere tabi tutarak kalitemizi en \u00fcst d\u00fczeye ta\u015f\u0131may\u0131 ba\u015fard\u0131k.<br>no-repeat;left top;;<br>auto<br><br>\u00d6zellikle yang\u0131na dayan\u0131kl\u0131l\u0131k konusunda \u00fcretim kalitemiz ve detaylara verdi\u011fimiz \u00f6zen bu sekt\u00f6rde lider olmak i\u00e7in benimsedi\u011fimiz profesyonel prensiplerimizdendir.\n<br>\n<br>Yurt d\u0131\u015f\u0131 i\u00e7in \u00fcretilen \u00fcr\u00fcnlerimizi o b\u00f6lgedeki standartlara uygun olarak \u00fcretip, oradaki yerel kurumlar\u0131n kurallar\u0131na uygun halde kullan\u0131ma haz\u0131rl\u0131yoruz. De\u011fi\u015fik ve geni\u015f bir \u00fcr\u00fcn \u00e7e\u015fidi \u00fcretmekteyiz. Aksesuarlar\u0131 ile birlikte yang\u0131na dayan\u0131kl\u0131, hidrolik mente\u015feli kap\u0131 \u00fcretiriz.<br>no-repeat;left top;;<br>auto<br><br><span class=\"highlight highlight-\" style=\"background-color:#fb5f45;color:#fff;\"><\/span>\n\n<br><h1>\u00dcR\u00dcNLER\u0130M\u0130Z<\/h1><br>center<br>no-repeat;left top;;<br>auto<br><br><img decoding=\"async\" src=\"https:\/\/dooray.com.tr\/wp-content\/uploads\/tek-kanat-yangin-kapisi.jpg\" alt=\"tek-kanat-yangin-kapisi\"><br>Tek Kanatl\u0131 Yang\u0131n Kap\u0131s\u0131<br><br><img decoding=\"async\" src=\"https:\/\/dooray.com.tr\/wp-content\/uploads\/camli-yangin-kapisi.png\" alt=\"camli-yangin-kapisi\"><br>Caml\u0131 Yang\u0131n Kap\u0131s\u0131<br><br><img decoding=\"async\" src=\"https:\/\/dooray.com.tr\/wp-content\/uploads\/cift-kanat-yangin-kapisi.jpg\" alt=\"cift-kanat-yangin-kapisi\"><br>\u00c7ift Kanatl\u0131 Yang\u0131n Kap\u0131s\u0131<br><br>B\u0130ZE ULA\u015eIN <br>center<br>center<br>no-repeat;left top;;<br>auto<br><br>default<br>default<br>#e8e8e9<br><br>default<br>default<br>#e8e8e9<br><br><a class=\"button  button_size_2\" href=\"https:\/\/dooray.com.tr\/iletisim\"         title=\"\"><span class=\"button_label\">\u0130LET\u0130\u015e\u0130ME GE\u00c7<\/span><\/a>\n<br>right<br>center<br>no-repeat;left top;;<br>auto<br><br><\/p>\n","protected":false},"excerpt":{"rendered":"<p>HAKKIMIZDAline full DOORAY YANGIN KAPI S\u0130STEMLER\u0130 DOORAY KAPI S\u0130STEMLER\u0130 LTD. End\u00fcstriyel \u00e7elikten yang\u0131na dayan\u0131kl\u0131 kap\u0131lar ve \u00e7elik-g\u00fcvenlik kap\u0131lar\u0131 \u00fcretmektedir. Projenize \u00d6zel Tek \/ \u00c7ift Kanatl\u0131 Kap\u0131lar<span class=\"excerpt-hellip\"> [\u2026]<\/span><\/p>\n","protected":false},"author":1,"featured_media":0,"parent":0,"menu_order":0,"comment_status":"closed","ping_status":"closed","template":"","meta":{"_joinchat":[],"footnotes":""},"class_list":["post-881","page","type-page","status-publish","hentry"],"yoast_head":"<!-- This site is optimized with the Yoast SEO Premium plugin v25.2 (Yoast SEO v26.6) - https:\/\/yoast.com\/wordpress\/plugins\/seo\/ -->\n<title>About Us - Dooray Kap\u0131<\/title>\n<meta name=\"robots\" content=\"index, follow, max-snippet:-1, max-image-preview:large, max-video-preview:-1\" \/>\n<link rel=\"canonical\" href=\"https:\/\/dooraykapi.com\/en\/about-us\/\" \/>\n<meta property=\"og:locale\" content=\"en_US\" \/>\n<meta property=\"og:type\" content=\"article\" \/>\n<meta property=\"og:title\" content=\"About Us\" \/>\n<meta property=\"og:description\" content=\"HAKKIMIZDAline full DOORAY YANGIN KAPI S\u0130STEMLER\u0130 DOORAY KAPI S\u0130STEMLER\u0130 LTD. End\u00fcstriyel \u00e7elikten yang\u0131na dayan\u0131kl\u0131 kap\u0131lar ve \u00e7elik-g\u00fcvenlik kap\u0131lar\u0131 \u00fcretmektedir. Projenize \u00d6zel Tek \/ \u00c7ift Kanatl\u0131 Kap\u0131lar [\u2026]\" \/>\n<meta property=\"og:url\" content=\"https:\/\/dooraykapi.com\/en\/about-us\/\" \/>\n<meta property=\"og:site_name\" content=\"Dooray Kap\u0131\" \/>\n<meta property=\"article:publisher\" content=\"https:\/\/facebook.com\/dooraykapi\" \/>\n<meta property=\"article:modified_time\" content=\"2022-10-24T08:40:37+00:00\" \/>\n<meta property=\"og:image\" content=\"https:\/\/dooray.com.tr\/wp-content\/uploads\/2020\/04\/fb-about-us-truck.png\" \/>\n<meta name=\"twitter:card\" content=\"summary_large_image\" \/>\n<meta name=\"twitter:label1\" content=\"Est. reading time\" \/>\n\t<meta name=\"twitter:data1\" content=\"3 minutes\" \/>\n<script type=\"application\/ld+json\" class=\"yoast-schema-graph\">{\"@context\":\"https:\/\/schema.org\",\"@graph\":[{\"@type\":\"WebPage\",\"@id\":\"https:\/\/dooraykapi.com\/en\/about-us\/\",\"url\":\"https:\/\/dooraykapi.com\/en\/about-us\/\",\"name\":\"About Us - Dooray Kap\u0131\",\"isPartOf\":{\"@id\":\"https:\/\/dooraykapi.com\/#website\"},\"primaryImageOfPage\":{\"@id\":\"https:\/\/dooraykapi.com\/en\/about-us\/#primaryimage\"},\"image\":{\"@id\":\"https:\/\/dooraykapi.com\/en\/about-us\/#primaryimage\"},\"thumbnailUrl\":\"https:\/\/dooray.com.tr\/wp-content\/uploads\/2020\/04\/fb-about-us-truck.png\",\"datePublished\":\"2020-04-30T06:01:50+00:00\",\"dateModified\":\"2022-10-24T08:40:37+00:00\",\"breadcrumb\":{\"@id\":\"https:\/\/dooraykapi.com\/en\/about-us\/#breadcrumb\"},\"inLanguage\":\"en-US\",\"potentialAction\":[{\"@type\":\"ReadAction\",\"target\":[\"https:\/\/dooraykapi.com\/en\/about-us\/\"]}]},{\"@type\":\"ImageObject\",\"inLanguage\":\"en-US\",\"@id\":\"https:\/\/dooraykapi.com\/en\/about-us\/#primaryimage\",\"url\":\"https:\/\/dooray.com.tr\/wp-content\/uploads\/2020\/04\/fb-about-us-truck.png\",\"contentUrl\":\"https:\/\/dooray.com.tr\/wp-content\/uploads\/2020\/04\/fb-about-us-truck.png\"},{\"@type\":\"BreadcrumbList\",\"@id\":\"https:\/\/dooraykapi.com\/en\/about-us\/#breadcrumb\",\"itemListElement\":[{\"@type\":\"ListItem\",\"position\":1,\"name\":\"Anasayfa\",\"item\":\"https:\/\/dooraykapi.com\/en\/\"},{\"@type\":\"ListItem\",\"position\":2,\"name\":\"About Us\"}]},{\"@type\":\"WebSite\",\"@id\":\"https:\/\/dooraykapi.com\/#website\",\"url\":\"https:\/\/dooraykapi.com\/\",\"name\":\"Dooray Kap\u0131\",\"description\":\"\u015eehrin Sa\u011flam Kap\u0131s\u0131\",\"publisher\":{\"@id\":\"https:\/\/dooraykapi.com\/#organization\"},\"potentialAction\":[{\"@type\":\"SearchAction\",\"target\":{\"@type\":\"EntryPoint\",\"urlTemplate\":\"https:\/\/dooraykapi.com\/?s={search_term_string}\"},\"query-input\":{\"@type\":\"PropertyValueSpecification\",\"valueRequired\":true,\"valueName\":\"search_term_string\"}}],\"inLanguage\":\"en-US\"},{\"@type\":\"Organization\",\"@id\":\"https:\/\/dooraykapi.com\/#organization\",\"name\":\"Dooray Kap\u0131\",\"url\":\"https:\/\/dooraykapi.com\/\",\"logo\":{\"@type\":\"ImageObject\",\"inLanguage\":\"en-US\",\"@id\":\"https:\/\/dooraykapi.com\/#\/schema\/logo\/image\/\",\"url\":\"https:\/\/dooraykapi.com\/wp-content\/uploads\/Dooray-Kapi-Logo-logoson-kopyasi.png\",\"contentUrl\":\"https:\/\/dooraykapi.com\/wp-content\/uploads\/Dooray-Kapi-Logo-logoson-kopyasi.png\",\"width\":3253,\"height\":731,\"caption\":\"Dooray Kap\u0131\"},\"image\":{\"@id\":\"https:\/\/dooraykapi.com\/#\/schema\/logo\/image\/\"},\"sameAs\":[\"https:\/\/facebook.com\/dooraykapi\"]}]}<\/script>\n<!-- \/ Yoast SEO Premium plugin. -->","yoast_head_json":{"title":"About Us - Dooray Kap\u0131","robots":{"index":"index","follow":"follow","max-snippet":"max-snippet:-1","max-image-preview":"max-image-preview:large","max-video-preview":"max-video-preview:-1"},"canonical":"https:\/\/dooraykapi.com\/en\/about-us\/","og_locale":"en_US","og_type":"article","og_title":"About Us","og_description":"HAKKIMIZDAline full DOORAY YANGIN KAPI S\u0130STEMLER\u0130 DOORAY KAPI S\u0130STEMLER\u0130 LTD. End\u00fcstriyel \u00e7elikten yang\u0131na dayan\u0131kl\u0131 kap\u0131lar ve \u00e7elik-g\u00fcvenlik kap\u0131lar\u0131 \u00fcretmektedir. Projenize \u00d6zel Tek \/ \u00c7ift Kanatl\u0131 Kap\u0131lar [\u2026]","og_url":"https:\/\/dooraykapi.com\/en\/about-us\/","og_site_name":"Dooray Kap\u0131","article_publisher":"https:\/\/facebook.com\/dooraykapi","article_modified_time":"2022-10-24T08:40:37+00:00","og_image":[{"url":"https:\/\/dooray.com.tr\/wp-content\/uploads\/2020\/04\/fb-about-us-truck.png","type":"","width":"","height":""}],"twitter_card":"summary_large_image","twitter_misc":{"Est. reading time":"3 minutes"},"schema":{"@context":"https:\/\/schema.org","@graph":[{"@type":"WebPage","@id":"https:\/\/dooraykapi.com\/en\/about-us\/","url":"https:\/\/dooraykapi.com\/en\/about-us\/","name":"About Us - Dooray Kap\u0131","isPartOf":{"@id":"https:\/\/dooraykapi.com\/#website"},"primaryImageOfPage":{"@id":"https:\/\/dooraykapi.com\/en\/about-us\/#primaryimage"},"image":{"@id":"https:\/\/dooraykapi.com\/en\/about-us\/#primaryimage"},"thumbnailUrl":"https:\/\/dooray.com.tr\/wp-content\/uploads\/2020\/04\/fb-about-us-truck.png","datePublished":"2020-04-30T06:01:50+00:00","dateModified":"2022-10-24T08:40:37+00:00","breadcrumb":{"@id":"https:\/\/dooraykapi.com\/en\/about-us\/#breadcrumb"},"inLanguage":"en-US","potentialAction":[{"@type":"ReadAction","target":["https:\/\/dooraykapi.com\/en\/about-us\/"]}]},{"@type":"ImageObject","inLanguage":"en-US","@id":"https:\/\/dooraykapi.com\/en\/about-us\/#primaryimage","url":"https:\/\/dooray.com.tr\/wp-content\/uploads\/2020\/04\/fb-about-us-truck.png","contentUrl":"https:\/\/dooray.com.tr\/wp-content\/uploads\/2020\/04\/fb-about-us-truck.png"},{"@type":"BreadcrumbList","@id":"https:\/\/dooraykapi.com\/en\/about-us\/#breadcrumb","itemListElement":[{"@type":"ListItem","position":1,"name":"Anasayfa","item":"https:\/\/dooraykapi.com\/en\/"},{"@type":"ListItem","position":2,"name":"About Us"}]},{"@type":"WebSite","@id":"https:\/\/dooraykapi.com\/#website","url":"https:\/\/dooraykapi.com\/","name":"Dooray Kap\u0131","description":"\u015eehrin Sa\u011flam Kap\u0131s\u0131","publisher":{"@id":"https:\/\/dooraykapi.com\/#organization"},"potentialAction":[{"@type":"SearchAction","target":{"@type":"EntryPoint","urlTemplate":"https:\/\/dooraykapi.com\/?s={search_term_string}"},"query-input":{"@type":"PropertyValueSpecification","valueRequired":true,"valueName":"search_term_string"}}],"inLanguage":"en-US"},{"@type":"Organization","@id":"https:\/\/dooraykapi.com\/#organization","name":"Dooray Kap\u0131","url":"https:\/\/dooraykapi.com\/","logo":{"@type":"ImageObject","inLanguage":"en-US","@id":"https:\/\/dooraykapi.com\/#\/schema\/logo\/image\/","url":"https:\/\/dooraykapi.com\/wp-content\/uploads\/Dooray-Kapi-Logo-logoson-kopyasi.png","contentUrl":"https:\/\/dooraykapi.com\/wp-content\/uploads\/Dooray-Kapi-Logo-logoson-kopyasi.png","width":3253,"height":731,"caption":"Dooray Kap\u0131"},"image":{"@id":"https:\/\/dooraykapi.com\/#\/schema\/logo\/image\/"},"sameAs":["https:\/\/facebook.com\/dooraykapi"]}]}},"_links":{"self":[{"href":"https:\/\/dooraykapi.com\/en\/wp-json\/wp\/v2\/pages\/881","targetHints":{"allow":["GET"]}}],"collection":[{"href":"https:\/\/dooraykapi.com\/en\/wp-json\/wp\/v2\/pages"}],"about":[{"href":"https:\/\/dooraykapi.com\/en\/wp-json\/wp\/v2\/types\/page"}],"author":[{"embeddable":true,"href":"https:\/\/dooraykapi.com\/en\/wp-json\/wp\/v2\/users\/1"}],"replies":[{"embeddable":true,"href":"https:\/\/dooraykapi.com\/en\/wp-json\/wp\/v2\/comments?post=881"}],"version-history":[{"count":0,"href":"https:\/\/dooraykapi.com\/en\/wp-json\/wp\/v2\/pages\/881\/revisions"}],"wp:attachment":[{"href":"https:\/\/dooraykapi.com\/en\/wp-json\/wp\/v2\/media?parent=881"}],"curies":[{"name":"wp","href":"https:\/\/api.w.org\/{rel}","templated":true}]}}