{"id":885,"date":"2022-04-11T11:39:32","date_gmt":"2022-04-11T08:39:32","guid":{"rendered":"https:\/\/dooraykapi.com\/referanslarimiz\/"},"modified":"2022-10-24T15:55:24","modified_gmt":"2022-10-24T12:55:24","slug":"referanslarimiz","status":"publish","type":"page","link":"https:\/\/dooraykapi.com\/en\/referanslarimiz\/","title":{"rendered":"References"},"content":{"rendered":"\n<p>REFERANSLARIMIZ<br>Bizi Tercih Eden De\u011ferli M\u00fc\u015fterilerimiz<br>line<br><br><img decoding=\"async\" src=\"https:\/\/dooraykapi.com\/wp-content\/uploads\/toyota-2.png\" alt=\"\"><br>full<br><br><img decoding=\"async\" src=\"https:\/\/dooraykapi.com\/wp-content\/uploads\/t-is%CC%A7-bankasi.png\" alt=\"\"><br>full<br><br><img decoding=\"async\" src=\"https:\/\/dooraykapi.com\/wp-content\/uploads\/1582497504-acibadem.jpg\" alt=\"\"><br>full<br><br><img decoding=\"async\" src=\"https:\/\/dooraykapi.com\/wp-content\/uploads\/1582497504-balikesiruniversitesi.png\" alt=\"\"><br>full<br><br><img decoding=\"async\" src=\"https:\/\/dooraykapi.com\/wp-content\/uploads\/1582497504-alarga.jpg\" alt=\"\"><br>full<br><br><img decoding=\"async\" src=\"https:\/\/dooraykapi.com\/wp-content\/uploads\/1582497504-basaksehirkoleji.jpg\" alt=\"\"><br>full<br><br><img decoding=\"async\" src=\"https:\/\/dooraykapi.com\/wp-content\/uploads\/1582497504-dardanel.png\" alt=\"\"><br>full<br><br><img decoding=\"async\" src=\"https:\/\/dooraykapi.com\/wp-content\/uploads\/1582497504-koctas.png\" alt=\"\"><br>full<br><br><img decoding=\"async\" src=\"https:\/\/dooraykapi.com\/wp-content\/uploads\/decathlon-2.png\" alt=\"\"><br>full<br><br><img decoding=\"async\" src=\"https:\/\/dooraykapi.com\/wp-content\/uploads\/logo-3.png\" alt=\"\"><br>full<br><br><img decoding=\"async\" src=\"https:\/\/dooraykapi.com\/wp-content\/uploads\/kotonn.png\" alt=\"\"><br>full<br><br><img decoding=\"async\" src=\"https:\/\/dooraykapi.com\/wp-content\/uploads\/1582497504-amerikankolejleri.jpg\" alt=\"\"><br>full<br><br><img decoding=\"async\" src=\"https:\/\/dooraykapi.com\/wp-content\/uploads\/kartal-belediyesi-2.png\" alt=\"\"><br>full<br><br><img decoding=\"async\" src=\"https:\/\/dooraykapi.com\/wp-content\/uploads\/1582497504-istanbuluniversitesi.png\" alt=\"\"><br>full<br><br><img decoding=\"async\" src=\"https:\/\/dooraykapi.com\/wp-content\/uploads\/1582497504-aoc.png\" alt=\"\"><br>full<br><br><img decoding=\"async\" src=\"https:\/\/dooraykapi.com\/wp-content\/uploads\/1582497504-arkas.jpg\" alt=\"\"><br>full<br><br><img decoding=\"async\" src=\"https:\/\/dooraykapi.com\/wp-content\/uploads\/1582497504-balikesirdevlethastanesi.png\" alt=\"\"><br>full<br><br><img decoding=\"async\" src=\"https:\/\/dooraykapi.com\/wp-content\/uploads\/1582497504-celikaku.jpg\" alt=\"\"><br>full<br><br><img decoding=\"async\" src=\"https:\/\/dooraykapi.com\/wp-content\/uploads\/1582497504-dalaman.png\" alt=\"\"><br>full<br><br><img decoding=\"async\" src=\"https:\/\/dooraykapi.com\/wp-content\/uploads\/1582497504-eskisehiruniversitesi.png\" alt=\"\"><br>full<br><br><img decoding=\"async\" src=\"https:\/\/dooraykapi.com\/wp-content\/uploads\/1582497504-hooalndabuyukelciligibamako.jpg\" alt=\"\"><br>full<br><br><img decoding=\"async\" src=\"https:\/\/dooraykapi.com\/wp-content\/uploads\/1582497504-interline.jpg\" alt=\"\"><br>full<br><br><img decoding=\"async\" src=\"https:\/\/dooraykapi.com\/wp-content\/uploads\/1582497504-isikunivers.png\" alt=\"\"><br>full<br><br><img decoding=\"async\" src=\"https:\/\/dooraykapi.com\/wp-content\/uploads\/1582497504-izmitbelediyesi.png\" alt=\"\"><br>full<br><br><img decoding=\"async\" src=\"https:\/\/dooraykapi.com\/wp-content\/uploads\/1582497504-kosifler.png\" alt=\"\"><br>full<br><br><img decoding=\"async\" src=\"https:\/\/dooraykapi.com\/wp-content\/uploads\/ford-2.png\" alt=\"\"><br>full<br><br><img decoding=\"async\" src=\"https:\/\/dooraykapi.com\/wp-content\/uploads\/sultanbeyli-belediyesi-2.png\" alt=\"\"><br>full<br><br><img decoding=\"async\" src=\"https:\/\/dooraykapi.com\/wp-content\/uploads\/sabiha-go%CC%88kc%CC%A7en.png\" alt=\"\"><br>full<br><br><img decoding=\"async\" src=\"https:\/\/dooraykapi.com\/wp-content\/uploads\/pegasus-2.png\" alt=\"\"><br>full<br><br><img decoding=\"async\" src=\"https:\/\/dooraykapi.com\/wp-content\/uploads\/kosifler-oto-2.png\" alt=\"\"><br>full<br><br><img decoding=\"async\" src=\"https:\/\/dooraykapi.com\/wp-content\/uploads\/sarelle2.png\" alt=\"\"><br>full<br><br><img decoding=\"async\" src=\"https:\/\/dooraykapi.com\/wp-content\/uploads\/Basliksiz-1-kopya-1.png\" alt=\"\"><br>full<br><br><img decoding=\"async\" src=\"https:\/\/dooraykapi.com\/wp-content\/uploads\/emmar.png\" alt=\"\"><br>full<br><br><img decoding=\"async\" src=\"https:\/\/dooraykapi.com\/wp-content\/uploads\/ramada-2.png\" alt=\"\"><br>full<br><br><img decoding=\"async\" src=\"https:\/\/dooraykapi.com\/wp-content\/uploads\/sac-koleji.png\" alt=\"\"><br>full<br><br><img decoding=\"async\" src=\"https:\/\/dooraykapi.com\/wp-content\/uploads\/liv-hospital-2.png\" alt=\"\"><br>full<br><br><img decoding=\"async\" src=\"https:\/\/dooraykapi.com\/wp-content\/uploads\/sisecamm.png\" alt=\"\"><br>full<br><br><img decoding=\"async\" src=\"https:\/\/dooraykapi.com\/wp-content\/uploads\/kingspan-2.png\" alt=\"\"><br>full<br><br><img decoding=\"async\" src=\"https:\/\/dooraykapi.com\/wp-content\/uploads\/istanbul-airport.png\" alt=\"\"><br>full<br><br><img decoding=\"async\" src=\"https:\/\/dooraykapi.com\/wp-content\/uploads\/izmit-belediyesi-2.png\" alt=\"\"><br>full<br><br><\/p>\n","protected":false},"excerpt":{"rendered":"<p>REFERANSLARIMIZBizi Tercih Eden De\u011ferli M\u00fc\u015fterilerimizline full full full full full full full full full full full full full full full full full full full full full<span class=\"excerpt-hellip\"> [\u2026]<\/span><\/p>\n","protected":false},"author":1,"featured_media":0,"parent":0,"menu_order":0,"comment_status":"closed","ping_status":"closed","template":"","meta":{"_joinchat":[],"footnotes":""},"class_list":["post-885","page","type-page","status-publish","hentry"],"yoast_head":"<!-- This site is optimized with the Yoast SEO Premium plugin v25.2 (Yoast SEO v26.6) - https:\/\/yoast.com\/wordpress\/plugins\/seo\/ -->\n<title>Dooray Kap\u0131 Yang\u0131n ve Metal Kap\u0131 Sistemleri | Referanslar\u0131m\u0131z<\/title>\n<meta name=\"description\" content=\"Dooray Kap\u0131 Yang\u0131n ve Metal Kap\u0131 Sistemleri | Bizi tercih eden de\u011ferli m\u00fc\u015fterilerimize referanslar k\u0131sm\u0131ndan ula\u015fabilirsiniz.\" \/>\n<meta name=\"robots\" content=\"index, follow, max-snippet:-1, max-image-preview:large, max-video-preview:-1\" \/>\n<link rel=\"canonical\" href=\"https:\/\/dooraykapi.com\/en\/referanslarimiz\/\" \/>\n<meta property=\"og:locale\" content=\"en_US\" \/>\n<meta property=\"og:type\" content=\"article\" \/>\n<meta property=\"og:title\" content=\"References\" \/>\n<meta property=\"og:description\" content=\"Dooray Kap\u0131 Yang\u0131n ve Metal Kap\u0131 Sistemleri | Bizi tercih eden de\u011ferli m\u00fc\u015fterilerimize referanslar k\u0131sm\u0131ndan ula\u015fabilirsiniz.\" \/>\n<meta property=\"og:url\" content=\"https:\/\/dooraykapi.com\/en\/referanslarimiz\/\" \/>\n<meta property=\"og:site_name\" content=\"Dooray Kap\u0131\" \/>\n<meta property=\"article:publisher\" content=\"https:\/\/facebook.com\/dooraykapi\" \/>\n<meta property=\"article:modified_time\" content=\"2022-10-24T12:55:24+00:00\" \/>\n<meta property=\"og:image\" content=\"https:\/\/dooraykapi.com\/wp-content\/uploads\/toyota-2.png\" \/>\n<meta name=\"twitter:card\" content=\"summary_large_image\" \/>\n<meta name=\"twitter:label1\" content=\"Est. reading time\" \/>\n\t<meta name=\"twitter:data1\" content=\"9 minutes\" \/>\n<script type=\"application\/ld+json\" class=\"yoast-schema-graph\">{\"@context\":\"https:\/\/schema.org\",\"@graph\":[{\"@type\":\"WebPage\",\"@id\":\"https:\/\/dooraykapi.com\/en\/referanslarimiz\/\",\"url\":\"https:\/\/dooraykapi.com\/en\/referanslarimiz\/\",\"name\":\"Dooray Kap\u0131 Yang\u0131n ve Metal Kap\u0131 Sistemleri | Referanslar\u0131m\u0131z\",\"isPartOf\":{\"@id\":\"https:\/\/dooraykapi.com\/#website\"},\"primaryImageOfPage\":{\"@id\":\"https:\/\/dooraykapi.com\/en\/referanslarimiz\/#primaryimage\"},\"image\":{\"@id\":\"https:\/\/dooraykapi.com\/en\/referanslarimiz\/#primaryimage\"},\"thumbnailUrl\":\"https:\/\/dooraykapi.com\/wp-content\/uploads\/toyota-2.png\",\"datePublished\":\"2022-04-11T08:39:32+00:00\",\"dateModified\":\"2022-10-24T12:55:24+00:00\",\"description\":\"Dooray Kap\u0131 Yang\u0131n ve Metal Kap\u0131 Sistemleri | Bizi tercih eden de\u011ferli m\u00fc\u015fterilerimize referanslar k\u0131sm\u0131ndan ula\u015fabilirsiniz.\",\"breadcrumb\":{\"@id\":\"https:\/\/dooraykapi.com\/en\/referanslarimiz\/#breadcrumb\"},\"inLanguage\":\"en-US\",\"potentialAction\":[{\"@type\":\"ReadAction\",\"target\":[\"https:\/\/dooraykapi.com\/en\/referanslarimiz\/\"]}]},{\"@type\":\"ImageObject\",\"inLanguage\":\"en-US\",\"@id\":\"https:\/\/dooraykapi.com\/en\/referanslarimiz\/#primaryimage\",\"url\":\"https:\/\/dooraykapi.com\/wp-content\/uploads\/toyota-2.png\",\"contentUrl\":\"https:\/\/dooraykapi.com\/wp-content\/uploads\/toyota-2.png\"},{\"@type\":\"BreadcrumbList\",\"@id\":\"https:\/\/dooraykapi.com\/en\/referanslarimiz\/#breadcrumb\",\"itemListElement\":[{\"@type\":\"ListItem\",\"position\":1,\"name\":\"Anasayfa\",\"item\":\"https:\/\/dooraykapi.com\/en\/\"},{\"@type\":\"ListItem\",\"position\":2,\"name\":\"References\"}]},{\"@type\":\"WebSite\",\"@id\":\"https:\/\/dooraykapi.com\/#website\",\"url\":\"https:\/\/dooraykapi.com\/\",\"name\":\"Dooray Kap\u0131\",\"description\":\"\u015eehrin Sa\u011flam Kap\u0131s\u0131\",\"publisher\":{\"@id\":\"https:\/\/dooraykapi.com\/#organization\"},\"potentialAction\":[{\"@type\":\"SearchAction\",\"target\":{\"@type\":\"EntryPoint\",\"urlTemplate\":\"https:\/\/dooraykapi.com\/?s={search_term_string}\"},\"query-input\":{\"@type\":\"PropertyValueSpecification\",\"valueRequired\":true,\"valueName\":\"search_term_string\"}}],\"inLanguage\":\"en-US\"},{\"@type\":\"Organization\",\"@id\":\"https:\/\/dooraykapi.com\/#organization\",\"name\":\"Dooray Kap\u0131\",\"url\":\"https:\/\/dooraykapi.com\/\",\"logo\":{\"@type\":\"ImageObject\",\"inLanguage\":\"en-US\",\"@id\":\"https:\/\/dooraykapi.com\/#\/schema\/logo\/image\/\",\"url\":\"https:\/\/dooraykapi.com\/wp-content\/uploads\/Dooray-Kapi-Logo-logoson-kopyasi.png\",\"contentUrl\":\"https:\/\/dooraykapi.com\/wp-content\/uploads\/Dooray-Kapi-Logo-logoson-kopyasi.png\",\"width\":3253,\"height\":731,\"caption\":\"Dooray Kap\u0131\"},\"image\":{\"@id\":\"https:\/\/dooraykapi.com\/#\/schema\/logo\/image\/\"},\"sameAs\":[\"https:\/\/facebook.com\/dooraykapi\"]}]}<\/script>\n<!-- \/ Yoast SEO Premium plugin. -->","yoast_head_json":{"title":"Dooray Kap\u0131 Yang\u0131n ve Metal Kap\u0131 Sistemleri | Referanslar\u0131m\u0131z","description":"Dooray Kap\u0131 Yang\u0131n ve Metal Kap\u0131 Sistemleri | Bizi tercih eden de\u011ferli m\u00fc\u015fterilerimize referanslar k\u0131sm\u0131ndan ula\u015fabilirsiniz.","robots":{"index":"index","follow":"follow","max-snippet":"max-snippet:-1","max-image-preview":"max-image-preview:large","max-video-preview":"max-video-preview:-1"},"canonical":"https:\/\/dooraykapi.com\/en\/referanslarimiz\/","og_locale":"en_US","og_type":"article","og_title":"References","og_description":"Dooray Kap\u0131 Yang\u0131n ve Metal Kap\u0131 Sistemleri | Bizi tercih eden de\u011ferli m\u00fc\u015fterilerimize referanslar k\u0131sm\u0131ndan ula\u015fabilirsiniz.","og_url":"https:\/\/dooraykapi.com\/en\/referanslarimiz\/","og_site_name":"Dooray Kap\u0131","article_publisher":"https:\/\/facebook.com\/dooraykapi","article_modified_time":"2022-10-24T12:55:24+00:00","og_image":[{"url":"https:\/\/dooraykapi.com\/wp-content\/uploads\/toyota-2.png","type":"","width":"","height":""}],"twitter_card":"summary_large_image","twitter_misc":{"Est. reading time":"9 minutes"},"schema":{"@context":"https:\/\/schema.org","@graph":[{"@type":"WebPage","@id":"https:\/\/dooraykapi.com\/en\/referanslarimiz\/","url":"https:\/\/dooraykapi.com\/en\/referanslarimiz\/","name":"Dooray Kap\u0131 Yang\u0131n ve Metal Kap\u0131 Sistemleri | Referanslar\u0131m\u0131z","isPartOf":{"@id":"https:\/\/dooraykapi.com\/#website"},"primaryImageOfPage":{"@id":"https:\/\/dooraykapi.com\/en\/referanslarimiz\/#primaryimage"},"image":{"@id":"https:\/\/dooraykapi.com\/en\/referanslarimiz\/#primaryimage"},"thumbnailUrl":"https:\/\/dooraykapi.com\/wp-content\/uploads\/toyota-2.png","datePublished":"2022-04-11T08:39:32+00:00","dateModified":"2022-10-24T12:55:24+00:00","description":"Dooray Kap\u0131 Yang\u0131n ve Metal Kap\u0131 Sistemleri | Bizi tercih eden de\u011ferli m\u00fc\u015fterilerimize referanslar k\u0131sm\u0131ndan ula\u015fabilirsiniz.","breadcrumb":{"@id":"https:\/\/dooraykapi.com\/en\/referanslarimiz\/#breadcrumb"},"inLanguage":"en-US","potentialAction":[{"@type":"ReadAction","target":["https:\/\/dooraykapi.com\/en\/referanslarimiz\/"]}]},{"@type":"ImageObject","inLanguage":"en-US","@id":"https:\/\/dooraykapi.com\/en\/referanslarimiz\/#primaryimage","url":"https:\/\/dooraykapi.com\/wp-content\/uploads\/toyota-2.png","contentUrl":"https:\/\/dooraykapi.com\/wp-content\/uploads\/toyota-2.png"},{"@type":"BreadcrumbList","@id":"https:\/\/dooraykapi.com\/en\/referanslarimiz\/#breadcrumb","itemListElement":[{"@type":"ListItem","position":1,"name":"Anasayfa","item":"https:\/\/dooraykapi.com\/en\/"},{"@type":"ListItem","position":2,"name":"References"}]},{"@type":"WebSite","@id":"https:\/\/dooraykapi.com\/#website","url":"https:\/\/dooraykapi.com\/","name":"Dooray Kap\u0131","description":"\u015eehrin Sa\u011flam Kap\u0131s\u0131","publisher":{"@id":"https:\/\/dooraykapi.com\/#organization"},"potentialAction":[{"@type":"SearchAction","target":{"@type":"EntryPoint","urlTemplate":"https:\/\/dooraykapi.com\/?s={search_term_string}"},"query-input":{"@type":"PropertyValueSpecification","valueRequired":true,"valueName":"search_term_string"}}],"inLanguage":"en-US"},{"@type":"Organization","@id":"https:\/\/dooraykapi.com\/#organization","name":"Dooray Kap\u0131","url":"https:\/\/dooraykapi.com\/","logo":{"@type":"ImageObject","inLanguage":"en-US","@id":"https:\/\/dooraykapi.com\/#\/schema\/logo\/image\/","url":"https:\/\/dooraykapi.com\/wp-content\/uploads\/Dooray-Kapi-Logo-logoson-kopyasi.png","contentUrl":"https:\/\/dooraykapi.com\/wp-content\/uploads\/Dooray-Kapi-Logo-logoson-kopyasi.png","width":3253,"height":731,"caption":"Dooray Kap\u0131"},"image":{"@id":"https:\/\/dooraykapi.com\/#\/schema\/logo\/image\/"},"sameAs":["https:\/\/facebook.com\/dooraykapi"]}]}},"_links":{"self":[{"href":"https:\/\/dooraykapi.com\/en\/wp-json\/wp\/v2\/pages\/885","targetHints":{"allow":["GET"]}}],"collection":[{"href":"https:\/\/dooraykapi.com\/en\/wp-json\/wp\/v2\/pages"}],"about":[{"href":"https:\/\/dooraykapi.com\/en\/wp-json\/wp\/v2\/types\/page"}],"author":[{"embeddable":true,"href":"https:\/\/dooraykapi.com\/en\/wp-json\/wp\/v2\/users\/1"}],"replies":[{"embeddable":true,"href":"https:\/\/dooraykapi.com\/en\/wp-json\/wp\/v2\/comments?post=885"}],"version-history":[{"count":0,"href":"https:\/\/dooraykapi.com\/en\/wp-json\/wp\/v2\/pages\/885\/revisions"}],"wp:attachment":[{"href":"https:\/\/dooraykapi.com\/en\/wp-json\/wp\/v2\/media?parent=885"}],"curies":[{"name":"wp","href":"https:\/\/api.w.org\/{rel}","templated":true}]}}