{"id":886,"date":"2022-04-07T19:04:20","date_gmt":"2022-04-07T16:04:20","guid":{"rendered":"https:\/\/dooraykapi.com\/saft-kapaklari\/"},"modified":"2023-05-03T19:14:26","modified_gmt":"2023-05-03T16:14:26","slug":"shaft-covers","status":"publish","type":"page","link":"https:\/\/dooraykapi.com\/en\/shaft-covers\/","title":{"rendered":"Shaft Caps"},"content":{"rendered":"\n<p><img decoding=\"async\" src=\"https:\/\/dooraykapi.com\/wp-content\/uploads\/saft-kapagi-3.png\" alt=\"\" \/><br>full<br><br> <h1> \u015eAFT KAPAKLARI <\/h1> \r<br>\r<br>\r<br>\r<br><h3> \u015eaft Kapaklar\u0131 Hangi Alanlarda Kullan\u0131l\u0131r ? <\/h3>\r<br>\r<br>\u00a0 Yang\u0131na dayan\u0131kl\u0131 \u015fafk kapaklar\u0131 (m\u00fcdahale kapaklar\u0131) elektrik panolar\u0131na, su ve do\u011falgaz tesisatlar\u0131n\u0131n oldu\u011fu b\u00f6l\u00fcmlere olas\u0131 bir tehlike kar\u015f\u0131s\u0131nda korumak i\u00e7in kullan\u0131lan kapaklard\u0131r. \u00dczerinde bulunan \u00fc\u00e7gen(alyan) kilit ile kullan\u0131m\u0131 herkes\u00e7e \u00e7ok kolay ve basit olmaktad\u0131r. Her t\u00fcrl\u00fc \u00f6zel \u00f6l\u00e7\u00fclerde \u00fcretilmektedir. Yang\u0131n y\u00f6netmenli\u011fi kapsam\u0131ndad\u0131r.<br>no-repeat;left top;;<br>auto<br><br><h3>Elektrik \u015eaft Kapaklar\u0131 Nas\u0131l Olu\u015fturulur?<\/h3>\r<br>\r<br>\r<br>\u00a0Elektrik tesisatlar\u0131n\u0131n bulundu\u011fu alanlarda pano ve dolap kapa\u011f\u0131 olarak kullan\u0131lan bu sistemlerde kanat kal\u0131nl\u0131\u011f\u0131 genellikle 60 milimetre ile olu\u015fturulur. Bu kapaklar\u0131n i\u00e7inde \u00f6zel Z takviyeler bulunurken, cephe k\u0131s\u0131mlar\u0131nda \u00f6zel \u0131s\u0131 yal\u0131t\u0131m malzemeleri g\u00f6r\u00fcl\u00fcr. Kapaklar\u0131n kenar k\u0131s\u0131mlar\u0131nda ve \u00e7evrelerinde t\u00fcm g\u00fcvenlik elemanlar\u0131 uygulan\u0131r. Bu uygulamalarda \u00f6nemli olan nokta y\u00f6netmeli\u011fe uygun \u015fekilde sistemin olu\u015fturulmas\u0131d\u0131r.<br>no-repeat;left top;;<br>auto<br><br><h3>\u015eaft Kapaklari<\/h3>\r<br>\r<br>\u00a0 \u015eaft kapaklar yap\u0131larda yang\u0131n kap\u0131s\u0131 kullan\u0131lmas\u0131 gibi tesisat alanlar\u0131nda mutlaka kullan\u0131lmas\u0131 gereken \u00fcr\u00fcnlerdir. Bu \u00fcr\u00fcnlerde ekonomik duruma, yap\u0131n\u0131n \u00f6l\u00e7\u00fclerine ve ihtiya\u00e7lar\u0131 kar\u015f\u0131layacak \u00fcr\u00fcn t\u00fcr\u00fcne g\u00f6re tercih yap\u0131lmal\u0131d\u0131r. Daha merkezi bir noktada \u015faft kapa\u011f\u0131 T\u00fcrkiye&#8217;nin her yan\u0131ndan ula\u015f\u0131labilecek \u015fekilde bir\u00e7ok farkl\u0131 \u00fcr\u00fcn temin edilebilir.<br>no-repeat;left top;;<br>auto<br><br><img decoding=\"async\" src=\"https:\/\/dooraykapi.com\/wp-content\/uploads\/726_original.webp\" alt=\"\" \/><br>full<br><br><\/p>\n","protected":false},"excerpt":{"rendered":"<p>full \u015eAFT KAPAKLARI \u015eaft Kapaklar\u0131 Hangi Alanlarda Kullan\u0131l\u0131r ? \u00a0 Yang\u0131na dayan\u0131kl\u0131 \u015fafk kapaklar\u0131 (m\u00fcdahale kapaklar\u0131) elektrik panolar\u0131na, su ve do\u011falgaz tesisatlar\u0131n\u0131n oldu\u011fu b\u00f6l\u00fcmlere olas\u0131 bir<span class=\"excerpt-hellip\"> [\u2026]<\/span><\/p>\n","protected":false},"author":1,"featured_media":0,"parent":0,"menu_order":0,"comment_status":"closed","ping_status":"closed","template":"","meta":{"_joinchat":[],"footnotes":""},"class_list":["post-886","page","type-page","status-publish","hentry"],"yoast_head":"<!-- This site is optimized with the Yoast SEO Premium plugin v25.2 (Yoast SEO v26.6) - https:\/\/yoast.com\/wordpress\/plugins\/seo\/ -->\n<title>\u015eaft kapaklar - \u015eaft kapaklar\u0131 - Dooray Kap\u0131 Sistemleri<\/title>\n<meta name=\"description\" content=\"\u015eaft kapaklar yap\u0131larda yang\u0131n sistemine kar\u015f\u0131 yang\u0131n kap\u0131lar\u0131 kullan\u0131lmas\u0131 gibi elektriktesisatlar\u0131n\u0131n bulundu\u011fu b\u00f6lgelerde kullan\u0131l\u0131rlar.\" \/>\n<meta name=\"robots\" content=\"index, follow, max-snippet:-1, max-image-preview:large, max-video-preview:-1\" \/>\n<link rel=\"canonical\" href=\"https:\/\/dooraykapi.com\/en\/shaft-covers\/\" \/>\n<meta property=\"og:locale\" content=\"en_US\" \/>\n<meta property=\"og:type\" content=\"article\" \/>\n<meta property=\"og:title\" content=\"Shaft Caps\" \/>\n<meta property=\"og:description\" content=\"\u015eaft kapaklar yap\u0131larda yang\u0131n sistemine kar\u015f\u0131 yang\u0131n kap\u0131lar\u0131 kullan\u0131lmas\u0131 gibi elektriktesisatlar\u0131n\u0131n bulundu\u011fu b\u00f6lgelerde kullan\u0131l\u0131rlar.\" \/>\n<meta property=\"og:url\" content=\"https:\/\/dooraykapi.com\/en\/shaft-covers\/\" \/>\n<meta property=\"og:site_name\" content=\"Dooray Kap\u0131\" \/>\n<meta property=\"article:publisher\" content=\"https:\/\/facebook.com\/dooraykapi\" \/>\n<meta property=\"article:modified_time\" content=\"2023-05-03T16:14:26+00:00\" \/>\n<meta property=\"og:image\" content=\"https:\/\/dooraykapi.com\/wp-content\/uploads\/saft-kapagi-3.png\" \/>\n<meta name=\"twitter:card\" content=\"summary_large_image\" \/>\n<meta name=\"twitter:label1\" content=\"Est. reading time\" \/>\n\t<meta name=\"twitter:data1\" content=\"2 minutes\" \/>\n<script type=\"application\/ld+json\" class=\"yoast-schema-graph\">{\"@context\":\"https:\/\/schema.org\",\"@graph\":[{\"@type\":\"WebPage\",\"@id\":\"https:\/\/dooraykapi.com\/en\/shaft-covers\/\",\"url\":\"https:\/\/dooraykapi.com\/en\/shaft-covers\/\",\"name\":\"\u015eaft kapaklar - \u015eaft kapaklar\u0131 - Dooray Kap\u0131 Sistemleri\",\"isPartOf\":{\"@id\":\"https:\/\/dooraykapi.com\/#website\"},\"primaryImageOfPage\":{\"@id\":\"https:\/\/dooraykapi.com\/en\/shaft-covers\/#primaryimage\"},\"image\":{\"@id\":\"https:\/\/dooraykapi.com\/en\/shaft-covers\/#primaryimage\"},\"thumbnailUrl\":\"https:\/\/dooraykapi.com\/wp-content\/uploads\/saft-kapagi-3.png\",\"datePublished\":\"2022-04-07T16:04:20+00:00\",\"dateModified\":\"2023-05-03T16:14:26+00:00\",\"description\":\"\u015eaft kapaklar yap\u0131larda yang\u0131n sistemine kar\u015f\u0131 yang\u0131n kap\u0131lar\u0131 kullan\u0131lmas\u0131 gibi elektriktesisatlar\u0131n\u0131n bulundu\u011fu b\u00f6lgelerde kullan\u0131l\u0131rlar.\",\"breadcrumb\":{\"@id\":\"https:\/\/dooraykapi.com\/en\/shaft-covers\/#breadcrumb\"},\"inLanguage\":\"en-US\",\"potentialAction\":[{\"@type\":\"ReadAction\",\"target\":[\"https:\/\/dooraykapi.com\/en\/shaft-covers\/\"]}]},{\"@type\":\"ImageObject\",\"inLanguage\":\"en-US\",\"@id\":\"https:\/\/dooraykapi.com\/en\/shaft-covers\/#primaryimage\",\"url\":\"https:\/\/dooraykapi.com\/wp-content\/uploads\/saft-kapagi-3.png\",\"contentUrl\":\"https:\/\/dooraykapi.com\/wp-content\/uploads\/saft-kapagi-3.png\"},{\"@type\":\"BreadcrumbList\",\"@id\":\"https:\/\/dooraykapi.com\/en\/shaft-covers\/#breadcrumb\",\"itemListElement\":[{\"@type\":\"ListItem\",\"position\":1,\"name\":\"Anasayfa\",\"item\":\"https:\/\/dooraykapi.com\/en\/\"},{\"@type\":\"ListItem\",\"position\":2,\"name\":\"Shaft Caps\"}]},{\"@type\":\"WebSite\",\"@id\":\"https:\/\/dooraykapi.com\/#website\",\"url\":\"https:\/\/dooraykapi.com\/\",\"name\":\"Dooray Kap\u0131\",\"description\":\"\u015eehrin Sa\u011flam Kap\u0131s\u0131\",\"publisher\":{\"@id\":\"https:\/\/dooraykapi.com\/#organization\"},\"potentialAction\":[{\"@type\":\"SearchAction\",\"target\":{\"@type\":\"EntryPoint\",\"urlTemplate\":\"https:\/\/dooraykapi.com\/?s={search_term_string}\"},\"query-input\":{\"@type\":\"PropertyValueSpecification\",\"valueRequired\":true,\"valueName\":\"search_term_string\"}}],\"inLanguage\":\"en-US\"},{\"@type\":\"Organization\",\"@id\":\"https:\/\/dooraykapi.com\/#organization\",\"name\":\"Dooray Kap\u0131\",\"url\":\"https:\/\/dooraykapi.com\/\",\"logo\":{\"@type\":\"ImageObject\",\"inLanguage\":\"en-US\",\"@id\":\"https:\/\/dooraykapi.com\/#\/schema\/logo\/image\/\",\"url\":\"https:\/\/dooraykapi.com\/wp-content\/uploads\/Dooray-Kapi-Logo-logoson-kopyasi.png\",\"contentUrl\":\"https:\/\/dooraykapi.com\/wp-content\/uploads\/Dooray-Kapi-Logo-logoson-kopyasi.png\",\"width\":3253,\"height\":731,\"caption\":\"Dooray Kap\u0131\"},\"image\":{\"@id\":\"https:\/\/dooraykapi.com\/#\/schema\/logo\/image\/\"},\"sameAs\":[\"https:\/\/facebook.com\/dooraykapi\"]}]}<\/script>\n<!-- \/ Yoast SEO Premium plugin. -->","yoast_head_json":{"title":"\u015eaft kapaklar - \u015eaft kapaklar\u0131 - Dooray Kap\u0131 Sistemleri","description":"\u015eaft kapaklar yap\u0131larda yang\u0131n sistemine kar\u015f\u0131 yang\u0131n kap\u0131lar\u0131 kullan\u0131lmas\u0131 gibi elektriktesisatlar\u0131n\u0131n bulundu\u011fu b\u00f6lgelerde kullan\u0131l\u0131rlar.","robots":{"index":"index","follow":"follow","max-snippet":"max-snippet:-1","max-image-preview":"max-image-preview:large","max-video-preview":"max-video-preview:-1"},"canonical":"https:\/\/dooraykapi.com\/en\/shaft-covers\/","og_locale":"en_US","og_type":"article","og_title":"Shaft Caps","og_description":"\u015eaft kapaklar yap\u0131larda yang\u0131n sistemine kar\u015f\u0131 yang\u0131n kap\u0131lar\u0131 kullan\u0131lmas\u0131 gibi elektriktesisatlar\u0131n\u0131n bulundu\u011fu b\u00f6lgelerde kullan\u0131l\u0131rlar.","og_url":"https:\/\/dooraykapi.com\/en\/shaft-covers\/","og_site_name":"Dooray Kap\u0131","article_publisher":"https:\/\/facebook.com\/dooraykapi","article_modified_time":"2023-05-03T16:14:26+00:00","og_image":[{"url":"https:\/\/dooraykapi.com\/wp-content\/uploads\/saft-kapagi-3.png","type":"","width":"","height":""}],"twitter_card":"summary_large_image","twitter_misc":{"Est. reading time":"2 minutes"},"schema":{"@context":"https:\/\/schema.org","@graph":[{"@type":"WebPage","@id":"https:\/\/dooraykapi.com\/en\/shaft-covers\/","url":"https:\/\/dooraykapi.com\/en\/shaft-covers\/","name":"\u015eaft kapaklar - \u015eaft kapaklar\u0131 - Dooray Kap\u0131 Sistemleri","isPartOf":{"@id":"https:\/\/dooraykapi.com\/#website"},"primaryImageOfPage":{"@id":"https:\/\/dooraykapi.com\/en\/shaft-covers\/#primaryimage"},"image":{"@id":"https:\/\/dooraykapi.com\/en\/shaft-covers\/#primaryimage"},"thumbnailUrl":"https:\/\/dooraykapi.com\/wp-content\/uploads\/saft-kapagi-3.png","datePublished":"2022-04-07T16:04:20+00:00","dateModified":"2023-05-03T16:14:26+00:00","description":"\u015eaft kapaklar yap\u0131larda yang\u0131n sistemine kar\u015f\u0131 yang\u0131n kap\u0131lar\u0131 kullan\u0131lmas\u0131 gibi elektriktesisatlar\u0131n\u0131n bulundu\u011fu b\u00f6lgelerde kullan\u0131l\u0131rlar.","breadcrumb":{"@id":"https:\/\/dooraykapi.com\/en\/shaft-covers\/#breadcrumb"},"inLanguage":"en-US","potentialAction":[{"@type":"ReadAction","target":["https:\/\/dooraykapi.com\/en\/shaft-covers\/"]}]},{"@type":"ImageObject","inLanguage":"en-US","@id":"https:\/\/dooraykapi.com\/en\/shaft-covers\/#primaryimage","url":"https:\/\/dooraykapi.com\/wp-content\/uploads\/saft-kapagi-3.png","contentUrl":"https:\/\/dooraykapi.com\/wp-content\/uploads\/saft-kapagi-3.png"},{"@type":"BreadcrumbList","@id":"https:\/\/dooraykapi.com\/en\/shaft-covers\/#breadcrumb","itemListElement":[{"@type":"ListItem","position":1,"name":"Anasayfa","item":"https:\/\/dooraykapi.com\/en\/"},{"@type":"ListItem","position":2,"name":"Shaft Caps"}]},{"@type":"WebSite","@id":"https:\/\/dooraykapi.com\/#website","url":"https:\/\/dooraykapi.com\/","name":"Dooray Kap\u0131","description":"\u015eehrin Sa\u011flam Kap\u0131s\u0131","publisher":{"@id":"https:\/\/dooraykapi.com\/#organization"},"potentialAction":[{"@type":"SearchAction","target":{"@type":"EntryPoint","urlTemplate":"https:\/\/dooraykapi.com\/?s={search_term_string}"},"query-input":{"@type":"PropertyValueSpecification","valueRequired":true,"valueName":"search_term_string"}}],"inLanguage":"en-US"},{"@type":"Organization","@id":"https:\/\/dooraykapi.com\/#organization","name":"Dooray Kap\u0131","url":"https:\/\/dooraykapi.com\/","logo":{"@type":"ImageObject","inLanguage":"en-US","@id":"https:\/\/dooraykapi.com\/#\/schema\/logo\/image\/","url":"https:\/\/dooraykapi.com\/wp-content\/uploads\/Dooray-Kapi-Logo-logoson-kopyasi.png","contentUrl":"https:\/\/dooraykapi.com\/wp-content\/uploads\/Dooray-Kapi-Logo-logoson-kopyasi.png","width":3253,"height":731,"caption":"Dooray Kap\u0131"},"image":{"@id":"https:\/\/dooraykapi.com\/#\/schema\/logo\/image\/"},"sameAs":["https:\/\/facebook.com\/dooraykapi"]}]}},"_links":{"self":[{"href":"https:\/\/dooraykapi.com\/en\/wp-json\/wp\/v2\/pages\/886","targetHints":{"allow":["GET"]}}],"collection":[{"href":"https:\/\/dooraykapi.com\/en\/wp-json\/wp\/v2\/pages"}],"about":[{"href":"https:\/\/dooraykapi.com\/en\/wp-json\/wp\/v2\/types\/page"}],"author":[{"embeddable":true,"href":"https:\/\/dooraykapi.com\/en\/wp-json\/wp\/v2\/users\/1"}],"replies":[{"embeddable":true,"href":"https:\/\/dooraykapi.com\/en\/wp-json\/wp\/v2\/comments?post=886"}],"version-history":[{"count":0,"href":"https:\/\/dooraykapi.com\/en\/wp-json\/wp\/v2\/pages\/886\/revisions"}],"wp:attachment":[{"href":"https:\/\/dooraykapi.com\/en\/wp-json\/wp\/v2\/media?parent=886"}],"curies":[{"name":"wp","href":"https:\/\/api.w.org\/{rel}","templated":true}]}}