{"id":888,"date":"2022-04-25T17:52:05","date_gmt":"2022-04-25T14:52:05","guid":{"rendered":"https:\/\/dooraykapi.com\/sistem-odasi-kapisi\/"},"modified":"2022-10-25T09:12:02","modified_gmt":"2022-10-25T06:12:02","slug":"system-room-door","status":"publish","type":"page","link":"https:\/\/dooraykapi.com\/en\/system-room-door\/","title":{"rendered":"System Room Door"},"content":{"rendered":"","protected":false},"excerpt":{"rendered":"","protected":false},"author":1,"featured_media":0,"parent":0,"menu_order":0,"comment_status":"closed","ping_status":"closed","template":"","meta":{"_joinchat":[],"footnotes":""},"class_list":["post-888","page","type-page","status-publish","hentry"],"yoast_head":"<!-- This site is optimized with the Yoast SEO Premium plugin v25.2 (Yoast SEO v26.6) - https:\/\/yoast.com\/wordpress\/plugins\/seo\/ -->\n<title>Dooray Kap\u0131 Yang\u0131n ve Metal Kap\u0131 Sistemleri | Sistem Odas\u0131 Kap\u0131s\u0131<\/title>\n<meta name=\"description\" content=\"Sistem odas\u0131 kap\u0131s\u0131 binalarda elektronik ara\u00e7lar\u0131n y\u00f6netim panellerinin bulundu\u011fu odalarda yang\u0131n kap\u0131s\u0131 olarak kullan\u0131l\u0131r.\" \/>\n<meta name=\"robots\" content=\"index, follow, max-snippet:-1, max-image-preview:large, max-video-preview:-1\" \/>\n<link rel=\"canonical\" href=\"https:\/\/dooraykapi.com\/en\/system-room-door\/\" \/>\n<meta property=\"og:locale\" content=\"en_US\" \/>\n<meta property=\"og:type\" content=\"article\" \/>\n<meta property=\"og:title\" content=\"System Room Door\" \/>\n<meta property=\"og:description\" content=\"Sistem odas\u0131 kap\u0131s\u0131 binalarda elektronik ara\u00e7lar\u0131n y\u00f6netim panellerinin bulundu\u011fu odalarda yang\u0131n kap\u0131s\u0131 olarak kullan\u0131l\u0131r.\" \/>\n<meta property=\"og:url\" content=\"https:\/\/dooraykapi.com\/en\/system-room-door\/\" \/>\n<meta property=\"og:site_name\" content=\"Dooray Kap\u0131\" \/>\n<meta property=\"article:publisher\" content=\"https:\/\/facebook.com\/dooraykapi\" \/>\n<meta property=\"article:modified_time\" content=\"2022-10-25T06:12:02+00:00\" \/>\n<meta name=\"twitter:card\" content=\"summary_large_image\" \/>\n<script type=\"application\/ld+json\" class=\"yoast-schema-graph\">{\"@context\":\"https:\/\/schema.org\",\"@graph\":[{\"@type\":\"WebPage\",\"@id\":\"https:\/\/dooraykapi.com\/en\/system-room-door\/\",\"url\":\"https:\/\/dooraykapi.com\/en\/system-room-door\/\",\"name\":\"Dooray Kap\u0131 Yang\u0131n ve Metal Kap\u0131 Sistemleri | Sistem Odas\u0131 Kap\u0131s\u0131\",\"isPartOf\":{\"@id\":\"https:\/\/dooraykapi.com\/#website\"},\"datePublished\":\"2022-04-25T14:52:05+00:00\",\"dateModified\":\"2022-10-25T06:12:02+00:00\",\"description\":\"Sistem odas\u0131 kap\u0131s\u0131 binalarda elektronik ara\u00e7lar\u0131n y\u00f6netim panellerinin bulundu\u011fu odalarda yang\u0131n kap\u0131s\u0131 olarak kullan\u0131l\u0131r.\",\"breadcrumb\":{\"@id\":\"https:\/\/dooraykapi.com\/en\/system-room-door\/#breadcrumb\"},\"inLanguage\":\"en-US\",\"potentialAction\":[{\"@type\":\"ReadAction\",\"target\":[\"https:\/\/dooraykapi.com\/en\/system-room-door\/\"]}]},{\"@type\":\"BreadcrumbList\",\"@id\":\"https:\/\/dooraykapi.com\/en\/system-room-door\/#breadcrumb\",\"itemListElement\":[{\"@type\":\"ListItem\",\"position\":1,\"name\":\"Anasayfa\",\"item\":\"https:\/\/dooraykapi.com\/en\/\"},{\"@type\":\"ListItem\",\"position\":2,\"name\":\"System Room Door\"}]},{\"@type\":\"WebSite\",\"@id\":\"https:\/\/dooraykapi.com\/#website\",\"url\":\"https:\/\/dooraykapi.com\/\",\"name\":\"Dooray Kap\u0131\",\"description\":\"\u015eehrin Sa\u011flam Kap\u0131s\u0131\",\"publisher\":{\"@id\":\"https:\/\/dooraykapi.com\/#organization\"},\"potentialAction\":[{\"@type\":\"SearchAction\",\"target\":{\"@type\":\"EntryPoint\",\"urlTemplate\":\"https:\/\/dooraykapi.com\/?s={search_term_string}\"},\"query-input\":{\"@type\":\"PropertyValueSpecification\",\"valueRequired\":true,\"valueName\":\"search_term_string\"}}],\"inLanguage\":\"en-US\"},{\"@type\":\"Organization\",\"@id\":\"https:\/\/dooraykapi.com\/#organization\",\"name\":\"Dooray Kap\u0131\",\"url\":\"https:\/\/dooraykapi.com\/\",\"logo\":{\"@type\":\"ImageObject\",\"inLanguage\":\"en-US\",\"@id\":\"https:\/\/dooraykapi.com\/#\/schema\/logo\/image\/\",\"url\":\"https:\/\/dooraykapi.com\/wp-content\/uploads\/Dooray-Kapi-Logo-logoson-kopyasi.png\",\"contentUrl\":\"https:\/\/dooraykapi.com\/wp-content\/uploads\/Dooray-Kapi-Logo-logoson-kopyasi.png\",\"width\":3253,\"height\":731,\"caption\":\"Dooray Kap\u0131\"},\"image\":{\"@id\":\"https:\/\/dooraykapi.com\/#\/schema\/logo\/image\/\"},\"sameAs\":[\"https:\/\/facebook.com\/dooraykapi\"]}]}<\/script>\n<!-- \/ Yoast SEO Premium plugin. -->","yoast_head_json":{"title":"Dooray Kap\u0131 Yang\u0131n ve Metal Kap\u0131 Sistemleri | Sistem Odas\u0131 Kap\u0131s\u0131","description":"Sistem odas\u0131 kap\u0131s\u0131 binalarda elektronik ara\u00e7lar\u0131n y\u00f6netim panellerinin bulundu\u011fu odalarda yang\u0131n kap\u0131s\u0131 olarak kullan\u0131l\u0131r.","robots":{"index":"index","follow":"follow","max-snippet":"max-snippet:-1","max-image-preview":"max-image-preview:large","max-video-preview":"max-video-preview:-1"},"canonical":"https:\/\/dooraykapi.com\/en\/system-room-door\/","og_locale":"en_US","og_type":"article","og_title":"System Room Door","og_description":"Sistem odas\u0131 kap\u0131s\u0131 binalarda elektronik ara\u00e7lar\u0131n y\u00f6netim panellerinin bulundu\u011fu odalarda yang\u0131n kap\u0131s\u0131 olarak kullan\u0131l\u0131r.","og_url":"https:\/\/dooraykapi.com\/en\/system-room-door\/","og_site_name":"Dooray Kap\u0131","article_publisher":"https:\/\/facebook.com\/dooraykapi","article_modified_time":"2022-10-25T06:12:02+00:00","twitter_card":"summary_large_image","schema":{"@context":"https:\/\/schema.org","@graph":[{"@type":"WebPage","@id":"https:\/\/dooraykapi.com\/en\/system-room-door\/","url":"https:\/\/dooraykapi.com\/en\/system-room-door\/","name":"Dooray Kap\u0131 Yang\u0131n ve Metal Kap\u0131 Sistemleri | Sistem Odas\u0131 Kap\u0131s\u0131","isPartOf":{"@id":"https:\/\/dooraykapi.com\/#website"},"datePublished":"2022-04-25T14:52:05+00:00","dateModified":"2022-10-25T06:12:02+00:00","description":"Sistem odas\u0131 kap\u0131s\u0131 binalarda elektronik ara\u00e7lar\u0131n y\u00f6netim panellerinin bulundu\u011fu odalarda yang\u0131n kap\u0131s\u0131 olarak kullan\u0131l\u0131r.","breadcrumb":{"@id":"https:\/\/dooraykapi.com\/en\/system-room-door\/#breadcrumb"},"inLanguage":"en-US","potentialAction":[{"@type":"ReadAction","target":["https:\/\/dooraykapi.com\/en\/system-room-door\/"]}]},{"@type":"BreadcrumbList","@id":"https:\/\/dooraykapi.com\/en\/system-room-door\/#breadcrumb","itemListElement":[{"@type":"ListItem","position":1,"name":"Anasayfa","item":"https:\/\/dooraykapi.com\/en\/"},{"@type":"ListItem","position":2,"name":"System Room Door"}]},{"@type":"WebSite","@id":"https:\/\/dooraykapi.com\/#website","url":"https:\/\/dooraykapi.com\/","name":"Dooray Kap\u0131","description":"\u015eehrin Sa\u011flam Kap\u0131s\u0131","publisher":{"@id":"https:\/\/dooraykapi.com\/#organization"},"potentialAction":[{"@type":"SearchAction","target":{"@type":"EntryPoint","urlTemplate":"https:\/\/dooraykapi.com\/?s={search_term_string}"},"query-input":{"@type":"PropertyValueSpecification","valueRequired":true,"valueName":"search_term_string"}}],"inLanguage":"en-US"},{"@type":"Organization","@id":"https:\/\/dooraykapi.com\/#organization","name":"Dooray Kap\u0131","url":"https:\/\/dooraykapi.com\/","logo":{"@type":"ImageObject","inLanguage":"en-US","@id":"https:\/\/dooraykapi.com\/#\/schema\/logo\/image\/","url":"https:\/\/dooraykapi.com\/wp-content\/uploads\/Dooray-Kapi-Logo-logoson-kopyasi.png","contentUrl":"https:\/\/dooraykapi.com\/wp-content\/uploads\/Dooray-Kapi-Logo-logoson-kopyasi.png","width":3253,"height":731,"caption":"Dooray Kap\u0131"},"image":{"@id":"https:\/\/dooraykapi.com\/#\/schema\/logo\/image\/"},"sameAs":["https:\/\/facebook.com\/dooraykapi"]}]}},"_links":{"self":[{"href":"https:\/\/dooraykapi.com\/en\/wp-json\/wp\/v2\/pages\/888","targetHints":{"allow":["GET"]}}],"collection":[{"href":"https:\/\/dooraykapi.com\/en\/wp-json\/wp\/v2\/pages"}],"about":[{"href":"https:\/\/dooraykapi.com\/en\/wp-json\/wp\/v2\/types\/page"}],"author":[{"embeddable":true,"href":"https:\/\/dooraykapi.com\/en\/wp-json\/wp\/v2\/users\/1"}],"replies":[{"embeddable":true,"href":"https:\/\/dooraykapi.com\/en\/wp-json\/wp\/v2\/comments?post=888"}],"version-history":[{"count":0,"href":"https:\/\/dooraykapi.com\/en\/wp-json\/wp\/v2\/pages\/888\/revisions"}],"wp:attachment":[{"href":"https:\/\/dooraykapi.com\/en\/wp-json\/wp\/v2\/media?parent=888"}],"curies":[{"name":"wp","href":"https:\/\/api.w.org\/{rel}","templated":true}]}}