{"id":889,"date":"2022-04-07T19:01:17","date_gmt":"2022-04-07T16:01:17","guid":{"rendered":"https:\/\/dooraykapi.com\/tek-kanat-yangin-kapisi\/"},"modified":"2022-10-24T13:50:33","modified_gmt":"2022-10-24T10:50:33","slug":"single-leaf-fire-door","status":"publish","type":"page","link":"https:\/\/dooraykapi.com\/en\/single-leaf-fire-door\/","title":{"rendered":"SINGLE-LEAF FIRE DOOR"},"content":{"rendered":"\n\n\n<p><\/p>\n\n\n\n<p><p><img decoding=\"async\" src=\"https:\/\/dooraykapi.com\/wp-content\/uploads\/yangin-tek-kanat-1.png\" alt=\"\"><br>full<br><br><\/p><h1>TEK KANAT YANGIN KAPISI<\/h1>\n<br>\n<br>\n<br><h3>Tek Kanatl\u0131 Yang\u0131n Kap\u0131s\u0131 Nerelerde Kullan\u0131l\u0131r?<\/h3>\n<br>\n<br>\n<br>Tek kanatl\u0131 yang\u0131na dayan\u0131kl\u0131 kap\u0131 ve yang\u0131n ka\u00e7\u0131\u015f kap\u0131lar\u0131 olarak hemen hemen her t\u00fcrl\u00fc yap\u0131larda kullan\u0131lmaktad\u0131r. \n<br> Standart \u00f6l\u00e7\u00fcler genel olarak 90&#215;210 ve 100&#215;210 \u015feklinde \u00fcretilmekle birlikte \u00f6zel \u00f6l\u00e7\u00fc ve \u00f6zel renk imalatlar\u0131 taraf\u0131m\u0131zdan yap\u0131lmaktad\u0131r. Tek kanatl\u0131 Yang\u0131n Kap\u0131lar\u0131 i\u00e7eriden d\u0131\u015far\u0131 sa\u011f ve sol y\u00f6n olarak a\u00e7\u0131labilmektedir.<br>no-repeat;left top;;<br>auto<br><br><h3>Tek Kanatl\u0131 Yang\u0131n Kap\u0131s\u0131 Cam Menfezli<\/h3>\n<br>\n<br>Yang\u0131n durumunda i\u00e7 k\u0131sm\u0131n daha rahat bir \u015fekilde\n<br>g\u00f6r\u00fclebilmesi i\u00e7in cam menfez bulunan tek kanatl\u0131 kap\u0131lar kullan\u0131labilir.\n<br>Ayr\u0131ca bu kap\u0131larda menfez bulundu\u011fu i\u00e7in yang\u0131n d\u0131\u015f\u0131ndaki zamanlarda da\n<br>havaland\u0131rma sa\u011flanabilir.<br>no-repeat;left top;;<br>auto<br><br><h3>Tek Kanatl\u0131 Yang\u0131n Kap\u0131s\u0131 Yang\u0131na Dayan\u0131kl\u0131<\/h3>\n<br>\n<br>\n<br>Tek kanatl\u0131 yang\u0131n kap\u0131s\u0131 yang\u0131na dayan\u0131kl\u0131 bir \u00f6zellik g\u00f6sterebilir. \u00c7\u00fcnk\u00fc \u00fcretim standartlar\u0131na g\u00f6re tek kanatl\u0131 30 dakikadan 120 dakikaya kadar aleve dayan\u0131kl\u0131l\u0131k s\u00fcresi gerekir. Bina t\u00fcr\u00fcne ve kullan\u0131m yo\u011funlu\u011funa g\u00f6re bu aleve dayan\u0131kl\u0131l\u0131k s\u00fcresi belirlenebilir.<br>no-repeat;left top;;<br>auto<br><br><h3>Tek Kanatl\u0131 Yang\u0131n Kap\u0131s\u0131 Panik Barl\u0131<\/h3>\n<br>\n<br>\n<br>Tek kanatl\u0131 kap\u0131&#8217;larda \u00e7ok daha kolay bir kullan\u0131m ve pratik a\u00e7\u0131lma sistemi i\u00e7in panik bar tercih edilebilir. Panik bar kap\u0131s\u0131&#8217;n\u0131n iki taraf\u0131 aras\u0131nda uzanan bir kol olmak \u00fczere bast\u0131r\u0131lmak y\u00f6ntemi ile rahatl\u0131kla a\u00e7\u0131labilir. \u00d6zellikle yang\u0131n anlar\u0131nda panik ile daha rahat kap\u0131y\u0131 a\u00e7abilmek i\u00e7in tercih edilir.<br>no-repeat;left top;;<br>auto<br><br><h3>Tek Kanatl\u0131 Yang\u0131n Kap\u0131s\u0131 Sertifikal\u0131<\/h3>\n<br>\n<br>\u00d6zel bir \u015fekilde sertifikal\u0131 \u00fcretim ger\u00e7ekle\u015ftiren ve\n<br>tamamen standartlara uygun bir \u015fekilde \u00fcretim sa\u011flayan firmalar tercih edilmelidir.\n<br>\u00dcretti\u011fimiz kap\u0131lar\u0131n hepsi TSE ve Yang\u0131na dayan\u0131kl\u0131l\u0131k sertifikalar\u0131 bulunmaktad\u0131r.<br>no-repeat;left top;;<br>auto<br><br><img decoding=\"async\" src=\"https:\/\/dooraykapi.com\/wp-content\/uploads\/tek-kanat-2-kopya-kopya.png\" alt=\"tek-kanat-2 kopya kopya\"><br>full<br><br><img decoding=\"async\" src=\"https:\/\/dooraykapi.com\/wp-content\/uploads\/kare-camli-kapi.png\" alt=\"kare-camli-kapi\"><br>full<br><br><\/p>\n","protected":false},"excerpt":{"rendered":"<p>full TEK KANAT YANGIN KAPISI Tek Kanatl\u0131 Yang\u0131n Kap\u0131s\u0131 Nerelerde Kullan\u0131l\u0131r? Tek kanatl\u0131 yang\u0131na dayan\u0131kl\u0131 kap\u0131 ve yang\u0131n ka\u00e7\u0131\u015f kap\u0131lar\u0131 olarak hemen hemen her t\u00fcrl\u00fc yap\u0131larda<span class=\"excerpt-hellip\"> [\u2026]<\/span><\/p>\n","protected":false},"author":1,"featured_media":0,"parent":0,"menu_order":0,"comment_status":"closed","ping_status":"closed","template":"","meta":{"_joinchat":[],"footnotes":""},"class_list":["post-889","page","type-page","status-publish","hentry"],"yoast_head":"<!-- This site is optimized with the Yoast SEO Premium plugin v25.2 (Yoast SEO v26.6) - https:\/\/yoast.com\/wordpress\/plugins\/seo\/ -->\n<title>Dooray Yang\u0131n Kap\u0131 Sistemleri | Tek Kanatl\u0131 Yang\u0131n Kap\u0131s\u0131<\/title>\n<meta name=\"description\" content=\"Tek Kanatl\u0131 Yang\u0131n Kap\u0131s\u0131 genellikle \u00e7\u0131k\u0131\u015f koridorunun dar oldu\u011fu alanlarda kullan\u0131l\u0131r. Tek Kanatl\u0131 Kap\u0131lar sa\u011fa veya sola d\u00f6n\u00fck a\u00e7\u0131l\u0131r.\" \/>\n<meta name=\"robots\" content=\"index, follow, max-snippet:-1, max-image-preview:large, max-video-preview:-1\" \/>\n<link rel=\"canonical\" href=\"https:\/\/dooraykapi.com\/en\/single-leaf-fire-door\/\" \/>\n<meta property=\"og:locale\" content=\"en_US\" \/>\n<meta property=\"og:type\" content=\"article\" \/>\n<meta property=\"og:title\" content=\"SINGLE-LEAF FIRE DOOR\" \/>\n<meta property=\"og:description\" content=\"Tek Kanatl\u0131 Yang\u0131n Kap\u0131s\u0131 genellikle \u00e7\u0131k\u0131\u015f koridorunun dar oldu\u011fu alanlarda kullan\u0131l\u0131r. Tek Kanatl\u0131 Kap\u0131lar sa\u011fa veya sola d\u00f6n\u00fck a\u00e7\u0131l\u0131r.\" \/>\n<meta property=\"og:url\" content=\"https:\/\/dooraykapi.com\/en\/single-leaf-fire-door\/\" \/>\n<meta property=\"og:site_name\" content=\"Dooray Kap\u0131\" \/>\n<meta property=\"article:publisher\" content=\"https:\/\/facebook.com\/dooraykapi\" \/>\n<meta property=\"article:modified_time\" content=\"2022-10-24T10:50:33+00:00\" \/>\n<meta property=\"og:image\" content=\"https:\/\/dooraykapi.com\/wp-content\/uploads\/yangin-tek-kanat-1.png\" \/>\n<meta name=\"twitter:card\" content=\"summary_large_image\" \/>\n<meta name=\"twitter:label1\" content=\"Est. reading time\" \/>\n\t<meta name=\"twitter:data1\" content=\"2 minutes\" \/>\n<script type=\"application\/ld+json\" class=\"yoast-schema-graph\">{\"@context\":\"https:\/\/schema.org\",\"@graph\":[{\"@type\":\"WebPage\",\"@id\":\"https:\/\/dooraykapi.com\/en\/single-leaf-fire-door\/\",\"url\":\"https:\/\/dooraykapi.com\/en\/single-leaf-fire-door\/\",\"name\":\"Dooray Yang\u0131n Kap\u0131 Sistemleri | Tek Kanatl\u0131 Yang\u0131n Kap\u0131s\u0131\",\"isPartOf\":{\"@id\":\"https:\/\/dooraykapi.com\/#website\"},\"primaryImageOfPage\":{\"@id\":\"https:\/\/dooraykapi.com\/en\/single-leaf-fire-door\/#primaryimage\"},\"image\":{\"@id\":\"https:\/\/dooraykapi.com\/en\/single-leaf-fire-door\/#primaryimage\"},\"thumbnailUrl\":\"https:\/\/dooraykapi.com\/wp-content\/uploads\/yangin-tek-kanat-1.png\",\"datePublished\":\"2022-04-07T16:01:17+00:00\",\"dateModified\":\"2022-10-24T10:50:33+00:00\",\"description\":\"Tek Kanatl\u0131 Yang\u0131n Kap\u0131s\u0131 genellikle \u00e7\u0131k\u0131\u015f koridorunun dar oldu\u011fu alanlarda kullan\u0131l\u0131r. Tek Kanatl\u0131 Kap\u0131lar sa\u011fa veya sola d\u00f6n\u00fck a\u00e7\u0131l\u0131r.\",\"breadcrumb\":{\"@id\":\"https:\/\/dooraykapi.com\/en\/single-leaf-fire-door\/#breadcrumb\"},\"inLanguage\":\"en-US\",\"potentialAction\":[{\"@type\":\"ReadAction\",\"target\":[\"https:\/\/dooraykapi.com\/en\/single-leaf-fire-door\/\"]}]},{\"@type\":\"ImageObject\",\"inLanguage\":\"en-US\",\"@id\":\"https:\/\/dooraykapi.com\/en\/single-leaf-fire-door\/#primaryimage\",\"url\":\"https:\/\/dooraykapi.com\/wp-content\/uploads\/yangin-tek-kanat-1.png\",\"contentUrl\":\"https:\/\/dooraykapi.com\/wp-content\/uploads\/yangin-tek-kanat-1.png\"},{\"@type\":\"BreadcrumbList\",\"@id\":\"https:\/\/dooraykapi.com\/en\/single-leaf-fire-door\/#breadcrumb\",\"itemListElement\":[{\"@type\":\"ListItem\",\"position\":1,\"name\":\"Anasayfa\",\"item\":\"https:\/\/dooraykapi.com\/en\/\"},{\"@type\":\"ListItem\",\"position\":2,\"name\":\"SINGLE-LEAF FIRE DOOR\"}]},{\"@type\":\"WebSite\",\"@id\":\"https:\/\/dooraykapi.com\/#website\",\"url\":\"https:\/\/dooraykapi.com\/\",\"name\":\"Dooray Kap\u0131\",\"description\":\"\u015eehrin Sa\u011flam Kap\u0131s\u0131\",\"publisher\":{\"@id\":\"https:\/\/dooraykapi.com\/#organization\"},\"potentialAction\":[{\"@type\":\"SearchAction\",\"target\":{\"@type\":\"EntryPoint\",\"urlTemplate\":\"https:\/\/dooraykapi.com\/?s={search_term_string}\"},\"query-input\":{\"@type\":\"PropertyValueSpecification\",\"valueRequired\":true,\"valueName\":\"search_term_string\"}}],\"inLanguage\":\"en-US\"},{\"@type\":\"Organization\",\"@id\":\"https:\/\/dooraykapi.com\/#organization\",\"name\":\"Dooray Kap\u0131\",\"url\":\"https:\/\/dooraykapi.com\/\",\"logo\":{\"@type\":\"ImageObject\",\"inLanguage\":\"en-US\",\"@id\":\"https:\/\/dooraykapi.com\/#\/schema\/logo\/image\/\",\"url\":\"https:\/\/dooraykapi.com\/wp-content\/uploads\/Dooray-Kapi-Logo-logoson-kopyasi.png\",\"contentUrl\":\"https:\/\/dooraykapi.com\/wp-content\/uploads\/Dooray-Kapi-Logo-logoson-kopyasi.png\",\"width\":3253,\"height\":731,\"caption\":\"Dooray Kap\u0131\"},\"image\":{\"@id\":\"https:\/\/dooraykapi.com\/#\/schema\/logo\/image\/\"},\"sameAs\":[\"https:\/\/facebook.com\/dooraykapi\"]}]}<\/script>\n<!-- \/ Yoast SEO Premium plugin. -->","yoast_head_json":{"title":"Dooray Yang\u0131n Kap\u0131 Sistemleri | Tek Kanatl\u0131 Yang\u0131n Kap\u0131s\u0131","description":"Tek Kanatl\u0131 Yang\u0131n Kap\u0131s\u0131 genellikle \u00e7\u0131k\u0131\u015f koridorunun dar oldu\u011fu alanlarda kullan\u0131l\u0131r. Tek Kanatl\u0131 Kap\u0131lar sa\u011fa veya sola d\u00f6n\u00fck a\u00e7\u0131l\u0131r.","robots":{"index":"index","follow":"follow","max-snippet":"max-snippet:-1","max-image-preview":"max-image-preview:large","max-video-preview":"max-video-preview:-1"},"canonical":"https:\/\/dooraykapi.com\/en\/single-leaf-fire-door\/","og_locale":"en_US","og_type":"article","og_title":"SINGLE-LEAF FIRE DOOR","og_description":"Tek Kanatl\u0131 Yang\u0131n Kap\u0131s\u0131 genellikle \u00e7\u0131k\u0131\u015f koridorunun dar oldu\u011fu alanlarda kullan\u0131l\u0131r. Tek Kanatl\u0131 Kap\u0131lar sa\u011fa veya sola d\u00f6n\u00fck a\u00e7\u0131l\u0131r.","og_url":"https:\/\/dooraykapi.com\/en\/single-leaf-fire-door\/","og_site_name":"Dooray Kap\u0131","article_publisher":"https:\/\/facebook.com\/dooraykapi","article_modified_time":"2022-10-24T10:50:33+00:00","og_image":[{"url":"https:\/\/dooraykapi.com\/wp-content\/uploads\/yangin-tek-kanat-1.png","type":"","width":"","height":""}],"twitter_card":"summary_large_image","twitter_misc":{"Est. reading time":"2 minutes"},"schema":{"@context":"https:\/\/schema.org","@graph":[{"@type":"WebPage","@id":"https:\/\/dooraykapi.com\/en\/single-leaf-fire-door\/","url":"https:\/\/dooraykapi.com\/en\/single-leaf-fire-door\/","name":"Dooray Yang\u0131n Kap\u0131 Sistemleri | Tek Kanatl\u0131 Yang\u0131n Kap\u0131s\u0131","isPartOf":{"@id":"https:\/\/dooraykapi.com\/#website"},"primaryImageOfPage":{"@id":"https:\/\/dooraykapi.com\/en\/single-leaf-fire-door\/#primaryimage"},"image":{"@id":"https:\/\/dooraykapi.com\/en\/single-leaf-fire-door\/#primaryimage"},"thumbnailUrl":"https:\/\/dooraykapi.com\/wp-content\/uploads\/yangin-tek-kanat-1.png","datePublished":"2022-04-07T16:01:17+00:00","dateModified":"2022-10-24T10:50:33+00:00","description":"Tek Kanatl\u0131 Yang\u0131n Kap\u0131s\u0131 genellikle \u00e7\u0131k\u0131\u015f koridorunun dar oldu\u011fu alanlarda kullan\u0131l\u0131r. Tek Kanatl\u0131 Kap\u0131lar sa\u011fa veya sola d\u00f6n\u00fck a\u00e7\u0131l\u0131r.","breadcrumb":{"@id":"https:\/\/dooraykapi.com\/en\/single-leaf-fire-door\/#breadcrumb"},"inLanguage":"en-US","potentialAction":[{"@type":"ReadAction","target":["https:\/\/dooraykapi.com\/en\/single-leaf-fire-door\/"]}]},{"@type":"ImageObject","inLanguage":"en-US","@id":"https:\/\/dooraykapi.com\/en\/single-leaf-fire-door\/#primaryimage","url":"https:\/\/dooraykapi.com\/wp-content\/uploads\/yangin-tek-kanat-1.png","contentUrl":"https:\/\/dooraykapi.com\/wp-content\/uploads\/yangin-tek-kanat-1.png"},{"@type":"BreadcrumbList","@id":"https:\/\/dooraykapi.com\/en\/single-leaf-fire-door\/#breadcrumb","itemListElement":[{"@type":"ListItem","position":1,"name":"Anasayfa","item":"https:\/\/dooraykapi.com\/en\/"},{"@type":"ListItem","position":2,"name":"SINGLE-LEAF FIRE DOOR"}]},{"@type":"WebSite","@id":"https:\/\/dooraykapi.com\/#website","url":"https:\/\/dooraykapi.com\/","name":"Dooray Kap\u0131","description":"\u015eehrin Sa\u011flam Kap\u0131s\u0131","publisher":{"@id":"https:\/\/dooraykapi.com\/#organization"},"potentialAction":[{"@type":"SearchAction","target":{"@type":"EntryPoint","urlTemplate":"https:\/\/dooraykapi.com\/?s={search_term_string}"},"query-input":{"@type":"PropertyValueSpecification","valueRequired":true,"valueName":"search_term_string"}}],"inLanguage":"en-US"},{"@type":"Organization","@id":"https:\/\/dooraykapi.com\/#organization","name":"Dooray Kap\u0131","url":"https:\/\/dooraykapi.com\/","logo":{"@type":"ImageObject","inLanguage":"en-US","@id":"https:\/\/dooraykapi.com\/#\/schema\/logo\/image\/","url":"https:\/\/dooraykapi.com\/wp-content\/uploads\/Dooray-Kapi-Logo-logoson-kopyasi.png","contentUrl":"https:\/\/dooraykapi.com\/wp-content\/uploads\/Dooray-Kapi-Logo-logoson-kopyasi.png","width":3253,"height":731,"caption":"Dooray Kap\u0131"},"image":{"@id":"https:\/\/dooraykapi.com\/#\/schema\/logo\/image\/"},"sameAs":["https:\/\/facebook.com\/dooraykapi"]}]}},"_links":{"self":[{"href":"https:\/\/dooraykapi.com\/en\/wp-json\/wp\/v2\/pages\/889","targetHints":{"allow":["GET"]}}],"collection":[{"href":"https:\/\/dooraykapi.com\/en\/wp-json\/wp\/v2\/pages"}],"about":[{"href":"https:\/\/dooraykapi.com\/en\/wp-json\/wp\/v2\/types\/page"}],"author":[{"embeddable":true,"href":"https:\/\/dooraykapi.com\/en\/wp-json\/wp\/v2\/users\/1"}],"replies":[{"embeddable":true,"href":"https:\/\/dooraykapi.com\/en\/wp-json\/wp\/v2\/comments?post=889"}],"version-history":[{"count":0,"href":"https:\/\/dooraykapi.com\/en\/wp-json\/wp\/v2\/pages\/889\/revisions"}],"wp:attachment":[{"href":"https:\/\/dooraykapi.com\/en\/wp-json\/wp\/v2\/media?parent=889"}],"curies":[{"name":"wp","href":"https:\/\/api.w.org\/{rel}","templated":true}]}}